{"id":2215,"date":"2021-07-13T08:07:53","date_gmt":"2021-07-13T08:07:53","guid":{"rendered":"https:\/\/lionsclubpalma.com\/monatsbericht-juni-2021\/"},"modified":"2021-07-27T16:04:46","modified_gmt":"2021-07-27T16:04:46","slug":"informe-de-situacion-de-junio-de-2021","status":"publish","type":"page","link":"https:\/\/lionsclubpalma.com\/es\/comida-para-todos\/informe-de-situacion-de-junio-de-2021\/","title":{"rendered":"Informe de situaci\u00f3n de junio de 2021"},"content":{"rendered":"\t\t<div data-elementor-type=\"wp-page\" data-elementor-id=\"2215\" class=\"elementor elementor-2215 elementor-2130\" data-elementor-post-type=\"page\">\n\t\t\t\t\t\t<section class=\"elementor-section elementor-top-section elementor-element elementor-element-17d59fe elementor-section-boxed elementor-section-height-default elementor-section-height-default\" data-id=\"17d59fe\" data-element_type=\"section\" data-e-type=\"section\">\n\t\t\t\t\t\t<div class=\"elementor-container elementor-column-gap-default\">\n\t\t\t\t\t<div class=\"elementor-column elementor-col-100 elementor-top-column elementor-element elementor-element-20af18f\" data-id=\"20af18f\" data-element_type=\"column\" data-e-type=\"column\" data-settings=\"{&quot;background_background&quot;:&quot;classic&quot;}\">\n\t\t\t<div class=\"elementor-widget-wrap elementor-element-populated\">\n\t\t\t\t\t\t<div class=\"elementor-element elementor-element-bc71771 elementor-widget elementor-widget-text-editor\" data-id=\"bc71771\" data-element_type=\"widget\" data-e-type=\"widget\" data-widget_type=\"text-editor.default\">\n\t\t\t\t<div class=\"elementor-widget-container\">\n\t\t\t\t\t\t\t\t\t<div data-articleid=\"1353\"><h1><span style=\"color: #00539b;\">Informe de situaci\u00f3n de junio de 2021 <\/span><\/h1><p>42.795 kg de frutas y hortalizas distribuidas a los m\u00e1s necesitados en el mes de junio. 13 bancos de alimentos\/organizaciones que nos necesitan urgentemente como enlace cuentan con nuestro apoyo! <br \/>Gracias a nuestra ayuda y sobre todo a la suya.<\/p><p>En junio, pudimos aumentar nuestra entrega de frutas y verduras frescas en m\u00e1s de un 25%. As\u00ed, pudimos entregar 42.795 kg de productos ricos en vitaminas a nuestras organizaciones asociadas, que esta vez notaron un estancamiento en el n\u00famero de personas necesitadas. Debido al aumento del n\u00famero de turistas, algunos de ellos volvieron a encontrar un trabajo temporal, lo que supuso un cierto alivio a la situaci\u00f3n de emergencia. Esto tambi\u00e9n se necesitaba con urgencia, ya que la situaci\u00f3n era extremadamente tensa.<br \/>Tambi\u00e9n esperamos que la situaci\u00f3n se suavice a\u00fan m\u00e1s en julio y agosto. Sin embargo, las previsiones para el oto\u00f1o no parecen prometedoras, por lo que la necesidad financiera sigue siendo grande. Desgraciadamente, la voluntad de donar y el inter\u00e9s de los medios de comunicaci\u00f3n est\u00e1n disminuyendo masivamente.<\/p><p><strong>Viajamos 6 (!) d\u00edas a la semana.<\/strong> Estas son las estad\u00edsticas de junio de 2021:<\/p><table width=\"642\"><tbody><tr><td width=\"340\"><p>D\u00edas laborables Junio 2021<\/p><\/td><td width=\"302\"><p><strong>26<\/strong><\/p><\/td><\/tr><tr><td width=\"340\"><p>D\u00edas laborables pagados<\/p><\/td><td width=\"302\"><p><strong>48 <\/strong>(2 conductores, incluidas las prestaciones sociales)<\/p><\/td><\/tr><tr><td width=\"340\"><p>Horas de voluntariado<\/p><\/td><td width=\"302\"><p><strong>390<\/strong><strong> h.<\/strong><\/p><\/td><\/tr><tr><td width=\"340\"><p>Distancia recorrida<\/p><\/td><td width=\"302\"><p><strong>7.7<\/strong><strong>00 Km<\/strong><\/p><\/td><\/tr><tr><td width=\"340\"><p>Costes Salario \/ Gasolina \/ Alquiler<\/p><\/td><td width=\"302\"><p><strong>8.230<\/strong><strong>,\u2014EUR +\/- <\/strong>(2 camiones\/ 2 conductores)<\/p><\/td><\/tr><tr><td width=\"340\"><p>Productos frescos cargados<\/p><\/td><td width=\"302\"><p><strong>42.795 kg (34.250 kg en Mayo)<\/strong><\/p><\/td><\/tr><tr><td width=\"340\"><p>Total de bienes distribuidos<\/p><\/td><td width=\"302\"><p><strong>45.000 kg<\/strong><\/p><\/td><\/tr><tr><td width=\"340\"><p>Personas necesitadas de ayuda a las que tendemos la mano<\/p><\/td><td width=\"302\"><p><strong>8.000 +\/- Personas<\/strong><\/p><\/td><\/tr><tr><td width=\"340\"><p>Fruta y verdura por persona alcanzada<\/p><\/td><td width=\"302\"><p><strong>5,34<\/strong><strong>\u00a0kg <\/strong>(para un mes)<\/p><\/td><\/tr><\/tbody><\/table><p><br \/>Con unos 19 c\u00e9ntimos por kilo de fruta\/verdura (resultado junio\/mayo 24 c\u00e9ntimos), pudimos conseguir una reducci\u00f3n efectiva de los costes en comparaci\u00f3n con los meses anteriores debido al mayor volumen de mercanc\u00eda.<br \/>Nuevamente pudimos hacer entregas adicionales de varios miles de euros a diversas organizaciones, entre ellas Can Gaza y la Asociaci\u00f3n Cal\u00e9 de Marratxi. All\u00ed, la necesidad de art\u00edculos de higiene, productos de limpieza, pa\u00f1ales, alimentos para beb\u00e9s y ni\u00f1os peque\u00f1os, alimentos enlatados, pasta y leche, etc. era mayor. <\/p><p><strong>Las siguientes organizaciones de ayuda\/socios conf\u00edan en nosotros:<\/strong><\/p><\/div><p>\u2022 Zaqueo (lunes\/mi\u00e9rcoles en rotaci\u00f3n)<br \/>\u2022 Mallorca Sense Fam (lunes y martes)<br \/>\u2022 Can Gaza und Fundacion Minyones (jueves y s\u00e1bado)<br \/>\u2022 SOS Mamas (mi\u00e9rcoles y viernes)<br \/>\u2022 HOPE Mallorca e.V. Santanyi (jueves, viernes y s\u00e1bado)<br \/>\u2022 HOPE Mallorca e.V. Pollenca, Alcudia, Can Picafort (lunes)<br \/>\u2022 Asociaci\u00f3n Es Rebost Binissalem (1 vez al mes)<br \/>\u2022 Barber Angels\/ SOS Mamas (mi\u00e9rcoles y s\u00e1bado)<br \/>\u2022 Templarios Muro (jueves)<br \/>\u2022 Templarios Palma (lunes)<br \/>\u2022 Asociaci\u00f3n Cal\u00e9 de Marratxi (martes)<br \/>\u2022 ONG Noble Solidari Santa Eugenia (Cada 14 dias los s\u00e1bados)<br \/>\u2022 SI Mallorca, Llucmajor (en mayo con la entrega de productos de higiene de alta calidad \/ cosm\u00e9tica natural de MIVITA \/ alimentos para beb\u00e9s ALMIRON y NIDINA Premium)<\/p><p><img fetchpriority=\"high\" decoding=\"async\" class=\"wp-image-2131 size-full aligncenter\" src=\"https:\/\/lionsclubpalma.com\/wp-content\/uploads\/WhatsApp-Image-2021-06-30-at-11.34.191.jpeg\" alt=\"\" width=\"640\" height=\"433\" srcset=\"https:\/\/lionsclubpalma.com\/wp-content\/uploads\/WhatsApp-Image-2021-06-30-at-11.34.191.jpeg 640w, https:\/\/lionsclubpalma.com\/wp-content\/uploads\/WhatsApp-Image-2021-06-30-at-11.34.191-300x203.jpeg 300w\" sizes=\"(max-width: 640px) 100vw, 640px\" \/><\/p><div data-articleid=\"1353\"><p style=\"text-align: center;\">Foto Asociaci\u00f3n Cal\u00e9 de Marratxi<\/p><p>Queridos amigos y donantes, como siempre, un sincero GRACIAS a vosotros. S\u00f3lo gracias a personas como t\u00fa podemos continuar con nuestro proyecto de coraz\u00f3n \u00abComida para todos\u00bb. Especialmente ahora es importante asegurar el futuro con su donaci\u00f3n.<br \/>Tambi\u00e9n en este punto un gran elogio a nuestros conductores Heri y Marcos y tambi\u00e9n a nuestros conductores suplentes y a todo el equipo de Lidl por la gran cooperaci\u00f3n.<\/p><p>Saludos desde el coraz\u00f3n<\/p><p>&#8211; El Club de Leones de Palma de Mallorca con la presidenta Dagmar Daum de Waard<br \/>&#8211; Los directores de proyecto Claudia Joest, Klaus Goergen, Wolfgang Kr\u00e4mer<\/p><p><strong>Contacto\/ Comentarios\/ Sugerencias <\/strong>Wolfgang Kr\u00e4mer\u00a0 +49 171 6997773\u00a0\u00a0 <a href=\"mailto:wkraemer@lionsclubpalma.com\">wkraemer@lionsclubpalma.com<\/a><\/p><p><strong>Donaciones por transferencia bancaria o a trav\u00e9s de Paypal<\/strong><br \/><strong>Club de Leones de Palma de Mallorca <\/strong><br \/><strong>Comida para todos<\/strong><br \/><strong>IBAN: ES62 2100 4379 6302 0005 0026 Banco: La Caixa<\/strong><\/p><p>Se pueden emitir recibos de donaci\u00f3n para usted si lo solicita. Para ello necesitamos: Nombre, direcci\u00f3n, n\u00famero de identificaci\u00f3n fiscal y oficina fiscal responsable.<\/p><\/div>\t\t\t\t\t\t\t\t<\/div>\n\t\t\t\t<\/div>\n\t\t\t\t\t<\/div>\n\t\t<\/div>\n\t\t\t\t\t<\/div>\n\t\t<\/section>\n\t\t\t\t<\/div>\n\t\t","protected":false},"excerpt":{"rendered":"<p>Informe de situaci\u00f3n de junio de 2021 42.795 kg de frutas y hortalizas distribuidas a los m\u00e1s necesitados en el mes de junio. 13 bancos de alimentos\/organizaciones que nos necesitan [&hellip;]<\/p>\n","protected":false},"author":1,"featured_media":0,"parent":2268,"menu_order":0,"comment_status":"closed","ping_status":"closed","template":"","meta":{"ocean_post_layout":"","ocean_both_sidebars_style":"","ocean_both_sidebars_content_width":0,"ocean_both_sidebars_sidebars_width":0,"ocean_sidebar":"0","ocean_second_sidebar":"0","ocean_disable_margins":"enable","ocean_add_body_class":"","ocean_shortcode_before_top_bar":"","ocean_shortcode_after_top_bar":"","ocean_shortcode_before_header":"","ocean_shortcode_after_header":"","ocean_has_shortcode":"","ocean_shortcode_after_title":"","ocean_shortcode_before_footer_widgets":"","ocean_shortcode_after_footer_widgets":"","ocean_shortcode_before_footer_bottom":"","ocean_shortcode_after_footer_bottom":"","ocean_display_top_bar":"default","ocean_display_header":"default","ocean_header_style":"","ocean_center_header_left_menu":"0","ocean_custom_header_template":"0","ocean_custom_logo":0,"ocean_custom_retina_logo":0,"ocean_custom_logo_max_width":0,"ocean_custom_logo_tablet_max_width":0,"ocean_custom_logo_mobile_max_width":0,"ocean_custom_logo_max_height":0,"ocean_custom_logo_tablet_max_height":0,"ocean_custom_logo_mobile_max_height":0,"ocean_header_custom_menu":"0","ocean_menu_typo_font_family":"0","ocean_menu_typo_font_subset":"","ocean_menu_typo_font_size":0,"ocean_menu_typo_font_size_tablet":0,"ocean_menu_typo_font_size_mobile":0,"ocean_menu_typo_font_size_unit":"px","ocean_menu_typo_font_weight":"","ocean_menu_typo_font_weight_tablet":"","ocean_menu_typo_font_weight_mobile":"","ocean_menu_typo_transform":"","ocean_menu_typo_transform_tablet":"","ocean_menu_typo_transform_mobile":"","ocean_menu_typo_line_height":0,"ocean_menu_typo_line_height_tablet":0,"ocean_menu_typo_line_height_mobile":0,"ocean_menu_typo_line_height_unit":"","ocean_menu_typo_spacing":0,"ocean_menu_typo_spacing_tablet":0,"ocean_menu_typo_spacing_mobile":0,"ocean_menu_typo_spacing_unit":"","ocean_menu_link_color":"","ocean_menu_link_color_hover":"","ocean_menu_link_color_active":"","ocean_menu_link_background":"","ocean_menu_link_hover_background":"","ocean_menu_link_active_background":"","ocean_menu_social_links_bg":"","ocean_menu_social_hover_links_bg":"","ocean_menu_social_links_color":"","ocean_menu_social_hover_links_color":"","ocean_disable_title":"default","ocean_disable_heading":"default","ocean_post_title":"","ocean_post_subheading":"","ocean_post_title_style":"","ocean_post_title_background_color":"","ocean_post_title_background":0,"ocean_post_title_bg_image_position":"","ocean_post_title_bg_image_attachment":"","ocean_post_title_bg_image_repeat":"","ocean_post_title_bg_image_size":"","ocean_post_title_height":0,"ocean_post_title_bg_overlay":0.5,"ocean_post_title_bg_overlay_color":"","ocean_disable_breadcrumbs":"default","ocean_breadcrumbs_color":"","ocean_breadcrumbs_separator_color":"","ocean_breadcrumbs_links_color":"","ocean_breadcrumbs_links_hover_color":"","ocean_display_footer_widgets":"default","ocean_display_footer_bottom":"default","ocean_custom_footer_template":"0","footnotes":""},"class_list":["post-2215","page","type-page","status-publish","hentry","entry"],"_links":{"self":[{"href":"https:\/\/lionsclubpalma.com\/es\/wp-json\/wp\/v2\/pages\/2215","targetHints":{"allow":["GET"]}}],"collection":[{"href":"https:\/\/lionsclubpalma.com\/es\/wp-json\/wp\/v2\/pages"}],"about":[{"href":"https:\/\/lionsclubpalma.com\/es\/wp-json\/wp\/v2\/types\/page"}],"author":[{"embeddable":true,"href":"https:\/\/lionsclubpalma.com\/es\/wp-json\/wp\/v2\/users\/1"}],"replies":[{"embeddable":true,"href":"https:\/\/lionsclubpalma.com\/es\/wp-json\/wp\/v2\/comments?post=2215"}],"version-history":[{"count":0,"href":"https:\/\/lionsclubpalma.com\/es\/wp-json\/wp\/v2\/pages\/2215\/revisions"}],"up":[{"embeddable":true,"href":"https:\/\/lionsclubpalma.com\/es\/wp-json\/wp\/v2\/pages\/2268"}],"wp:attachment":[{"href":"https:\/\/lionsclubpalma.com\/es\/wp-json\/wp\/v2\/media?parent=2215"}],"curies":[{"name":"wp","href":"https:\/\/api.w.org\/{rel}","templated":true}]}}