{"id":2268,"date":"2021-08-24T07:59:58","date_gmt":"2021-08-24T07:59:58","guid":{"rendered":"https:\/\/lionsclubpalma.com\/?page_id=2268"},"modified":"2026-01-13T12:06:16","modified_gmt":"2026-01-13T12:06:16","slug":"comida-para-todos","status":"publish","type":"page","link":"https:\/\/lionsclubpalma.com\/es\/comida-para-todos\/","title":{"rendered":"Comida para todos"},"content":{"rendered":"\t\t<div data-elementor-type=\"wp-page\" data-elementor-id=\"2268\" class=\"elementor elementor-2268 elementor-261\" data-elementor-post-type=\"page\">\n\t\t\t\t\t\t<section class=\"elementor-section elementor-top-section elementor-element elementor-element-ea6a478 elementor-section-boxed elementor-section-height-default elementor-section-height-default\" data-id=\"ea6a478\" data-element_type=\"section\" data-e-type=\"section\">\n\t\t\t\t\t\t<div class=\"elementor-container elementor-column-gap-default\">\n\t\t\t\t\t<div class=\"elementor-column elementor-col-100 elementor-top-column elementor-element elementor-element-17c0154\" data-id=\"17c0154\" data-element_type=\"column\" data-e-type=\"column\">\n\t\t\t<div class=\"elementor-widget-wrap elementor-element-populated\">\n\t\t\t\t\t\t<div class=\"elementor-element elementor-element-3e85278 elementor-widget elementor-widget-image\" data-id=\"3e85278\" data-element_type=\"widget\" data-e-type=\"widget\" data-widget_type=\"image.default\">\n\t\t\t\t<div class=\"elementor-widget-container\">\n\t\t\t\t\t\t\t\t\t\t\t\t\t\t\t<img fetchpriority=\"high\" decoding=\"async\" width=\"1536\" height=\"335\" src=\"https:\/\/lionsclubpalma.com\/wp-content\/uploads\/2021\/03\/Comidaparatodos-3-1536x335.jpg\" class=\"attachment-1536x1536 size-1536x1536 wp-image-2291\" alt=\"\" srcset=\"https:\/\/lionsclubpalma.com\/wp-content\/uploads\/2021\/03\/Comidaparatodos-3-1536x335.jpg 1536w, https:\/\/lionsclubpalma.com\/wp-content\/uploads\/2021\/03\/Comidaparatodos-3-300x65.jpg 300w, https:\/\/lionsclubpalma.com\/wp-content\/uploads\/2021\/03\/Comidaparatodos-3-1024x223.jpg 1024w, https:\/\/lionsclubpalma.com\/wp-content\/uploads\/2021\/03\/Comidaparatodos-3-768x167.jpg 768w, https:\/\/lionsclubpalma.com\/wp-content\/uploads\/2021\/03\/Comidaparatodos-3.jpg 2000w\" sizes=\"(max-width: 1536px) 100vw, 1536px\" \/>\t\t\t\t\t\t\t\t\t\t\t\t\t\t\t<\/div>\n\t\t\t\t<\/div>\n\t\t\t\t\t<\/div>\n\t\t<\/div>\n\t\t\t\t\t<\/div>\n\t\t<\/section>\n\t\t\t\t<section class=\"elementor-section elementor-top-section elementor-element elementor-element-d3a9926 elementor-section-boxed elementor-section-height-default elementor-section-height-default\" data-id=\"d3a9926\" data-element_type=\"section\" data-e-type=\"section\">\n\t\t\t\t\t\t<div class=\"elementor-container elementor-column-gap-default\">\n\t\t\t\t\t<div class=\"elementor-column elementor-col-100 elementor-top-column elementor-element elementor-element-146b8d0\" data-id=\"146b8d0\" data-element_type=\"column\" data-e-type=\"column\">\n\t\t\t<div class=\"elementor-widget-wrap elementor-element-populated\">\n\t\t\t\t\t\t<div class=\"elementor-element elementor-element-443745b elementor-widget elementor-widget-text-editor\" data-id=\"443745b\" data-element_type=\"widget\" data-e-type=\"widget\" data-widget_type=\"text-editor.default\">\n\t\t\t\t<div class=\"elementor-widget-container\">\n\t\t\t\t\t\t\t\t\t<div><p><strong><img decoding=\"async\" class=\"wp-image-1163 size-thumbnail alignleft lazyload\" data-src=\"https:\/\/lionsclubpalma.com\/wp-content\/uploads\/2021\/03\/logo_Lions_club_-1080x1080-px-150x150.png\" alt=\"\" width=\"150\" height=\"150\" data-srcset=\"https:\/\/lionsclubpalma.com\/wp-content\/uploads\/2021\/03\/logo_Lions_club_-1080x1080-px-150x150.png 150w, https:\/\/lionsclubpalma.com\/wp-content\/uploads\/2021\/03\/logo_Lions_club_-1080x1080-px-300x300.png 300w, https:\/\/lionsclubpalma.com\/wp-content\/uploads\/2021\/03\/logo_Lions_club_-1080x1080-px-1024x1024.png 1024w, https:\/\/lionsclubpalma.com\/wp-content\/uploads\/2021\/03\/logo_Lions_club_-1080x1080-px-768x768.png 768w, https:\/\/lionsclubpalma.com\/wp-content\/uploads\/2021\/03\/logo_Lions_club_-1080x1080-px.png 1080w\" data-sizes=\"(max-width: 150px) 100vw, 150px\" src=\"data:image\/svg+xml;base64,PHN2ZyB3aWR0aD0iMSIgaGVpZ2h0PSIxIiB4bWxucz0iaHR0cDovL3d3dy53My5vcmcvMjAwMC9zdmciPjwvc3ZnPg==\" style=\"--smush-placeholder-width: 150px; --smush-placeholder-aspect-ratio: 150\/150;\" \/>El Club de Leones de Palma es un grupo de inter\u00e9s voluntario que se ha fijado como objetivo ayudar a personas socialmente desfavorecidas. En este sentido, hace m\u00e1s de 10 a\u00f1os se puso en marcha el proyecto social \u00abComida para todos\u00bb.<br \/><\/strong><\/p><p>En colaboraci\u00f3n con LIDL, nuestro propio conductor se desplaza cada d\u00eda a las sucursales de LIDL en la isla y recoge las frutas y verduras que all\u00ed se suministran. Luego se lleva a varios bancos de alimentos de la isla.<\/p><div>Al principio, con una peque\u00f1a furgoneta y varios conductores, la mercanc\u00eda y la demanda aumentaron r\u00e1pidamente, por lo que se adquiri\u00f3 un cami\u00f3n usado de 3,5 toneladas y se encontr\u00f3 un conductor de confianza en Marcos. Durante sus vacaciones, muchos miembros tomaron el relevo como sustitutos y gestionaron ellos mismos la extenuante gira. Sobre todo en verano, a veces sin aire acondicionado. M\u00e1s tarde, el cami\u00f3n se volvi\u00f3 cada vez m\u00e1s problem\u00e1tico y fue desechado tras innumerables aver\u00edas y reparaciones a los 415.000 km.<\/div><div>\u00a0<\/div><p><strong>Novedad de 2020:<\/strong> Para garantizarlo, hemos alquilado un cami\u00f3n frigor\u00edfico de 3,5 t, financiado por el simp\u00e1tico Club de Leones de Calvi\u00e0. Otra subvenci\u00f3n fue aportada por la Caixa Fundaci\u00f3n. Los costes de los salarios, las cotizaciones a la seguridad social y la gasolina est\u00e1n cubiertos por los patrocinadores y los donantes. Tambi\u00e9n hemos creado un puesto de trabajo con este proyecto.<\/p><p><a href=\"https:\/\/lionsclubpalma.com\/es\/lkw-2022-1-2\/\" rel=\"attachment wp-att-3597\"><img decoding=\"async\" class=\"alignnone size-full wp-image-3597 lazyload\" data-src=\"https:\/\/lionsclubpalma.com\/wp-content\/uploads\/LKW-2022-1-scaled.jpg\" alt=\"\" width=\"2560\" height=\"1554\" data-srcset=\"https:\/\/lionsclubpalma.com\/wp-content\/uploads\/LKW-2022-1-scaled.jpg 2560w, https:\/\/lionsclubpalma.com\/wp-content\/uploads\/LKW-2022-1-300x182.jpg 300w, https:\/\/lionsclubpalma.com\/wp-content\/uploads\/LKW-2022-1-1024x622.jpg 1024w, https:\/\/lionsclubpalma.com\/wp-content\/uploads\/LKW-2022-1-768x466.jpg 768w, https:\/\/lionsclubpalma.com\/wp-content\/uploads\/LKW-2022-1-1536x933.jpg 1536w, https:\/\/lionsclubpalma.com\/wp-content\/uploads\/LKW-2022-1-2048x1244.jpg 2048w\" data-sizes=\"(max-width: 2560px) 100vw, 2560px\" src=\"data:image\/svg+xml;base64,PHN2ZyB3aWR0aD0iMSIgaGVpZ2h0PSIxIiB4bWxucz0iaHR0cDovL3d3dy53My5vcmcvMjAwMC9zdmciPjwvc3ZnPg==\" style=\"--smush-placeholder-width: 2560px; --smush-placeholder-aspect-ratio: 2560\/1554;\" \/><\/a><\/p><p><a href=\"https:\/\/lionsclubpalma.com\/es\/lkw-2022-2-neu\/\" rel=\"attachment wp-att-3599\"><img decoding=\"async\" class=\"alignnone wp-image-3795 size-full lazyload\" data-src=\"https:\/\/lionsclubpalma.com\/wp-content\/uploads\/LKW-2022-2-Neu-1-scaled.jpg\" alt=\"\" width=\"2560\" height=\"1485\" data-srcset=\"https:\/\/lionsclubpalma.com\/wp-content\/uploads\/LKW-2022-2-Neu-1-scaled.jpg 2560w, https:\/\/lionsclubpalma.com\/wp-content\/uploads\/LKW-2022-2-Neu-1-300x174.jpg 300w, https:\/\/lionsclubpalma.com\/wp-content\/uploads\/LKW-2022-2-Neu-1-1024x594.jpg 1024w, https:\/\/lionsclubpalma.com\/wp-content\/uploads\/LKW-2022-2-Neu-1-768x446.jpg 768w, https:\/\/lionsclubpalma.com\/wp-content\/uploads\/LKW-2022-2-Neu-1-1536x891.jpg 1536w, https:\/\/lionsclubpalma.com\/wp-content\/uploads\/LKW-2022-2-Neu-1-2048x1188.jpg 2048w\" data-sizes=\"(max-width: 2560px) 100vw, 2560px\" src=\"data:image\/svg+xml;base64,PHN2ZyB3aWR0aD0iMSIgaGVpZ2h0PSIxIiB4bWxucz0iaHR0cDovL3d3dy53My5vcmcvMjAwMC9zdmciPjwvc3ZnPg==\" style=\"--smush-placeholder-width: 2560px; --smush-placeholder-aspect-ratio: 2560\/1485;\" \/><\/a><\/p><p><a href=\"https:\/\/lionsclubpalma.com\/es\/lkw-2022-3-2\/\" rel=\"attachment wp-att-3601\"><img decoding=\"async\" class=\"alignnone size-full wp-image-3601 lazyload\" data-src=\"https:\/\/lionsclubpalma.com\/wp-content\/uploads\/LKW-2022-3.jpg\" alt=\"\" width=\"1969\" height=\"1472\" data-srcset=\"https:\/\/lionsclubpalma.com\/wp-content\/uploads\/LKW-2022-3.jpg 1969w, https:\/\/lionsclubpalma.com\/wp-content\/uploads\/LKW-2022-3-300x224.jpg 300w, https:\/\/lionsclubpalma.com\/wp-content\/uploads\/LKW-2022-3-1024x766.jpg 1024w, https:\/\/lionsclubpalma.com\/wp-content\/uploads\/LKW-2022-3-768x574.jpg 768w, https:\/\/lionsclubpalma.com\/wp-content\/uploads\/LKW-2022-3-1536x1148.jpg 1536w\" data-sizes=\"(max-width: 1969px) 100vw, 1969px\" src=\"data:image\/svg+xml;base64,PHN2ZyB3aWR0aD0iMSIgaGVpZ2h0PSIxIiB4bWxucz0iaHR0cDovL3d3dy53My5vcmcvMjAwMC9zdmciPjwvc3ZnPg==\" style=\"--smush-placeholder-width: 1969px; --smush-placeholder-aspect-ratio: 1969\/1472;\" \/><\/a><\/p><p>Trabajamos de forma voluntaria, para que cada euro llegue a los m\u00e1s desfavorecidos socialmente y al proyecto.<\/p><\/div><div>Recogemos alrededor de una tonelada de frutas y verduras cada d\u00eda para las organizaciones de ayuda que las distribuyen, que son procesadas o distribuidas por los bancos de alimentos (para los bancos de alimentos actuales ver los informes mensuales) Zaqueo, Can Gaza, Mallorca Sense Fam, SOS Mamas y HOPE Mallorca e.V. Con nuestro trabajo, aseguramos el importante suministro de vitaminas para los ni\u00f1os y las familias j\u00f3venes. Como la cantidad no suele ser suficiente, tambi\u00e9n compramos art\u00edculos de primera necesidad y de higiene.<br \/><span style=\"font-size: 15px;\"><br \/><strong><em>&#8211; Para conseguir la financiaci\u00f3n, dependemos de su ayuda.<br \/>&#8211; Los costes del proyecto ascienden a unos 4.000,00 euros al mes <br \/>&#8211; Se trasladan unos 1.000 kilogramos de fruta y verdura al d\u00eda <br \/>&#8211; Para ello, se recorren unos 210 km al d\u00eda<\/em><\/strong><\/span><\/div>\t\t\t\t\t\t\t\t<\/div>\n\t\t\t\t<\/div>\n\t\t\t\t\t<\/div>\n\t\t<\/div>\n\t\t\t\t\t<\/div>\n\t\t<\/section>\n\t\t\t\t<section class=\"elementor-section elementor-top-section elementor-element elementor-element-83afc48 elementor-section-boxed elementor-section-height-default elementor-section-height-default\" data-id=\"83afc48\" data-element_type=\"section\" data-e-type=\"section\">\n\t\t\t\t\t\t<div class=\"elementor-container elementor-column-gap-default\">\n\t\t\t\t\t<div class=\"elementor-column elementor-col-100 elementor-top-column elementor-element elementor-element-f929128\" data-id=\"f929128\" data-element_type=\"column\" data-e-type=\"column\">\n\t\t\t<div class=\"elementor-widget-wrap elementor-element-populated\">\n\t\t\t\t\t\t<div class=\"elementor-element elementor-element-3ca95c8 elementor-align-center elementor-widget elementor-widget-button\" data-id=\"3ca95c8\" data-element_type=\"widget\" data-e-type=\"widget\" data-widget_type=\"button.default\">\n\t\t\t\t<div class=\"elementor-widget-container\">\n\t\t\t\t\t\t\t\t\t<div class=\"elementor-button-wrapper\">\n\t\t\t\t\t<a class=\"elementor-button elementor-button-link elementor-size-md\" href=\"https:\/\/lionsclubpalma.com\/spenden\/\">\n\t\t\t\t\t\t<span class=\"elementor-button-content-wrapper\">\n\t\t\t\t\t\t\t\t\t<span class=\"elementor-button-text\">DONE AHORA!<\/span>\n\t\t\t\t\t<\/span>\n\t\t\t\t\t<\/a>\n\t\t\t\t<\/div>\n\t\t\t\t\t\t\t\t<\/div>\n\t\t\t\t<\/div>\n\t\t\t\t\t<\/div>\n\t\t<\/div>\n\t\t\t\t\t<\/div>\n\t\t<\/section>\n\t\t\t\t<section class=\"elementor-section elementor-top-section elementor-element elementor-element-ce6da01 elementor-section-boxed elementor-section-height-default elementor-section-height-default\" data-id=\"ce6da01\" data-element_type=\"section\" data-e-type=\"section\">\n\t\t\t\t\t\t<div class=\"elementor-container elementor-column-gap-default\">\n\t\t\t\t\t<div class=\"elementor-column elementor-col-100 elementor-top-column elementor-element elementor-element-a68166f\" data-id=\"a68166f\" data-element_type=\"column\" data-e-type=\"column\">\n\t\t\t<div class=\"elementor-widget-wrap elementor-element-populated\">\n\t\t\t\t\t\t<div class=\"elementor-element elementor-element-cb7dc94 elementor-widget elementor-widget-template\" data-id=\"cb7dc94\" data-element_type=\"widget\" data-e-type=\"widget\" data-widget_type=\"template.default\">\n\t\t\t\t<div class=\"elementor-widget-container\">\n\t\t\t\t\t\t\t<div class=\"elementor-template\">\n\t\t\t\t\t<div data-elementor-type=\"section\" data-elementor-id=\"2298\" class=\"elementor elementor-2298 elementor-935 elementor-935\" data-elementor-post-type=\"elementor_library\">\n\t\t\t\t\t<section class=\"elementor-section elementor-top-section elementor-element elementor-element-31cef0b1 elementor-section-content-middle elementor-section-height-min-height elementor-section-boxed elementor-section-height-default elementor-section-items-middle\" data-id=\"31cef0b1\" data-element_type=\"section\" data-e-type=\"section\" data-settings=\"{&quot;background_background&quot;:&quot;classic&quot;}\">\n\t\t\t\t\t\t<div class=\"elementor-container elementor-column-gap-default\">\n\t\t\t\t\t<div class=\"elementor-column elementor-col-50 elementor-top-column elementor-element elementor-element-422fce5f\" data-id=\"422fce5f\" data-element_type=\"column\" data-e-type=\"column\">\n\t\t\t<div class=\"elementor-widget-wrap elementor-element-populated\">\n\t\t\t\t\t\t<section class=\"elementor-section elementor-inner-section elementor-element elementor-element-3d68e2e2 elementor-section-boxed elementor-section-height-default elementor-section-height-default\" data-id=\"3d68e2e2\" data-element_type=\"section\" data-e-type=\"section\">\n\t\t\t\t\t\t<div class=\"elementor-container elementor-column-gap-default\">\n\t\t\t\t\t<div class=\"elementor-column elementor-col-100 elementor-inner-column elementor-element elementor-element-6a41829d\" data-id=\"6a41829d\" data-element_type=\"column\" data-e-type=\"column\" data-settings=\"{&quot;background_background&quot;:&quot;classic&quot;}\">\n\t\t\t<div class=\"elementor-widget-wrap elementor-element-populated\">\n\t\t\t\t\t\t<div class=\"elementor-element elementor-element-7e8704b3 elementor-widget elementor-widget-text-editor\" data-id=\"7e8704b3\" data-element_type=\"widget\" data-e-type=\"widget\" data-widget_type=\"text-editor.default\">\n\t\t\t\t<div class=\"elementor-widget-container\">\n\t\t\t\t\t\t\t\t\t<h2>Fakten in 2025<\/h2><h2>Hechos en 2025<\/h2>\t\t\t\t\t\t\t\t<\/div>\n\t\t\t\t<\/div>\n\t\t\t\t\t<\/div>\n\t\t<\/div>\n\t\t\t\t\t<\/div>\n\t\t<\/section>\n\t\t\t\t\t<\/div>\n\t\t<\/div>\n\t\t\t\t<div class=\"elementor-column elementor-col-50 elementor-top-column elementor-element elementor-element-5fdf4cb5 big-margin\" data-id=\"5fdf4cb5\" data-element_type=\"column\" data-e-type=\"column\" data-settings=\"{&quot;background_background&quot;:&quot;classic&quot;}\">\n\t\t\t<div class=\"elementor-widget-wrap elementor-element-populated\">\n\t\t\t\t\t\t<section class=\"elementor-section elementor-inner-section elementor-element elementor-element-5476b6b1 elementor-section-height-min-height elementor-section-boxed elementor-section-height-default\" data-id=\"5476b6b1\" data-element_type=\"section\" data-e-type=\"section\">\n\t\t\t\t\t\t<div class=\"elementor-container elementor-column-gap-default\">\n\t\t\t\t\t<div class=\"elementor-column elementor-col-100 elementor-inner-column elementor-element elementor-element-25cb533e\" data-id=\"25cb533e\" data-element_type=\"column\" data-e-type=\"column\">\n\t\t\t<div class=\"elementor-widget-wrap elementor-element-populated\">\n\t\t\t\t\t\t<div class=\"elementor-element elementor-element-65e48780 elementor-widget elementor-widget-counter\" data-id=\"65e48780\" data-element_type=\"widget\" data-e-type=\"widget\" data-widget_type=\"counter.default\">\n\t\t\t\t<div class=\"elementor-widget-container\">\n\t\t\t\t\t\t\t<div class=\"elementor-counter\">\n\t\t\t<div class=\"elementor-counter-title\">Geladene Frischware | Productos frescos cargados | KG<\/div>\t\t\t<div class=\"elementor-counter-number-wrapper\">\n\t\t\t\t<span class=\"elementor-counter-number-prefix\"><\/span>\n\t\t\t\t<span class=\"elementor-counter-number\" data-duration=\"2000\" data-to-value=\"349.682\" data-from-value=\"\" data-delimiter=\".\"><\/span>\n\t\t\t\t<span class=\"elementor-counter-number-suffix\"><\/span>\n\t\t\t<\/div>\n\t\t<\/div>\n\t\t\t\t\t\t<\/div>\n\t\t\t\t<\/div>\n\t\t\t\t<div class=\"elementor-element elementor-element-21e8df4 elementor-widget elementor-widget-counter\" data-id=\"21e8df4\" data-element_type=\"widget\" data-e-type=\"widget\" data-widget_type=\"counter.default\">\n\t\t\t\t<div class=\"elementor-widget-container\">\n\t\t\t\t\t\t\t<div class=\"elementor-counter\">\n\t\t\t<div class=\"elementor-counter-title\">Ehrenamtlich geleistete Arbeit - Stunden | Horas de voluntariado - horas<\/div>\t\t\t<div class=\"elementor-counter-number-wrapper\">\n\t\t\t\t<span class=\"elementor-counter-number-prefix\"><\/span>\n\t\t\t\t<span class=\"elementor-counter-number\" data-duration=\"2000\" data-to-value=\"3395\" data-from-value=\"\" data-delimiter=\".\"><\/span>\n\t\t\t\t<span class=\"elementor-counter-number-suffix\"><\/span>\n\t\t\t<\/div>\n\t\t<\/div>\n\t\t\t\t\t\t<\/div>\n\t\t\t\t<\/div>\n\t\t\t\t<div class=\"elementor-element elementor-element-507926c elementor-widget elementor-widget-counter\" data-id=\"507926c\" data-element_type=\"widget\" data-e-type=\"widget\" data-widget_type=\"counter.default\">\n\t\t\t\t<div class=\"elementor-widget-container\">\n\t\t\t\t\t\t\t<div class=\"elementor-counter\">\n\t\t\t<div class=\"elementor-counter-title\">Gefahrene Distanz | Distancia recorrida | km<\/div>\t\t\t<div class=\"elementor-counter-number-wrapper\">\n\t\t\t\t<span class=\"elementor-counter-number-prefix\"><\/span>\n\t\t\t\t<span class=\"elementor-counter-number\" data-duration=\"2000\" data-to-value=\"66534\" data-from-value=\"\" data-delimiter=\".\"><\/span>\n\t\t\t\t<span class=\"elementor-counter-number-suffix\"><\/span>\n\t\t\t<\/div>\n\t\t<\/div>\n\t\t\t\t\t\t<\/div>\n\t\t\t\t<\/div>\n\t\t\t\t<div class=\"elementor-element elementor-element-15edc5cc elementor-widget elementor-widget-counter\" data-id=\"15edc5cc\" data-element_type=\"widget\" data-e-type=\"widget\" data-widget_type=\"counter.default\">\n\t\t\t\t<div class=\"elementor-widget-container\">\n\t\t\t\t\t\t\t<div class=\"elementor-counter\">\n\t\t\t<div class=\"elementor-counter-title\">Hilfsbed\u00fcrftige Personen | Personas necesitadas <\/div>\t\t\t<div class=\"elementor-counter-number-wrapper\">\n\t\t\t\t<span class=\"elementor-counter-number-prefix\"><\/span>\n\t\t\t\t<span class=\"elementor-counter-number\" data-duration=\"2000\" data-to-value=\"10000\" data-from-value=\"\" data-delimiter=\".\"><\/span>\n\t\t\t\t<span class=\"elementor-counter-number-suffix\">+<\/span>\n\t\t\t<\/div>\n\t\t<\/div>\n\t\t\t\t\t\t<\/div>\n\t\t\t\t<\/div>\n\t\t\t\t\t<\/div>\n\t\t<\/div>\n\t\t\t\t\t<\/div>\n\t\t<\/section>\n\t\t\t\t\t<\/div>\n\t\t<\/div>\n\t\t\t\t\t<\/div>\n\t\t<\/section>\n\t\t\t\t<\/div>\n\t\t\t\t<\/div>\n\t\t\t\t\t\t<\/div>\n\t\t\t\t<\/div>\n\t\t\t\t\t<\/div>\n\t\t<\/div>\n\t\t\t\t\t<\/div>\n\t\t<\/section>\n\t\t\t\t<\/div>\n\t\t","protected":false},"excerpt":{"rendered":"<p>El Club de Leones de Palma es un grupo de inter\u00e9s voluntario que se ha fijado como objetivo ayudar a personas socialmente desfavorecidas. En este sentido, hace m\u00e1s de 10 [&hellip;]<\/p>\n","protected":false},"author":1,"featured_media":0,"parent":0,"menu_order":0,"comment_status":"closed","ping_status":"closed","template":"","meta":{"ocean_post_layout":"full-width","ocean_both_sidebars_style":"","ocean_both_sidebars_content_width":0,"ocean_both_sidebars_sidebars_width":0,"ocean_sidebar":"0","ocean_second_sidebar":"0","ocean_disable_margins":"enable","ocean_add_body_class":"","ocean_shortcode_before_top_bar":"","ocean_shortcode_after_top_bar":"","ocean_shortcode_before_header":"","ocean_shortcode_after_header":"","ocean_has_shortcode":"","ocean_shortcode_after_title":"","ocean_shortcode_before_footer_widgets":"","ocean_shortcode_after_footer_widgets":"","ocean_shortcode_before_footer_bottom":"","ocean_shortcode_after_footer_bottom":"","ocean_display_top_bar":"default","ocean_display_header":"default","ocean_header_style":"","ocean_center_header_left_menu":"0","ocean_custom_header_template":"0","ocean_custom_logo":0,"ocean_custom_retina_logo":0,"ocean_custom_logo_max_width":0,"ocean_custom_logo_tablet_max_width":0,"ocean_custom_logo_mobile_max_width":0,"ocean_custom_logo_max_height":0,"ocean_custom_logo_tablet_max_height":0,"ocean_custom_logo_mobile_max_height":0,"ocean_header_custom_menu":"0","ocean_menu_typo_font_family":"0","ocean_menu_typo_font_subset":"","ocean_menu_typo_font_size":0,"ocean_menu_typo_font_size_tablet":0,"ocean_menu_typo_font_size_mobile":0,"ocean_menu_typo_font_size_unit":"px","ocean_menu_typo_font_weight":"","ocean_menu_typo_font_weight_tablet":"","ocean_menu_typo_font_weight_mobile":"","ocean_menu_typo_transform":"","ocean_menu_typo_transform_tablet":"","ocean_menu_typo_transform_mobile":"","ocean_menu_typo_line_height":0,"ocean_menu_typo_line_height_tablet":0,"ocean_menu_typo_line_height_mobile":0,"ocean_menu_typo_line_height_unit":"","ocean_menu_typo_spacing":0,"ocean_menu_typo_spacing_tablet":0,"ocean_menu_typo_spacing_mobile":0,"ocean_menu_typo_spacing_unit":"","ocean_menu_link_color":"","ocean_menu_link_color_hover":"","ocean_menu_link_color_active":"","ocean_menu_link_background":"","ocean_menu_link_hover_background":"","ocean_menu_link_active_background":"","ocean_menu_social_links_bg":"","ocean_menu_social_hover_links_bg":"","ocean_menu_social_links_color":"","ocean_menu_social_hover_links_color":"","ocean_disable_title":"default","ocean_disable_heading":"default","ocean_post_title":"","ocean_post_subheading":"","ocean_post_title_style":"","ocean_post_title_background_color":"","ocean_post_title_background":0,"ocean_post_title_bg_image_position":"","ocean_post_title_bg_image_attachment":"","ocean_post_title_bg_image_repeat":"","ocean_post_title_bg_image_size":"","ocean_post_title_height":0,"ocean_post_title_bg_overlay":0.5,"ocean_post_title_bg_overlay_color":"","ocean_disable_breadcrumbs":"default","ocean_breadcrumbs_color":"","ocean_breadcrumbs_separator_color":"","ocean_breadcrumbs_links_color":"","ocean_breadcrumbs_links_hover_color":"","ocean_display_footer_widgets":"default","ocean_display_footer_bottom":"default","ocean_custom_footer_template":"0","footnotes":""},"class_list":["post-2268","page","type-page","status-publish","hentry","entry"],"_links":{"self":[{"href":"https:\/\/lionsclubpalma.com\/es\/wp-json\/wp\/v2\/pages\/2268","targetHints":{"allow":["GET"]}}],"collection":[{"href":"https:\/\/lionsclubpalma.com\/es\/wp-json\/wp\/v2\/pages"}],"about":[{"href":"https:\/\/lionsclubpalma.com\/es\/wp-json\/wp\/v2\/types\/page"}],"author":[{"embeddable":true,"href":"https:\/\/lionsclubpalma.com\/es\/wp-json\/wp\/v2\/users\/1"}],"replies":[{"embeddable":true,"href":"https:\/\/lionsclubpalma.com\/es\/wp-json\/wp\/v2\/comments?post=2268"}],"version-history":[{"count":13,"href":"https:\/\/lionsclubpalma.com\/es\/wp-json\/wp\/v2\/pages\/2268\/revisions"}],"predecessor-version":[{"id":6012,"href":"https:\/\/lionsclubpalma.com\/es\/wp-json\/wp\/v2\/pages\/2268\/revisions\/6012"}],"wp:attachment":[{"href":"https:\/\/lionsclubpalma.com\/es\/wp-json\/wp\/v2\/media?parent=2268"}],"curies":[{"name":"wp","href":"https:\/\/api.w.org\/{rel}","templated":true}]}}