{"id":2429,"date":"2021-08-27T15:29:26","date_gmt":"2021-08-27T15:29:26","guid":{"rendered":"https:\/\/lionsclubpalma.com\/?page_id=2429"},"modified":"2021-08-27T15:43:14","modified_gmt":"2021-08-27T15:43:14","slug":"informe-de-situacion-de-julio-de-2021","status":"publish","type":"page","link":"https:\/\/lionsclubpalma.com\/es\/comida-para-todos\/informe-de-situacion-de-julio-de-2021\/","title":{"rendered":"Informe de situaci\u00f3n de julio de 2021"},"content":{"rendered":"\t\t<div data-elementor-type=\"wp-page\" data-elementor-id=\"2429\" class=\"elementor elementor-2429 elementor-2250\" data-elementor-post-type=\"page\">\n\t\t\t\t\t\t<section class=\"elementor-section elementor-top-section elementor-element elementor-element-077a8a4 elementor-section-boxed elementor-section-height-default elementor-section-height-default\" data-id=\"077a8a4\" data-element_type=\"section\" data-e-type=\"section\">\n\t\t\t\t\t\t<div class=\"elementor-container elementor-column-gap-default\">\n\t\t\t\t\t<div class=\"elementor-column elementor-col-100 elementor-top-column elementor-element elementor-element-d2af953\" data-id=\"d2af953\" data-element_type=\"column\" data-e-type=\"column\" data-settings=\"{&quot;background_background&quot;:&quot;classic&quot;}\">\n\t\t\t<div class=\"elementor-widget-wrap elementor-element-populated\">\n\t\t\t\t\t\t<div class=\"elementor-element elementor-element-ff7d865 elementor-widget elementor-widget-text-editor\" data-id=\"ff7d865\" data-element_type=\"widget\" data-e-type=\"widget\" data-widget_type=\"text-editor.default\">\n\t\t\t\t<div class=\"elementor-widget-container\">\n\t\t\t\t\t\t\t\t\t<div data-articleid=\"1353\"><h1>Informe de situaci\u00f3n de julio de 2021<\/h1><p><strong>26.550 kg de frutas y hortalizas distribuidas a los necesitados en julio.<\/strong><\/p><p><strong>13 bancos de alimentos\/organizaciones que nos necesitan urgentemente como socios cuentan con nuestro apoyo. <\/strong><\/p><p><strong>Gracias a nuestra ayuda -y sobre todo a la suya-.<\/strong><\/p><p>Como se esperaba, en julio no pudimos mantener la tendencia positiva. Los bienes que recogimos disminuyeron un 38% aproximadamente en comparaci\u00f3n con el mes anterior. Como una organizaci\u00f3n tuvo que cerrar debido a la Covid &#8211; 19 y otra tuvo problemas de personal, y la afluencia a los bancos de alimentos fue de un 30% menos, no fue demasiado significativo. Los meses de verano son siempre dif\u00edciles porque las altas temperaturas hacen que la mercanc\u00eda se estropee m\u00e1s r\u00e1pidamente y haya que eliminar m\u00e1s. Debido a la positiva situaci\u00f3n del turismo, la situaci\u00f3n de emergencia es actualmente algo m\u00e1s relajada, lo que tambi\u00e9n hab\u00edamos previsto para julio\/agosto en nuestro \u00faltimo informe.<\/p><p>Sin embargo, debido al aumento de los niveles de infecci\u00f3n en toda Europa, no somos muy positivos en cuanto al oto\u00f1o\/invierno y la primavera. Muchas personas simplemente no tienen ninguna reserva para tiempos de necesidad. Por lo tanto, es probable que la tendencia sea negativa, aunque esperamos equivocarnos.<\/p><p><strong>Viajamos 6 (!) d\u00edas a la semana. <\/strong>Estas son las estad\u00edsticas de julio de 2021:<\/p><table width=\"642\"><tbody><tr><td width=\"340\"><p>D\u00edas laborables julio 2021<\/p><\/td><td width=\"302\"><p><strong>26<\/strong><\/p><\/td><\/tr><tr><td width=\"340\"><p>D\u00edas laborables pagados<\/p><\/td><td width=\"302\"><p><strong>47 <\/strong>(2 conductores, incluidas las prestaciones sociales)<\/p><\/td><\/tr><tr><td width=\"340\"><p>Horas de voluntariado<\/p><\/td><td width=\"302\"><p><strong>368<\/strong><strong> horas<\/strong><\/p><\/td><\/tr><tr><td width=\"340\"><p>Distancia recorrida<\/p><\/td><td width=\"302\"><p><strong>7.650<\/strong><strong>\u00a0Km<\/strong><\/p><\/td><\/tr><tr><td width=\"340\"><p>Costes Salario \/ Gasolina \/ Alquiler<\/p><\/td><td width=\"302\"><p><strong>8.045<\/strong><strong>,\u2014EUR +\/-<\/strong> (2 camiones\/ 2 conductores)<\/p><\/td><\/tr><tr><td width=\"340\"><p>Productos frescos cargados<\/p><\/td><td width=\"302\"><p><strong>26.550 kg (42.795 kg en Junio)<\/strong><\/p><\/td><\/tr><tr><td width=\"340\"><p>Total de bienes distribuidos<\/p><\/td><td width=\"302\"><p><strong>27.900 kg<\/strong><\/p><\/td><\/tr><tr><td width=\"340\"><p>Personas necesitadas de ayuda a las que tendemos la mano<\/p><\/td><td width=\"302\"><p><strong>8.000 +\/- Personas<\/strong><\/p><\/td><\/tr><tr><td width=\"340\"><p>Fruta y verdura por persona alcanzada<\/p><\/td><td width=\"302\"><p><strong>3,32<\/strong><strong>\u00a0kg <\/strong>(para un mes)<\/p><\/td><\/tr><\/tbody><\/table><p>Con unos 30 c\u00e9ntimos por kilo de fruta\/verdura (resultado de julio: 19 c\u00e9ntimos), hemos tenido que aceptar un aumento efectivo de los costes en comparaci\u00f3n con los meses anteriores, debido a la fuerte reducci\u00f3n del volumen de mercanc\u00edas. De nuevo pudimos hacer entregas adicionales de varios miles de euros a varias organizaciones m\u00e1s peque\u00f1as. All\u00ed, las necesidades m\u00e1s urgentes eran art\u00edculos de higiene, productos de limpieza, pa\u00f1ales, alimentos para beb\u00e9s y ni\u00f1os, conservas, pasta y leche, etc. Esta lista se mantiene en su mayor parte sin cambios.<\/p><p>Las siguientes organizaciones de ayuda\/socios siguen confiando en nosotros:<\/p><\/div><p>\u2022 Zaqueo (lunes\/mi\u00e9rcoles en rotaci\u00f3n)<br \/>\u2022 Mallorca Sense Fam (lunes y martes)<br \/>\u2022 Can Gaza und Fundacion Minyones (jueves y s\u00e1bado)<br \/>\u2022 SOS Mamas (Mi\u00e9rcoles y Viernes)<br \/>\u2022 HOPE Mallorca e.V. Santanyi (Jueves, Viernes, S\u00e1bado)<br \/>\u2022 HOPE Mallorca e.V. Pollenca, Alcudia, Can Picafort (Lunes)<br \/>\u2022 Asociaci\u00f3n Es Rebost Binissalem (una vez al mes)<br \/>\u2022 Barber Angels\/ SOS Mamas (Mi\u00e9rcoles y S\u00e1bados)<br \/>\u2022 Templarios Muro (Jueves)<br \/>\u2022 Templarios Palma (Lunes)<br \/>\u2022 Asociaci\u00f3n Cal\u00e9 de Marratxi (Martes)<br \/>\u2022 ONG Noble Solidari Santa Eugenia (cada 14 d\u00edas los S\u00e1bados)<br \/>\u2022 SI Mallorca, Llucmajor (en mayo con la entrega de productos de higiene de alta calidad \/ cosm\u00e9tica natural de MIVITA \/ alimentos para beb\u00e9s ALMIRON y NIDINA Premium)<\/p><p>)<\/p><p><img fetchpriority=\"high\" decoding=\"async\" class=\"alignnone wp-image-2258 size-full\" src=\"https:\/\/lionsclubpalma.com\/wp-content\/uploads\/Vorlage-Bilder-Bericht.jpg\" alt=\"\" width=\"1067\" height=\"667\" srcset=\"https:\/\/lionsclubpalma.com\/wp-content\/uploads\/Vorlage-Bilder-Bericht.jpg 1067w, https:\/\/lionsclubpalma.com\/wp-content\/uploads\/Vorlage-Bilder-Bericht-300x188.jpg 300w, https:\/\/lionsclubpalma.com\/wp-content\/uploads\/Vorlage-Bilder-Bericht-1024x640.jpg 1024w, https:\/\/lionsclubpalma.com\/wp-content\/uploads\/Vorlage-Bilder-Bericht-768x480.jpg 768w\" sizes=\"(max-width: 1067px) 100vw, 1067px\" \/><\/p><div data-articleid=\"1353\"><p style=\"text-align: center;\">Foto izquierda: f. l. Heri, Claudia, Marcos, Klaus, Dagmar, Wolfgang\/ Foto derecha: Dagmar, Claudia, Klaus, Wolfgang<\/p><p>Queridos amigos y donantes, como siempre, un sincero GRACIAS a vosotros. S\u00f3lo porque hay gente como T\u00da es posible que sigamos realizando nuestro proyecto de coraz\u00f3n \u00abComida para todos\u00bb. Gracias tambi\u00e9n a todos los nuevos donantes que han respondido a nuestra llamada y nos apoyan. Gracias al gran equipo que trabaja incansablemente por nuestra causa.<\/p><p>Saludos desde el coraz\u00f3n<\/p><p>&#8211; el Club de Leones de Palma de Mallorca con la presidenta Dagmar Daum de Waard<br \/>&#8211; los directores de proyecto Claudia Joest, Klaus Goergen, Wolfgang Kr\u00e4mer<\/p><p>Contacto\/ Comentarios\/ Sugerencias Wolfgang Kr\u00e4mer: +49 171 6997773\u00a0\u00a0 <a href=\"mailto:wkraemer@lionsclubpalma.com\">wkraemer@lionsclubpalma.com<\/a><\/p><p><strong>Donar por transferencia bancaria o a trav\u00e9s de Paypal<br \/><\/strong><strong>Club de Leones de Palma de Mallorca <br \/><\/strong><strong>Comida para todos<br \/><\/strong><strong>IBAN: ES62 2100 4379 6302 0005 0026 Banco: La Caixa <\/strong><\/p><p>Se pueden emitir recibos de donaci\u00f3n para usted si lo solicita. Necesitamos para esto: Nombre, direcci\u00f3n, n\u00famero de identificaci\u00f3n fiscal y oficina fiscal responsable.\u00a0\u00a0\u00a0<\/p><\/div>\t\t\t\t\t\t\t\t<\/div>\n\t\t\t\t<\/div>\n\t\t\t\t\t<\/div>\n\t\t<\/div>\n\t\t\t\t\t<\/div>\n\t\t<\/section>\n\t\t\t\t<\/div>\n\t\t","protected":false},"excerpt":{"rendered":"<p>Informe de situaci\u00f3n de julio de 2021 26.550 kg de frutas y hortalizas distribuidas a los necesitados en julio. 13 bancos de alimentos\/organizaciones que nos necesitan urgentemente como socios cuentan [&hellip;]<\/p>\n","protected":false},"author":1,"featured_media":0,"parent":2268,"menu_order":0,"comment_status":"closed","ping_status":"closed","template":"","meta":{"ocean_post_layout":"","ocean_both_sidebars_style":"","ocean_both_sidebars_content_width":0,"ocean_both_sidebars_sidebars_width":0,"ocean_sidebar":"0","ocean_second_sidebar":"0","ocean_disable_margins":"enable","ocean_add_body_class":"","ocean_shortcode_before_top_bar":"","ocean_shortcode_after_top_bar":"","ocean_shortcode_before_header":"","ocean_shortcode_after_header":"","ocean_has_shortcode":"","ocean_shortcode_after_title":"","ocean_shortcode_before_footer_widgets":"","ocean_shortcode_after_footer_widgets":"","ocean_shortcode_before_footer_bottom":"","ocean_shortcode_after_footer_bottom":"","ocean_display_top_bar":"default","ocean_display_header":"default","ocean_header_style":"","ocean_center_header_left_menu":"0","ocean_custom_header_template":"0","ocean_custom_logo":0,"ocean_custom_retina_logo":0,"ocean_custom_logo_max_width":0,"ocean_custom_logo_tablet_max_width":0,"ocean_custom_logo_mobile_max_width":0,"ocean_custom_logo_max_height":0,"ocean_custom_logo_tablet_max_height":0,"ocean_custom_logo_mobile_max_height":0,"ocean_header_custom_menu":"0","ocean_menu_typo_font_family":"0","ocean_menu_typo_font_subset":"","ocean_menu_typo_font_size":0,"ocean_menu_typo_font_size_tablet":0,"ocean_menu_typo_font_size_mobile":0,"ocean_menu_typo_font_size_unit":"px","ocean_menu_typo_font_weight":"","ocean_menu_typo_font_weight_tablet":"","ocean_menu_typo_font_weight_mobile":"","ocean_menu_typo_transform":"","ocean_menu_typo_transform_tablet":"","ocean_menu_typo_transform_mobile":"","ocean_menu_typo_line_height":0,"ocean_menu_typo_line_height_tablet":0,"ocean_menu_typo_line_height_mobile":0,"ocean_menu_typo_line_height_unit":"","ocean_menu_typo_spacing":0,"ocean_menu_typo_spacing_tablet":0,"ocean_menu_typo_spacing_mobile":0,"ocean_menu_typo_spacing_unit":"","ocean_menu_link_color":"","ocean_menu_link_color_hover":"","ocean_menu_link_color_active":"","ocean_menu_link_background":"","ocean_menu_link_hover_background":"","ocean_menu_link_active_background":"","ocean_menu_social_links_bg":"","ocean_menu_social_hover_links_bg":"","ocean_menu_social_links_color":"","ocean_menu_social_hover_links_color":"","ocean_disable_title":"default","ocean_disable_heading":"default","ocean_post_title":"","ocean_post_subheading":"","ocean_post_title_style":"","ocean_post_title_background_color":"","ocean_post_title_background":0,"ocean_post_title_bg_image_position":"","ocean_post_title_bg_image_attachment":"","ocean_post_title_bg_image_repeat":"","ocean_post_title_bg_image_size":"","ocean_post_title_height":0,"ocean_post_title_bg_overlay":0.5,"ocean_post_title_bg_overlay_color":"","ocean_disable_breadcrumbs":"default","ocean_breadcrumbs_color":"","ocean_breadcrumbs_separator_color":"","ocean_breadcrumbs_links_color":"","ocean_breadcrumbs_links_hover_color":"","ocean_display_footer_widgets":"default","ocean_display_footer_bottom":"default","ocean_custom_footer_template":"0","footnotes":""},"class_list":["post-2429","page","type-page","status-publish","hentry","entry"],"_links":{"self":[{"href":"https:\/\/lionsclubpalma.com\/es\/wp-json\/wp\/v2\/pages\/2429","targetHints":{"allow":["GET"]}}],"collection":[{"href":"https:\/\/lionsclubpalma.com\/es\/wp-json\/wp\/v2\/pages"}],"about":[{"href":"https:\/\/lionsclubpalma.com\/es\/wp-json\/wp\/v2\/types\/page"}],"author":[{"embeddable":true,"href":"https:\/\/lionsclubpalma.com\/es\/wp-json\/wp\/v2\/users\/1"}],"replies":[{"embeddable":true,"href":"https:\/\/lionsclubpalma.com\/es\/wp-json\/wp\/v2\/comments?post=2429"}],"version-history":[{"count":0,"href":"https:\/\/lionsclubpalma.com\/es\/wp-json\/wp\/v2\/pages\/2429\/revisions"}],"up":[{"embeddable":true,"href":"https:\/\/lionsclubpalma.com\/es\/wp-json\/wp\/v2\/pages\/2268"}],"wp:attachment":[{"href":"https:\/\/lionsclubpalma.com\/es\/wp-json\/wp\/v2\/media?parent=2429"}],"curies":[{"name":"wp","href":"https:\/\/api.w.org\/{rel}","templated":true}]}}