{"id":2505,"date":"2021-09-06T12:25:50","date_gmt":"2021-09-06T12:25:50","guid":{"rendered":"https:\/\/lionsclubpalma.com\/?page_id=2505"},"modified":"2021-09-06T12:35:04","modified_gmt":"2021-09-06T12:35:04","slug":"informe-de-situacion-de-agosto-de-2021","status":"publish","type":"page","link":"https:\/\/lionsclubpalma.com\/es\/comida-para-todos\/informe-de-situacion-de-agosto-de-2021\/","title":{"rendered":"Informe de situaci\u00f3n de agosto de 2021"},"content":{"rendered":"\t\t<div data-elementor-type=\"wp-page\" data-elementor-id=\"2505\" class=\"elementor elementor-2505 elementor-2483\" data-elementor-post-type=\"page\">\n\t\t\t\t\t\t<section class=\"elementor-section elementor-top-section elementor-element elementor-element-e87bfdf elementor-section-boxed elementor-section-height-default elementor-section-height-default\" data-id=\"e87bfdf\" data-element_type=\"section\" data-e-type=\"section\">\n\t\t\t\t\t\t<div class=\"elementor-container elementor-column-gap-default\">\n\t\t\t\t\t<div class=\"elementor-column elementor-col-100 elementor-top-column elementor-element elementor-element-fae8153\" data-id=\"fae8153\" data-element_type=\"column\" data-e-type=\"column\" data-settings=\"{&quot;background_background&quot;:&quot;classic&quot;}\">\n\t\t\t<div class=\"elementor-widget-wrap elementor-element-populated\">\n\t\t\t\t\t\t<div class=\"elementor-element elementor-element-460392a elementor-widget elementor-widget-text-editor\" data-id=\"460392a\" data-element_type=\"widget\" data-e-type=\"widget\" data-widget_type=\"text-editor.default\">\n\t\t\t\t<div class=\"elementor-widget-container\">\n\t\t\t\t\t\t\t\t\t<div data-articleid=\"1353\"><h1>Informe de situaci\u00f3n de agosto de 2021<\/h1><p><strong>20.425 kg de frutas y hortalizas distribuidas a los m\u00e1s necesitados en Agosto.<\/strong><br \/><strong>Gracias a nuestra ayuda -y sobre todo a la suya-.<\/strong><\/p><p><strong>La acci\u00f3n de la harina llega a buen fin<\/strong><\/p><p>En agosto, s\u00f3lo hicimos la ruta limitada de Palma, debido al enorme calor y tambi\u00e9n a que muchas organizaciones estaban cerradas. Esto ha sido as\u00ed durante muchos a\u00f1os y es t\u00edpico de la isla. As\u00ed que tambi\u00e9n podr\u00edamos turnarnos para enviar a nuestros conductores a sus merecidas vacaciones. <br \/>Hicimos una campa\u00f1a aparte con harina donada por LIDL. El objetivo era algo m\u00e1s de 3 toneladas. Desgraciadamente, hubo dificultades con las cantidades indicadas y las fechas, por lo que nos encontramos con recorridos vac\u00edos y p\u00e9rdidas de tiempo. Siempre son molestas estas aver\u00edas. Al final, pudimos distribuir casi la misma cantidad a Can Gaza y Mallorca Sense Fam. HOPE, tambi\u00e9n se desplaz\u00f3 con sus propios veh\u00edculos y conductores y se pudo distribuir unas 1,5 toneladas. Sin embargo, \u00a1una buena acci\u00f3n! GRACIAS<\/p><p><strong>Viajamos 6 (!) d\u00edas a la semana. <\/strong>Estas son las estad\u00edsticas de agosto de 2021:<\/p><table width=\"642\"><tbody><tr><td width=\"340\"><p>D\u00edas laborables julio 2021<\/p><\/td><td width=\"302\"><p><strong>26<\/strong><\/p><\/td><\/tr><tr><td width=\"340\">\u00a0<\/td><td width=\"302\">\u00a0<\/td><\/tr><tr><td width=\"340\"><p>Horas de voluntariado<\/p><\/td><td width=\"302\"><p><strong>218<\/strong><strong>\u00a0horas<\/strong><\/p><\/td><\/tr><tr><td width=\"340\"><p>Distancia recorrida<\/p><\/td><td width=\"302\"><p><strong>2.100<\/strong><strong>\u00a0Km<\/strong><\/p><\/td><\/tr><tr><td width=\"340\"><p>Costes Salario \/ Gasolina \/ Alquiler<\/p><\/td><td width=\"302\"><p><strong>7.200<\/strong><strong>,\u2014EUR +\/-<\/strong> (2 camiones\/ 2 conductores)<\/p><\/td><\/tr><tr><td width=\"340\"><p>Productos frescos cargados<\/p><\/td><td width=\"302\"><p><strong>20.425 kg (26.000 kg en Julio)<\/strong><\/p><\/td><\/tr><tr><td width=\"340\"><p>Total de bienes distribuidos<\/p><\/td><td width=\"302\"><p><strong>22.500 kg<\/strong><\/p><\/td><\/tr><tr><td width=\"340\"><p>Personas necesitadas de ayuda a las que tendemos la mano<\/p><\/td><td width=\"302\"><p><strong>6.000 +\/- Personas<\/strong><\/p><\/td><\/tr><tr><td width=\"340\"><p>Fruta y verdura por persona alcanzada<\/p><\/td><td width=\"302\"><p><strong>3,75<\/strong><strong>\u00a0kg <\/strong>(para un mes)<\/p><\/td><\/tr><\/tbody><\/table><p>Con unos 32 c\u00e9ntimos por kilo de fruta\/verdura (resultado de julio: 30 c\u00e9ntimos), hemos tenido que aceptar un aumento efectivo de los costes en comparaci\u00f3n con los meses anteriores, debido a la fuerte reducci\u00f3n del volumen de mercanc\u00edas. Sin embargo, estamos muy satisfechos con el resultado.<br \/>Muchos peque\u00f1os bancos de alimentos hab\u00edan cerrado, y SOS Mamas tambi\u00e9n hab\u00eda interrumpido completamente su servicio en agosto. La esperanza estaba en pleno funcionamiento en Santanyi y recog\u00eda la mercanc\u00eda de forma independiente en algunas sucursales del LIDL.<\/p><p>Las siguientes organizaciones de ayuda\/socios siguen confiando en nosotros:<\/p><\/div><p>\u2022 Zaqueo (lunes\/mi\u00e9rcoles en rotaci\u00f3n)<br \/>\u2022 Mallorca Sense Fam (lunes y martes)<br \/>\u2022 Can Gaza und Fundacion Minyones (jueves y s\u00e1bado)<br \/>\u2022 SOS Mamas (Mi\u00e9rcoles y Viernes)<br \/>\u2022 HOPE Mallorca e.V. Santanyi (Jueves, Viernes, S\u00e1bado)<br \/>\u2022 HOPE Mallorca e.V. Pollenca, Alcudia, Can Picafort (Lunes)<br \/>\u2022 Asociaci\u00f3n Es Rebost Binissalem (una vez al mes)<br \/>\u2022 Barber Angels\/ SOS Mamas (Mi\u00e9rcoles y S\u00e1bados)<br \/>\u2022 Templarios Muro (Jueves)<br \/>\u2022 Templarios Palma (Lunes)<br \/>\u2022 Asociaci\u00f3n Cal\u00e9 de Marratxi (Martes)<br \/>\u2022 ONG Noble Solidari Santa Eugenia (cada 14 d\u00edas los S\u00e1bados)<br \/>\u2022 SI Mallorca, Llucmajor (en mayo con la entrega de productos de higiene de alta calidad \/ cosm\u00e9tica natural de MIVITA \/ alimentos para beb\u00e9s ALMIRON y NIDINA Premium)<\/p><p>)<\/p><p><img fetchpriority=\"high\" decoding=\"async\" class=\"alignnone wp-image-2490 size-full\" src=\"https:\/\/lionsclubpalma.com\/wp-content\/uploads\/Mehlaktion.jpeg\" alt=\"\" width=\"640\" height=\"480\" srcset=\"https:\/\/lionsclubpalma.com\/wp-content\/uploads\/Mehlaktion.jpeg 640w, https:\/\/lionsclubpalma.com\/wp-content\/uploads\/Mehlaktion-300x225.jpeg 300w\" sizes=\"(max-width: 640px) 100vw, 640px\" \/><\/p><div data-articleid=\"1353\"><p>Queridos amigos y donantes, como siempre, un sincero GRACIAS a vosotros. S\u00f3lo porque hay gente como T\u00da es posible que sigamos realizando nuestro proyecto de coraz\u00f3n \u00abComida para todos\u00bb. Gracias tambi\u00e9n a todos los nuevos donantes que han respondido a nuestra llamada y nos apoyan. Gracias al gran equipo que trabaja incansablemente por nuestra causa.<\/p><p>Saludos desde el coraz\u00f3n<\/p><p>&#8211; el Club de Leones de Palma de Mallorca con la presidenta Dagmar Daum de Waard<br \/>&#8211; los directores de proyecto Claudia Joest, Klaus Goergen, Wolfgang Kr\u00e4mer<\/p><p>Contacto\/ Comentarios\/ Sugerencias Wolfgang Kr\u00e4mer: +49 171 6997773\u00a0\u00a0 <a href=\"mailto:wkraemer@lionsclubpalma.com\">wkraemer@lionsclubpalma.com<\/a><\/p><p><strong>Donar por transferencia bancaria o a trav\u00e9s de Paypal<br \/><\/strong><strong>Club de Leones de Palma de Mallorca <br \/><\/strong><strong>Comida para todos<br \/><\/strong><strong>IBAN: ES62 2100 4379 6302 0005 0026 Banco: La Caixa <\/strong><\/p><p>Se pueden emitir recibos de donaci\u00f3n para usted si lo solicita. Necesitamos para esto: Nombre, direcci\u00f3n, n\u00famero de identificaci\u00f3n fiscal y oficina fiscal responsable.\u00a0\u00a0\u00a0<\/p><\/div>\t\t\t\t\t\t\t\t<\/div>\n\t\t\t\t<\/div>\n\t\t\t\t\t<\/div>\n\t\t<\/div>\n\t\t\t\t\t<\/div>\n\t\t<\/section>\n\t\t\t\t<\/div>\n\t\t","protected":false},"excerpt":{"rendered":"<p>Informe de situaci\u00f3n de agosto de 2021 20.425 kg de frutas y hortalizas distribuidas a los m\u00e1s necesitados en Agosto.Gracias a nuestra ayuda -y sobre todo a la suya-. La [&hellip;]<\/p>\n","protected":false},"author":1,"featured_media":0,"parent":2268,"menu_order":0,"comment_status":"closed","ping_status":"closed","template":"","meta":{"ocean_post_layout":"","ocean_both_sidebars_style":"","ocean_both_sidebars_content_width":0,"ocean_both_sidebars_sidebars_width":0,"ocean_sidebar":"0","ocean_second_sidebar":"0","ocean_disable_margins":"enable","ocean_add_body_class":"","ocean_shortcode_before_top_bar":"","ocean_shortcode_after_top_bar":"","ocean_shortcode_before_header":"","ocean_shortcode_after_header":"","ocean_has_shortcode":"","ocean_shortcode_after_title":"","ocean_shortcode_before_footer_widgets":"","ocean_shortcode_after_footer_widgets":"","ocean_shortcode_before_footer_bottom":"","ocean_shortcode_after_footer_bottom":"","ocean_display_top_bar":"default","ocean_display_header":"default","ocean_header_style":"","ocean_center_header_left_menu":"0","ocean_custom_header_template":"0","ocean_custom_logo":0,"ocean_custom_retina_logo":0,"ocean_custom_logo_max_width":0,"ocean_custom_logo_tablet_max_width":0,"ocean_custom_logo_mobile_max_width":0,"ocean_custom_logo_max_height":0,"ocean_custom_logo_tablet_max_height":0,"ocean_custom_logo_mobile_max_height":0,"ocean_header_custom_menu":"0","ocean_menu_typo_font_family":"0","ocean_menu_typo_font_subset":"","ocean_menu_typo_font_size":0,"ocean_menu_typo_font_size_tablet":0,"ocean_menu_typo_font_size_mobile":0,"ocean_menu_typo_font_size_unit":"px","ocean_menu_typo_font_weight":"","ocean_menu_typo_font_weight_tablet":"","ocean_menu_typo_font_weight_mobile":"","ocean_menu_typo_transform":"","ocean_menu_typo_transform_tablet":"","ocean_menu_typo_transform_mobile":"","ocean_menu_typo_line_height":0,"ocean_menu_typo_line_height_tablet":0,"ocean_menu_typo_line_height_mobile":0,"ocean_menu_typo_line_height_unit":"","ocean_menu_typo_spacing":0,"ocean_menu_typo_spacing_tablet":0,"ocean_menu_typo_spacing_mobile":0,"ocean_menu_typo_spacing_unit":"","ocean_menu_link_color":"","ocean_menu_link_color_hover":"","ocean_menu_link_color_active":"","ocean_menu_link_background":"","ocean_menu_link_hover_background":"","ocean_menu_link_active_background":"","ocean_menu_social_links_bg":"","ocean_menu_social_hover_links_bg":"","ocean_menu_social_links_color":"","ocean_menu_social_hover_links_color":"","ocean_disable_title":"default","ocean_disable_heading":"default","ocean_post_title":"","ocean_post_subheading":"","ocean_post_title_style":"","ocean_post_title_background_color":"","ocean_post_title_background":0,"ocean_post_title_bg_image_position":"","ocean_post_title_bg_image_attachment":"","ocean_post_title_bg_image_repeat":"","ocean_post_title_bg_image_size":"","ocean_post_title_height":0,"ocean_post_title_bg_overlay":0.5,"ocean_post_title_bg_overlay_color":"","ocean_disable_breadcrumbs":"default","ocean_breadcrumbs_color":"","ocean_breadcrumbs_separator_color":"","ocean_breadcrumbs_links_color":"","ocean_breadcrumbs_links_hover_color":"","ocean_display_footer_widgets":"default","ocean_display_footer_bottom":"default","ocean_custom_footer_template":"0","footnotes":""},"class_list":["post-2505","page","type-page","status-publish","hentry","entry"],"_links":{"self":[{"href":"https:\/\/lionsclubpalma.com\/es\/wp-json\/wp\/v2\/pages\/2505","targetHints":{"allow":["GET"]}}],"collection":[{"href":"https:\/\/lionsclubpalma.com\/es\/wp-json\/wp\/v2\/pages"}],"about":[{"href":"https:\/\/lionsclubpalma.com\/es\/wp-json\/wp\/v2\/types\/page"}],"author":[{"embeddable":true,"href":"https:\/\/lionsclubpalma.com\/es\/wp-json\/wp\/v2\/users\/1"}],"replies":[{"embeddable":true,"href":"https:\/\/lionsclubpalma.com\/es\/wp-json\/wp\/v2\/comments?post=2505"}],"version-history":[{"count":0,"href":"https:\/\/lionsclubpalma.com\/es\/wp-json\/wp\/v2\/pages\/2505\/revisions"}],"up":[{"embeddable":true,"href":"https:\/\/lionsclubpalma.com\/es\/wp-json\/wp\/v2\/pages\/2268"}],"wp:attachment":[{"href":"https:\/\/lionsclubpalma.com\/es\/wp-json\/wp\/v2\/media?parent=2505"}],"curies":[{"name":"wp","href":"https:\/\/api.w.org\/{rel}","templated":true}]}}