{"id":2622,"date":"2021-10-28T09:12:03","date_gmt":"2021-10-28T09:12:03","guid":{"rendered":"https:\/\/lionsclubpalma.com\/?page_id=2622"},"modified":"2021-10-28T09:31:00","modified_gmt":"2021-10-28T09:31:00","slug":"informe-de-situacion-de-septiembre","status":"publish","type":"page","link":"https:\/\/lionsclubpalma.com\/es\/comida-para-todos\/informe-de-situacion-de-septiembre\/","title":{"rendered":"Informe de situaci\u00f3n de septiembre de 2021"},"content":{"rendered":"\t\t<div data-elementor-type=\"wp-page\" data-elementor-id=\"2622\" class=\"elementor elementor-2622 elementor-2561\" data-elementor-post-type=\"page\">\n\t\t\t\t\t\t<section class=\"elementor-section elementor-top-section elementor-element elementor-element-254ed52 elementor-section-boxed elementor-section-height-default elementor-section-height-default\" data-id=\"254ed52\" data-element_type=\"section\" data-e-type=\"section\">\n\t\t\t\t\t\t<div class=\"elementor-container elementor-column-gap-default\">\n\t\t\t\t\t<div class=\"elementor-column elementor-col-100 elementor-top-column elementor-element elementor-element-034c286\" data-id=\"034c286\" data-element_type=\"column\" data-e-type=\"column\">\n\t\t\t<div class=\"elementor-widget-wrap elementor-element-populated\">\n\t\t\t\t\t\t<div class=\"elementor-element elementor-element-791ebc1 elementor-widget elementor-widget-text-editor\" data-id=\"791ebc1\" data-element_type=\"widget\" data-e-type=\"widget\" data-widget_type=\"text-editor.default\">\n\t\t\t\t<div class=\"elementor-widget-container\">\n\t\t\t\t\t\t\t\t\t<div data-articleid=\"1353\"><h1>Informe de situaci\u00f3n de septiembre de 2021<\/h1><p><strong>29.975 kg de frutas y hortalizas distribuidas a los m\u00e1s necesitados en septiembre.<\/strong><br \/><strong>Gracias a nuestra ayuda -y sobre todo a la suya-.<\/strong><br \/><strong>Visita a Templarios en Palma\/ Acci\u00f3n escolar en Llucmajor\/ Mesa redonda LIDL<\/strong><\/p><p>En septiembre, volvimos a normalizar nuestras capacidades. Los conductores, descansados des-pu\u00e9s de sus vacaciones, volvieron a estar llenos de energ\u00eda y con ganas de hacer el recorrido. As\u00ed, en septiembre hemos recogido un 50% m\u00e1s de bienes que en agosto. Hab\u00edamos contratado un cami\u00f3n m\u00e1s peque\u00f1o para la ruta del noreste, ya que el volumen de mercanc\u00edas all\u00ed es menor que en la ruta de Palma. Sin embargo, a partir de octubre, volveremos a recorrer ambas rutas con un cami\u00f3n de 3,5 toneladas. La reuni\u00f3n anual con la direcci\u00f3n de Lidl, el Sr. Becker y nuestro director de proyectos, Wolfgang Kr\u00e4mer, result\u00f3 muy \u00fatil y prometedora. Se habl\u00f3 de eficiencia, log\u00edstica, calidad, motivaci\u00f3n de los empleados y orientaci\u00f3n estrat\u00e9gica. Tambi\u00e9n se habl\u00f3 de una mayor integraci\u00f3n de los empleados de Lidl en el proyecto. Esto conduce inevitablemente a una mayor eficiencia y a una mejor calidad de los productos. Muchas gracias a la direcci\u00f3n, a los responsab-les de las tiendas y a todos los empleados de Lidl por su compromiso.<\/p><p>Viajamos 6 (!) d\u00edas a la semana. Estas son las estad\u00edsticas de septiembre de 2021:<\/p><table width=\"642\"><tbody><tr><td width=\"340\"><p>D\u00edas laborables septiembre 2021<\/p><\/td><td width=\"302\"><p><strong>26<\/strong><\/p><\/td><\/tr><tr><td width=\"340\"><p>Horas de voluntariado<\/p><\/td><td width=\"302\"><p><strong>318 horas<\/strong><\/p><\/td><\/tr><tr><td width=\"340\"><p>Distancia recorrida<\/p><\/td><td width=\"302\"><p><strong>7.675 KM<\/strong><\/p><\/td><\/tr><tr><td width=\"340\"><p>Costes Salario \/ Gasolina \/ Alquiler<\/p><\/td><td width=\"302\"><p><strong>8.500EUR +\/- <\/strong>(2 camiones\/ 2 conductores)<\/p><\/td><\/tr><tr><td width=\"340\"><p>Productos frescos cargados<\/p><\/td><td width=\"302\"><p><strong>29.975 kg (20.425 kg en agosto)<\/strong><\/p><\/td><\/tr><tr><td width=\"340\"><p>Total de bienes distribuidos<\/p><\/td><td width=\"302\"><p><strong>30.250<\/strong><strong>\u00a0kg<\/strong><\/p><\/td><\/tr><tr><td width=\"340\"><p>Personas necesitadas de ayuda a las que tendemos la mano<\/p><\/td><td width=\"302\"><p><strong>7.500 +\/- personas <\/strong>(y aumentando)<\/p><\/td><\/tr><tr><td width=\"340\"><p>Fruta y verdura por persona alcanzada<\/p><\/td><td width=\"302\"><p><strong>4 kg <\/strong>(\u00a1para un mes!)<\/p><\/td><\/tr><\/tbody><\/table><p>Con unos 28 c\u00e9ntimos por kilo de fruta\/verdura (resultado de agosto: 32 c\u00e9ntimos), pudimos alcanzar de nuevo nuestro costes (25-30 c\u00e9ntimos de euro por kilo). Klaus G\u00f6rgen y Wolfgang Kr\u00e4mer visitaron Templarios en Palma y preguntaron por los procesos de trabajo y la necesidad. De forma espont\u00e1nea, se compra-ron y montaron dos estanter\u00edas de gran resistencia para crear un poco m\u00e1s de espacio en el estrecho res-taurante. Adem\u00e1s, se realizaron compras de aceite de oliva, leche, conservas, etc., iniciadas por nuestra Presidenta Dagmar Daum de Waard. W. Kr\u00e4mer que realiz\u00f3 una exitosa campa\u00f1a escolar en Llucmajor, tambi\u00e9n Claudia Joest en Palma, donde se entregaron mochilas, utensilios y una subvenci\u00f3n en met\u00e1lico de 100 Euros por ni\u00f1o para la matriculaci\u00f3n de 18 alumnos en el nuevo curso escolar. La alegr\u00eda fue muy grande! Gracias tambi\u00e9n a Lions Neuruppin por su apoyo (informe detallado en la p\u00e1gina web).<\/p><p>Las siguientes organizaciones de ayuda\/socios siguen confiando en nosotros:<\/p><\/div><p>\u2022 Zaqueo (lunes\/mi\u00e9rcoles en rotaci\u00f3n)<br \/>\u2022 Mallorca Sense Fam (lunes y martes)<br \/>\u2022 Can Gaza und Fundacion Minyones (jueves y s\u00e1bado)<br \/>\u2022 SOS Mamas (Mi\u00e9rcoles y Viernes)<br \/>\u2022 HOPE Mallorca e.V. Santanyi (Jueves, Viernes, S\u00e1bado)<br \/>\u2022 HOPE Mallorca e.V. Pollenca, Alcudia, Can Picafort (Lunes)<br \/>\u2022 Asociaci\u00f3n Es Rebost Binissalem (una vez al mes)<br \/>\u2022 Barber Angels\/ SOS Mamas (Mi\u00e9rcoles y S\u00e1bados)<br \/>\u2022 Templarios Muro (Jueves)<br \/>\u2022 Templarios Palma (Lunes)<br \/>\u2022 Asociaci\u00f3n Cal\u00e9 de Marratxi (Martes)<br \/>\u2022 ONG Noble Solidari Santa Eugenia (cada 14 d\u00edas los S\u00e1bados)<br \/>\u2022 SI Mallorca, Llucmajor (integrado en la campa\u00f1a escolar, con mochilas, untensilios y 100 \u20ac)<\/p><p><img fetchpriority=\"high\" decoding=\"async\" class=\"alignnone wp-image-2566 size-full\" src=\"https:\/\/lionsclubpalma.com\/wp-content\/uploads\/Bilder-im-Bericht.jpg\" alt=\"\" width=\"1200\" height=\"600\" srcset=\"https:\/\/lionsclubpalma.com\/wp-content\/uploads\/Bilder-im-Bericht.jpg 1200w, https:\/\/lionsclubpalma.com\/wp-content\/uploads\/Bilder-im-Bericht-300x150.jpg 300w, https:\/\/lionsclubpalma.com\/wp-content\/uploads\/Bilder-im-Bericht-1024x512.jpg 1024w, https:\/\/lionsclubpalma.com\/wp-content\/uploads\/Bilder-im-Bericht-768x384.jpg 768w\" sizes=\"(max-width: 1200px) 100vw, 1200px\" \/><\/p><div data-articleid=\"1353\"><p style=\"text-align: left;\">Izquierda: Team Comida para todos: Klaus, Marcos, Wolfgang, Heri, Dagmar, Claudia<br \/>Derecha: Team Comida para todos: Wolfgang, Eva, Marcos, Klaus, Antonio<\/p><p class=\"TextA\">Queridos amigos y donantes, como siempre, un sincero GRACIAS a vosotros. S\u00f3lo gracias a personas como t\u00fa podemos continuar con nuestro proyecto de coraz\u00f3n \u00abComida para todos\u00bb. Actualmente, tambi\u00e9n estamos distribuyendo nuestras \u00abbolsas CPT\u00bb a las organizaciones de ayuda (imagen superior derecha\/ Templarios Palma). Estos sirven para mejorar la higiene y facilitar la distribuci\u00f3n de alimentos a quienes buscan ayuda.<\/p><p>Saludos desde el coraz\u00f3n<\/p><p>\u2013 el Club de Leones de Palma de Mallorca con la presidenta Dagmar Daum de Waard<br \/>\u2013 los directores de proyecto Claudia Joest, Klaus Goergen, Wolfgang Kr\u00e4mer<\/p><p>Contacto\/ Comentarios\/ Sugerencias Wolfgang Kr\u00e4mer: +49 171 6997773\u00a0\u00a0 <a href=\"mailto:wkraemer@lionsclubpalma.com\">wkraemer@lionsclubpalma.com<\/a><\/p><p><strong>Donar por transferencia bancaria o a trav\u00e9s de Paypal<br \/><\/strong><strong>Club de Leones de Palma de Mallorca <br \/><\/strong><strong>Comida para todos<br \/><\/strong><strong>IBAN: ES62 2100 4379 6302 0005 0026 Banco: La Caixa <\/strong><\/p><p>Se pueden emitir recibos de donaci\u00f3n para usted si lo solicita. Necesitamos para esto: Nombre, direcci\u00f3n, n\u00famero de identificaci\u00f3n fiscal y oficina fiscal responsable.\u00a0\u00a0\u00a0<\/p><\/div>\t\t\t\t\t\t\t\t<\/div>\n\t\t\t\t<\/div>\n\t\t\t\t\t<\/div>\n\t\t<\/div>\n\t\t\t\t\t<\/div>\n\t\t<\/section>\n\t\t\t\t<\/div>\n\t\t","protected":false},"excerpt":{"rendered":"<p>Informe de situaci\u00f3n de septiembre de 2021 29.975 kg de frutas y hortalizas distribuidas a los m\u00e1s necesitados en septiembre. Gracias a nuestra ayuda -y sobre todo a la suya-. [&hellip;]<\/p>\n","protected":false},"author":1,"featured_media":0,"parent":2268,"menu_order":0,"comment_status":"closed","ping_status":"closed","template":"","meta":{"ocean_post_layout":"","ocean_both_sidebars_style":"","ocean_both_sidebars_content_width":0,"ocean_both_sidebars_sidebars_width":0,"ocean_sidebar":"0","ocean_second_sidebar":"0","ocean_disable_margins":"enable","ocean_add_body_class":"","ocean_shortcode_before_top_bar":"","ocean_shortcode_after_top_bar":"","ocean_shortcode_before_header":"","ocean_shortcode_after_header":"","ocean_has_shortcode":"","ocean_shortcode_after_title":"","ocean_shortcode_before_footer_widgets":"","ocean_shortcode_after_footer_widgets":"","ocean_shortcode_before_footer_bottom":"","ocean_shortcode_after_footer_bottom":"","ocean_display_top_bar":"default","ocean_display_header":"default","ocean_header_style":"","ocean_center_header_left_menu":"0","ocean_custom_header_template":"0","ocean_custom_logo":0,"ocean_custom_retina_logo":0,"ocean_custom_logo_max_width":0,"ocean_custom_logo_tablet_max_width":0,"ocean_custom_logo_mobile_max_width":0,"ocean_custom_logo_max_height":0,"ocean_custom_logo_tablet_max_height":0,"ocean_custom_logo_mobile_max_height":0,"ocean_header_custom_menu":"0","ocean_menu_typo_font_family":"0","ocean_menu_typo_font_subset":"","ocean_menu_typo_font_size":0,"ocean_menu_typo_font_size_tablet":0,"ocean_menu_typo_font_size_mobile":0,"ocean_menu_typo_font_size_unit":"px","ocean_menu_typo_font_weight":"","ocean_menu_typo_font_weight_tablet":"","ocean_menu_typo_font_weight_mobile":"","ocean_menu_typo_transform":"","ocean_menu_typo_transform_tablet":"","ocean_menu_typo_transform_mobile":"","ocean_menu_typo_line_height":0,"ocean_menu_typo_line_height_tablet":0,"ocean_menu_typo_line_height_mobile":0,"ocean_menu_typo_line_height_unit":"","ocean_menu_typo_spacing":0,"ocean_menu_typo_spacing_tablet":0,"ocean_menu_typo_spacing_mobile":0,"ocean_menu_typo_spacing_unit":"","ocean_menu_link_color":"","ocean_menu_link_color_hover":"","ocean_menu_link_color_active":"","ocean_menu_link_background":"","ocean_menu_link_hover_background":"","ocean_menu_link_active_background":"","ocean_menu_social_links_bg":"","ocean_menu_social_hover_links_bg":"","ocean_menu_social_links_color":"","ocean_menu_social_hover_links_color":"","ocean_disable_title":"default","ocean_disable_heading":"default","ocean_post_title":"","ocean_post_subheading":"","ocean_post_title_style":"","ocean_post_title_background_color":"","ocean_post_title_background":0,"ocean_post_title_bg_image_position":"","ocean_post_title_bg_image_attachment":"","ocean_post_title_bg_image_repeat":"","ocean_post_title_bg_image_size":"","ocean_post_title_height":0,"ocean_post_title_bg_overlay":0.5,"ocean_post_title_bg_overlay_color":"","ocean_disable_breadcrumbs":"default","ocean_breadcrumbs_color":"","ocean_breadcrumbs_separator_color":"","ocean_breadcrumbs_links_color":"","ocean_breadcrumbs_links_hover_color":"","ocean_display_footer_widgets":"default","ocean_display_footer_bottom":"default","ocean_custom_footer_template":"0","footnotes":""},"class_list":["post-2622","page","type-page","status-publish","hentry","entry"],"_links":{"self":[{"href":"https:\/\/lionsclubpalma.com\/es\/wp-json\/wp\/v2\/pages\/2622","targetHints":{"allow":["GET"]}}],"collection":[{"href":"https:\/\/lionsclubpalma.com\/es\/wp-json\/wp\/v2\/pages"}],"about":[{"href":"https:\/\/lionsclubpalma.com\/es\/wp-json\/wp\/v2\/types\/page"}],"author":[{"embeddable":true,"href":"https:\/\/lionsclubpalma.com\/es\/wp-json\/wp\/v2\/users\/1"}],"replies":[{"embeddable":true,"href":"https:\/\/lionsclubpalma.com\/es\/wp-json\/wp\/v2\/comments?post=2622"}],"version-history":[{"count":0,"href":"https:\/\/lionsclubpalma.com\/es\/wp-json\/wp\/v2\/pages\/2622\/revisions"}],"up":[{"embeddable":true,"href":"https:\/\/lionsclubpalma.com\/es\/wp-json\/wp\/v2\/pages\/2268"}],"wp:attachment":[{"href":"https:\/\/lionsclubpalma.com\/es\/wp-json\/wp\/v2\/media?parent=2622"}],"curies":[{"name":"wp","href":"https:\/\/api.w.org\/{rel}","templated":true}]}}