{"id":2850,"date":"2021-11-10T13:54:19","date_gmt":"2021-11-10T13:54:19","guid":{"rendered":"https:\/\/lionsclubpalma.com\/comida-para-todos\/informe-de-situacion-de-octubre-de-2021\/"},"modified":"2021-11-10T13:54:19","modified_gmt":"2021-11-10T13:54:19","slug":"informe-de-situacion-de-octubre-de-2021","status":"publish","type":"page","link":"https:\/\/lionsclubpalma.com\/es\/comida-para-todos\/informe-de-situacion-de-octubre-de-2021\/","title":{"rendered":"Informe de situaci\u00f3n de octubre de 2021"},"content":{"rendered":"\t\t<div data-elementor-type=\"wp-page\" data-elementor-id=\"2850\" class=\"elementor elementor-2850 elementor-2828\" data-elementor-post-type=\"page\">\n\t\t\t\t\t\t<section class=\"elementor-section elementor-top-section elementor-element elementor-element-5dc96d1 elementor-section-boxed elementor-section-height-default elementor-section-height-default\" data-id=\"5dc96d1\" data-element_type=\"section\" data-e-type=\"section\">\n\t\t\t\t\t\t<div class=\"elementor-container elementor-column-gap-default\">\n\t\t\t\t\t<div class=\"elementor-column elementor-col-100 elementor-top-column elementor-element elementor-element-401ffec\" data-id=\"401ffec\" data-element_type=\"column\" data-e-type=\"column\">\n\t\t\t<div class=\"elementor-widget-wrap elementor-element-populated\">\n\t\t\t\t\t\t<div class=\"elementor-element elementor-element-7886fb1 elementor-widget elementor-widget-text-editor\" data-id=\"7886fb1\" data-element_type=\"widget\" data-e-type=\"widget\" data-widget_type=\"text-editor.default\">\n\t\t\t\t<div class=\"elementor-widget-container\">\n\t\t\t\t\t\t\t\t\t<div data-articleid=\"1353\">\n<h1>Informe de situaci\u00f3n de octubre de 2021<\/h1>\n<p><strong>25.776 kg de frutas y hortalizas distribuidas a los m\u00e1s necesitados en octubre.<\/strong><br \/>\n<strong>Gracias a nuestra ayuda -y sobre todo a la suya-.<\/strong><br \/>\n<strong>Reuni\u00f3n con Wolfgang Kubicki (Vicepresidente del Parlamento)<\/strong><\/p>\n<p>El mes de octubre fue bastante tranquilo. El segundo cami\u00f3n volvi\u00f3 a tener problemas t\u00e9cnicos, pero se pudo solucionar bien.<br \/>\nNuestro presidente clasific\u00f3 y distribuy\u00f3 calcetines durante horas con Christine D. para SOS Mamas, HOPE, Templarios, Can Gaza y Mallorca Sense Fam. Gracias al Lions Club Braunschweig por la donaci\u00f3n de varios cientos de calcetines nuevos de alta calidad de la empresa \u00abFALKE\u00bb. Una acci\u00f3n muy exitosa!<br \/>\nTambi\u00e9n hemos distribuido m\u00e1s bolsas de la compra resistentes a la Esperanza de Santany\u00ed y a la Esperanza de Alcudia para que el reparto de la compra se haga de forma m\u00e1s limpia e higi\u00e9nica.<br \/>\nPara ello, compramos 1.500 bolsas de la compra resistentes en LIDL por 50 c\u00e9ntimos cada una y las marcamos con nuestro logotipo.<br \/>\nDistribuiremos estas bolsas a otras organizaciones. \u00bfQuiz\u00e1s haya alguien entre los fieles lectores que vea esto como una oportunidad de patrocinio y mande hacer bolsas con nuestro logo y el de la empresa patrocinadora?<br \/>\nLamentablemente, nuestro torneo de tenis ben\u00e9fico con OMNIA Consulting y la Academia de Tenis en Paguera tuvo que ser cancelado debido al mal tiempo (30.11.\/ nuevo 30.06.2022).<br \/>\nTambi\u00e9n pudimos transmitir algunas solicitudes de entrega gratuita de muebles y cocinas. Como no tenemos almacenes ni instaladores propios, transmitimos estas solicitudes. En octubre, Hope in Santanyi era un socio solicitado y fiable.<\/p>\n<p><strong>Viajamos 6 (!) d\u00edas a la semana. Estas son las estad\u00edsticas de octubre:<\/strong><\/p>\n<table width=\"642\">\n<tbody>\n<tr>\n<td width=\"340\">D\u00edas laborables octubre 2021<\/td>\n<td width=\"302\"><strong>26<\/strong><\/td>\n<\/tr>\n<tr>\n<td width=\"340\">D\u00edas laborables pagados<\/td>\n<td width=\"302\"><strong>52 (2 conductores, incluidas las cotizaciones a la seguridad social)<\/strong><\/td>\n<\/tr>\n<tr>\n<td width=\"340\">Horas de voluntariado<\/td>\n<td width=\"302\"><strong>282 horas<\/strong><\/td>\n<\/tr>\n<tr>\n<td width=\"340\">Distancia recorrida<\/td>\n<td width=\"302\"><strong>7.423 KM<\/strong><\/td>\n<\/tr>\n<tr>\n<td width=\"340\">Costes Salario \/ Gasolina \/ Alquiler<\/td>\n<td width=\"302\"><strong>8.350,\u2014EUR +\/- <\/strong>((2 camiones\/ 2 conductores)<\/td>\n<\/tr>\n<tr>\n<td width=\"340\">Productos frescos cargados<\/td>\n<td width=\"302\"><strong>25.776 kg (29.975kg en septiembre)<\/strong><\/td>\n<\/tr>\n<tr>\n<td width=\"340\">Total de bienes distribuidos<\/td>\n<td width=\"302\"><strong>26.400<\/strong><strong> kg<\/strong><\/td>\n<\/tr>\n<tr>\n<td width=\"340\">Personas necesitadas de ayuda a las que tendemos la mano<\/td>\n<td width=\"302\"><strong>7.500+\/- personas (y aumentando)<\/strong><\/td>\n<\/tr>\n<tr>\n<td width=\"340\">Fruta y verdura por persona alcanzada<\/td>\n<td width=\"302\"><strong>3,4 kg<\/strong>(para un mes!)<\/td>\n<\/tr>\n<\/tbody>\n<\/table>\n<p><strong>Viajamos 6 (!) d\u00edas a la semana. <\/strong>Estas son las estad\u00edsticas de octubre:<\/p>\n<p>Corresponde a 32 c\u00e9ntimos por kilo de fruta\/verdura (resultado septiembre 28 c\u00e9ntimos)\/corredor objetivo (25-30 c\u00e9ntimos por KG)<\/p>\n<p><strong>Organizaciones de ayuda\/socios a los que suministramos\/apoyamos:<\/strong><\/p>\n<ul>\n<li>Zaqueo\u00a0<strong>(lunes\/mi\u00e9rcoles)<\/strong><\/li>\n<li>Mallorca Sense Fam <strong>(lunes y martes)<\/strong><\/li>\n<li>Can Gaza und Fundacion Minyones\u00a0<strong>(jueves y s\u00e1bado) <\/strong><\/li>\n<li>SOS Mamas\u00a0<strong>(mi\u00e9rcoles y viernes)<\/strong><\/li>\n<li>HOPE Mallorca Santanyi (Partner CPT)\u00a0<strong>(jueves, s\u00e1bado)<\/strong><\/li>\n<li>HOPE Mallorca Pollenca, Alcudia, Can Picafort\u00a0<strong>(lunes)<\/strong><\/li>\n<li>Asociaci\u00f3n Es Rebost Binissalem (1 vez al mes)<\/li>\n<li>Barber Angels\/ HOPE Cala Bona\u00a0<strong>(mi\u00e9rcoles)<\/strong><\/li>\n<li>Templarios Muro\u00a0<strong>(jueves)<\/strong><\/li>\n<li>Templarios Palma\u00a0<strong>(lunes)<\/strong><\/li>\n<li>Asociaci\u00f3n Cal\u00e9 de Marratxi\u00a0<strong>(<\/strong><strong>proyecto <\/strong><strong>parad<\/strong><strong>o<\/strong><strong>)<\/strong><\/li>\n<li>ONG Noble Solidari Santa Eugenia <strong>(<\/strong><strong>los <\/strong><strong>s\u00e1bados <\/strong><strong>cada 14 d\u00edas<\/strong><strong>)<\/strong><\/li>\n<li>SI Mallorca, Llucmajor\u00a0<strong>(acci\u00f3n escolar y de pa\u00f1ales, cosm\u00e9tica, higiene seg\u00fan se requiera y lo que se acuerde)<\/strong><\/li>\n<\/ul>\n<\/div>\n<p><img fetchpriority=\"high\" decoding=\"async\" class=\"alignnone wp-image-2834 size-full\" src=\"https:\/\/lionsclubpalma.com\/wp-content\/uploads\/Bilder.jpg\" alt=\"\" width=\"1067\" height=\"533\" srcset=\"https:\/\/lionsclubpalma.com\/wp-content\/uploads\/Bilder.jpg 1067w, https:\/\/lionsclubpalma.com\/wp-content\/uploads\/Bilder-300x150.jpg 300w, https:\/\/lionsclubpalma.com\/wp-content\/uploads\/Bilder-1024x512.jpg 1024w, https:\/\/lionsclubpalma.com\/wp-content\/uploads\/Bilder-768x384.jpg 768w\" sizes=\"(max-width: 1067px) 100vw, 1067px\" \/><\/p>\n<div data-articleid=\"1353\">\n<p>Imagen de la izquierda: Entrega de las bolsas a HOPE Santanyi<br \/>\nFoto de la derecha: Wolfgang Kubicki (Vicepresidente del Bundestag), Dagmar Daum de Waard (Presidenta del Club de Leones), Wolfgang Kr\u00e4mer (Direcci\u00f3n de Proyectos CPT) con motivo del 50 aniversario de Mallorca Magazin.<\/p>\n<p>En el marco de la exitosa celebraci\u00f3n del 50\u00ba aniversario de la revista Mallorca Magazine, tuvimos la oportunidad de presentar nuestro proyecto al Sr. Kubicki e iniciar una campa\u00f1a ben\u00e9fica.<\/p>\n<p>Queridos amigos y donantes, como siempre, un sincero AGRADECIMIENTO para vosotros y que sig\u00e1is con nosotros con vuestro apoyo.<\/p>\n<p>Saludos desde el coraz\u00f3n<\/p>\n<p>el Club de Leones de Palma de Mallorca con la presidenta Dagmar Daum de Waard<br \/>\n&#8211; los responsables del proyecto:en Claudia Joest, Klaus Goergen, Wolfgang Kr\u00e4mer<\/p>\n<p><span style=\"color: #333333;\">Contacto\/ Comentarios\/ Sugerencias<strong>: <\/strong>Wolfgang Kr\u00e4mer\u00a0 +49 171 6997773\u00a0\u00a0 <a style=\"color: #333333;\" href=\"mailto:wkraemer@lionsclubpalma.com\">wkraemer@lionsclubpalma.com<\/a><\/span><\/p>\n<p><strong>Donar por transferencia bancaria o a trav\u00e9s de Paypal<\/strong><br \/>\n<strong>Club de Leones de Palma de Mallorca <\/strong><br \/>\n<strong>Comida para todos<\/strong><br \/>\n<strong>IBAN: ES62 2100 4379 6302 0005 0026 Banco: La Caixa <\/strong><\/p>\n<\/div>\n\t\t\t\t\t\t\t\t<\/div>\n\t\t\t\t<\/div>\n\t\t\t\t\t<\/div>\n\t\t<\/div>\n\t\t\t\t\t<\/div>\n\t\t<\/section>\n\t\t\t\t<\/div>\n\t\t","protected":false},"excerpt":{"rendered":"<p>Informe de situaci\u00f3n de octubre de 2021 25.776 kg de frutas y hortalizas distribuidas a los m\u00e1s necesitados en octubre. Gracias a nuestra ayuda -y sobre todo a la suya-. [&hellip;]<\/p>\n","protected":false},"author":1,"featured_media":0,"parent":2268,"menu_order":0,"comment_status":"closed","ping_status":"closed","template":"","meta":{"ocean_post_layout":"","ocean_both_sidebars_style":"","ocean_both_sidebars_content_width":0,"ocean_both_sidebars_sidebars_width":0,"ocean_sidebar":"0","ocean_second_sidebar":"0","ocean_disable_margins":"enable","ocean_add_body_class":"","ocean_shortcode_before_top_bar":"","ocean_shortcode_after_top_bar":"","ocean_shortcode_before_header":"","ocean_shortcode_after_header":"","ocean_has_shortcode":"","ocean_shortcode_after_title":"","ocean_shortcode_before_footer_widgets":"","ocean_shortcode_after_footer_widgets":"","ocean_shortcode_before_footer_bottom":"","ocean_shortcode_after_footer_bottom":"","ocean_display_top_bar":"default","ocean_display_header":"default","ocean_header_style":"","ocean_center_header_left_menu":"0","ocean_custom_header_template":"0","ocean_custom_logo":0,"ocean_custom_retina_logo":0,"ocean_custom_logo_max_width":0,"ocean_custom_logo_tablet_max_width":0,"ocean_custom_logo_mobile_max_width":0,"ocean_custom_logo_max_height":0,"ocean_custom_logo_tablet_max_height":0,"ocean_custom_logo_mobile_max_height":0,"ocean_header_custom_menu":"0","ocean_menu_typo_font_family":"0","ocean_menu_typo_font_subset":"","ocean_menu_typo_font_size":0,"ocean_menu_typo_font_size_tablet":0,"ocean_menu_typo_font_size_mobile":0,"ocean_menu_typo_font_size_unit":"px","ocean_menu_typo_font_weight":"","ocean_menu_typo_font_weight_tablet":"","ocean_menu_typo_font_weight_mobile":"","ocean_menu_typo_transform":"","ocean_menu_typo_transform_tablet":"","ocean_menu_typo_transform_mobile":"","ocean_menu_typo_line_height":0,"ocean_menu_typo_line_height_tablet":0,"ocean_menu_typo_line_height_mobile":0,"ocean_menu_typo_line_height_unit":"","ocean_menu_typo_spacing":0,"ocean_menu_typo_spacing_tablet":0,"ocean_menu_typo_spacing_mobile":0,"ocean_menu_typo_spacing_unit":"","ocean_menu_link_color":"","ocean_menu_link_color_hover":"","ocean_menu_link_color_active":"","ocean_menu_link_background":"","ocean_menu_link_hover_background":"","ocean_menu_link_active_background":"","ocean_menu_social_links_bg":"","ocean_menu_social_hover_links_bg":"","ocean_menu_social_links_color":"","ocean_menu_social_hover_links_color":"","ocean_disable_title":"default","ocean_disable_heading":"default","ocean_post_title":"","ocean_post_subheading":"","ocean_post_title_style":"","ocean_post_title_background_color":"","ocean_post_title_background":0,"ocean_post_title_bg_image_position":"","ocean_post_title_bg_image_attachment":"","ocean_post_title_bg_image_repeat":"","ocean_post_title_bg_image_size":"","ocean_post_title_height":0,"ocean_post_title_bg_overlay":0.5,"ocean_post_title_bg_overlay_color":"","ocean_disable_breadcrumbs":"default","ocean_breadcrumbs_color":"","ocean_breadcrumbs_separator_color":"","ocean_breadcrumbs_links_color":"","ocean_breadcrumbs_links_hover_color":"","ocean_display_footer_widgets":"default","ocean_display_footer_bottom":"default","ocean_custom_footer_template":"0","footnotes":""},"class_list":["post-2850","page","type-page","status-publish","hentry","entry"],"_links":{"self":[{"href":"https:\/\/lionsclubpalma.com\/es\/wp-json\/wp\/v2\/pages\/2850","targetHints":{"allow":["GET"]}}],"collection":[{"href":"https:\/\/lionsclubpalma.com\/es\/wp-json\/wp\/v2\/pages"}],"about":[{"href":"https:\/\/lionsclubpalma.com\/es\/wp-json\/wp\/v2\/types\/page"}],"author":[{"embeddable":true,"href":"https:\/\/lionsclubpalma.com\/es\/wp-json\/wp\/v2\/users\/1"}],"replies":[{"embeddable":true,"href":"https:\/\/lionsclubpalma.com\/es\/wp-json\/wp\/v2\/comments?post=2850"}],"version-history":[{"count":1,"href":"https:\/\/lionsclubpalma.com\/es\/wp-json\/wp\/v2\/pages\/2850\/revisions"}],"predecessor-version":[{"id":2851,"href":"https:\/\/lionsclubpalma.com\/es\/wp-json\/wp\/v2\/pages\/2850\/revisions\/2851"}],"up":[{"embeddable":true,"href":"https:\/\/lionsclubpalma.com\/es\/wp-json\/wp\/v2\/pages\/2268"}],"wp:attachment":[{"href":"https:\/\/lionsclubpalma.com\/es\/wp-json\/wp\/v2\/media?parent=2850"}],"curies":[{"name":"wp","href":"https:\/\/api.w.org\/{rel}","templated":true}]}}