{"id":2908,"date":"2021-12-15T10:42:26","date_gmt":"2021-12-15T10:42:26","guid":{"rendered":"https:\/\/lionsclubpalma.com\/comida-para-todos\/informe-de-situacion-de-noviembre-de-2021\/"},"modified":"2021-12-15T10:52:13","modified_gmt":"2021-12-15T10:52:13","slug":"informe-de-situacion-de-noviembre-de-2021","status":"publish","type":"page","link":"https:\/\/lionsclubpalma.com\/es\/comida-para-todos\/informe-de-situacion-de-noviembre-de-2021\/","title":{"rendered":"Informe de situaci\u00f3n de noviembre de 2021"},"content":{"rendered":"\t\t<div data-elementor-type=\"wp-page\" data-elementor-id=\"2908\" class=\"elementor elementor-2908 elementor-2885\" data-elementor-post-type=\"page\">\n\t\t\t\t\t\t<section class=\"elementor-section elementor-top-section elementor-element elementor-element-c122551 elementor-section-boxed elementor-section-height-default elementor-section-height-default\" data-id=\"c122551\" data-element_type=\"section\" data-e-type=\"section\">\n\t\t\t\t\t\t<div class=\"elementor-container elementor-column-gap-default\">\n\t\t\t\t\t<div class=\"elementor-column elementor-col-100 elementor-top-column elementor-element elementor-element-7aeee63\" data-id=\"7aeee63\" data-element_type=\"column\" data-e-type=\"column\">\n\t\t\t<div class=\"elementor-widget-wrap elementor-element-populated\">\n\t\t\t\t\t\t<div class=\"elementor-element elementor-element-8d36ce6 elementor-widget elementor-widget-text-editor\" data-id=\"8d36ce6\" data-element_type=\"widget\" data-e-type=\"widget\" data-widget_type=\"text-editor.default\">\n\t\t\t\t<div class=\"elementor-widget-container\">\n\t\t\t\t\t\t\t\t\t<div data-articleid=\"1353\"><h1>Informe de situaci\u00f3n de noviembre de 2021<\/h1><p><strong>30.060 kg de frutas y hortalizas distribuidas a los m\u00e1s necesitados en el me de noviembre.<\/strong><br \/><strong>Gracias a nuestra ayuda -y sobre todo a la suya-.<\/strong><br \/><strong>Campa\u00f1a \u00abLions ofrece gas\u00bb<\/strong><br \/><strong>Con ello, ponemos un signo de exclamaci\u00f3n al aumento de los costes energ\u00e9ticos con un esp\u00edritu de solidaridad<\/strong><\/p><p>De hecho, volvi\u00f3 a haber problemas t\u00e9cnicos con el segundo cami\u00f3n, que se averi\u00f3 dos veces y tuvo que ser remolcado. Por lo dem\u00e1s, el mes transcurri\u00f3 sin problemas y los empleados del LIDL se dedicaron a clasificar la mercanc\u00eda. Recibimos una respuesta mayoritariamente positiva de los distintos bancos de alimentos.<\/p><p>Despu\u00e9s de comprar dos estanter\u00edas de alta resistencia a Templarios en Palma, hemos detectado otra necesidad de mesas de clasificaci\u00f3n aqu\u00ed. Buscaremos un patrocinador y luego los conseguiremos.<\/p><p>Adem\u00e1s, iniciamos la campa\u00f1a para subvencionar los costes energ\u00e9ticos all\u00ed. Debido al considerable aumento de los precios de la energ\u00eda, muchas familias no pueden pagar sus facturas de electricidad y gas y tienen que vivir en pisos fr\u00edos. Para dar un poco de alivio, decidimos, junto con los patrocinadores, dar 100 euros a las familias necesitadas. Hasta ahora hemos distribuido 12.500,-\u20ac en Templarios, SI Mallorca Llucmajor, Mallorca Sense Fam y Can Gaza. Le seguir\u00e1n otras organizaciones en Muro y Sta. Eugenia.<br \/>SI Mallorca, Llucmajor tambi\u00e9n recibi\u00f3 1.000 euros para comprar leche en polvo para los beb\u00e9s.<\/p><p>Si quieres participar en la campa\u00f1a, simplemente transfiere dinero a nuestra cuenta de donaciones con la referencia \u00absubvenci\u00f3n energ\u00e9tica\u00bb. Gracias.<\/p><p><strong>Viajamos 6 (!) d\u00edas a la semana. Aqu\u00ed est\u00e1n las estad\u00edsticas de noviembre:<\/strong><\/p><table width=\"642\"><tbody><tr><td width=\"340\">D\u00edas laborables octubre 2021<\/td><td width=\"302\"><strong>25<\/strong><\/td><\/tr><tr><td width=\"340\">D\u00edas laborables pagados<\/td><td width=\"302\"><strong>52 (2 conductores, incluidas las cotizaciones a la seguridad social)<\/strong><\/td><\/tr><tr><td width=\"340\">Horas de voluntariado<\/td><td width=\"302\"><strong>245 horas<\/strong><\/td><\/tr><tr><td width=\"340\">Distancia recorrida<\/td><td width=\"302\"><strong>6.950 KM<\/strong><\/td><\/tr><tr><td width=\"340\">Costes Salario \/ Gasolina \/ Alquiler<\/td><td width=\"302\"><strong>8.175,\u2014EUR +\/- <\/strong>((2 camiones\/ 2 conductores)<\/td><\/tr><tr><td width=\"340\">Productos frescos cargados<\/td><td width=\"302\"><strong>30.060 kg (25.776 kg en octubre)<\/strong><\/td><\/tr><tr><td width=\"340\">Total de bienes distribuidos<\/td><td width=\"302\"><strong>26.400<\/strong><strong> kg<\/strong><\/td><\/tr><tr><td width=\"340\">Personas necesitadas de ayuda a las que tendemos la mano<\/td><td width=\"302\"><strong>7.700+\/- personas (y aumentando)<\/strong><\/td><\/tr><tr><td width=\"340\">Fruta y verdura por persona alcanzada<\/td><td width=\"302\"><strong>3,9 kg<\/strong>(para un mes!)<\/td><\/tr><\/tbody><\/table><p>Corresponde a 32 c\u00e9ntimos por kilo de fruta\/verdura (resultado septiembre 28 c\u00e9ntimos)\/corredor objetivo (25-30 c\u00e9ntimos por KG)<\/p><p><strong>Organizaciones de ayuda\/socios a los que suministramos\/apoyamos:<\/strong><\/p><ul><li>Zaqueo\u00a0<strong>(lunes\/mi\u00e9rcoles)<\/strong><\/li><li>Mallorca Sense Fam <strong>(lunes y martes)<\/strong><\/li><li>Can Gaza und Fundacion Minyones\u00a0<strong>(jueves y s\u00e1bado) <\/strong><\/li><li>SOS Mamas\u00a0<strong>(mi\u00e9rcoles y viernes)<\/strong><\/li><li>HOPE Mallorca Santanyi (Partner CPT)\u00a0<strong>(jueves, s\u00e1bado)<\/strong><\/li><li>HOPE Mallorca Pollenca, Alcudia, Can Picafort\u00a0<strong>(lunes)<\/strong><\/li><li>Asociaci\u00f3n Es Rebost Binissalem (1 vez al mes)<\/li><li>Barber Angels\/ HOPE Cala Bona\u00a0<strong>(mi\u00e9rcoles)<\/strong><\/li><li>Templarios Muro\u00a0<strong>(jueves)<\/strong><\/li><li>Templarios Palma\u00a0<strong>(lunes)<\/strong><\/li><li>Asociaci\u00f3n Cal\u00e9 de Marratxi\u00a0<strong>(<\/strong><strong>proyecto <\/strong><strong>parad<\/strong><strong>o<\/strong><strong>)<\/strong><\/li><li>ONG Noble Solidari Santa Eugenia <strong>(<\/strong><strong>los <\/strong><strong>s\u00e1bados <\/strong><strong>cada 14 d\u00edas<\/strong><strong>)<\/strong><\/li><li>SI Mallorca, Llucmajor\u00a0<strong>(acci\u00f3n escolar y de pa\u00f1ales, cosm\u00e9tica, higiene seg\u00fan se requiera y lo que se acuerde)<\/strong><\/li><\/ul><\/div><p><img fetchpriority=\"high\" decoding=\"async\" class=\"alignnone wp-image-2917 size-full\" src=\"https:\/\/lionsclubpalma.com\/wp-content\/uploads\/Bericht-November-1.jpg\" alt=\"\" width=\"1067\" height=\"408\" srcset=\"https:\/\/lionsclubpalma.com\/wp-content\/uploads\/Bericht-November-1.jpg 1067w, https:\/\/lionsclubpalma.com\/wp-content\/uploads\/Bericht-November-1-300x115.jpg 300w, https:\/\/lionsclubpalma.com\/wp-content\/uploads\/Bericht-November-1-1024x392.jpg 1024w, https:\/\/lionsclubpalma.com\/wp-content\/uploads\/Bericht-November-1-768x294.jpg 768w\" sizes=\"(max-width: 1067px) 100vw, 1067px\" \/><\/p><div data-articleid=\"1353\"><p><em>Las fotos fueron tomadas en Templarios Palma, Mallorca Sense Fam y SI Mallorca Llucmajor.<\/em><\/p><p>Queridos amigos y donantes, como siempre, un sincero AGRADECIMIENTO para vosotros y que sig\u00e1is con nosotros con vuestro apoyo. <br \/>Sin duda ser\u00e1 un invierno duro. El mes de noviembre ya fue extremadamente h\u00famedo y, de hecho, casi demasiado fr\u00edo, y diciembre tampoco avanza hacia temperaturas m\u00e1s suaves. As\u00ed, la ayuda y la solidaridad con los necesitados sigue siendo un pilar importante de la labor social y su apoyo sigue siendo muy necesario.<\/p><p>Les deseamos a todos un tiempo de Adviento relajado y una Navidad bendecida. Mant\u00e9ngase salu-dable y tenga un buen comienzo de a\u00f1o.<\/p><p>el Club de Leones de Palma de Mallorca con la presidenta Dagmar Daum de Waard<br \/>&#8211; los responsables del proyecto:en Claudia Joest, Klaus Goergen, Wolfgang Kr\u00e4mer<\/p><p><span style=\"color: #333333;\">Contacto\/ Comentarios\/ Sugerencias<strong>: <\/strong>Wolfgang Kr\u00e4mer\u00a0 +49 171 6997773\u00a0\u00a0 <a style=\"color: #333333;\" href=\"mailto:wkraemer@lionsclubpalma.com\">wkraemer@lionsclubpalma.com<\/a><\/span><\/p><p><strong>Donar por transferencia bancaria o a trav\u00e9s de Paypal<\/strong><br \/><strong>Club de Leones de Palma de Mallorca <\/strong><br \/><strong>Comida para todos<\/strong><br \/><strong>IBAN: ES62 2100 4379 6302 0005 0026 Banco: La Caixa <\/strong><\/p><\/div>\t\t\t\t\t\t\t\t<\/div>\n\t\t\t\t<\/div>\n\t\t\t\t\t<\/div>\n\t\t<\/div>\n\t\t\t\t\t<\/div>\n\t\t<\/section>\n\t\t\t\t<\/div>\n\t\t","protected":false},"excerpt":{"rendered":"<p>Informe de situaci\u00f3n de noviembre de 2021 30.060 kg de frutas y hortalizas distribuidas a los m\u00e1s necesitados en el me de noviembre.Gracias a nuestra ayuda -y sobre todo a [&hellip;]<\/p>\n","protected":false},"author":1,"featured_media":0,"parent":2268,"menu_order":0,"comment_status":"closed","ping_status":"closed","template":"","meta":{"ocean_post_layout":"","ocean_both_sidebars_style":"","ocean_both_sidebars_content_width":0,"ocean_both_sidebars_sidebars_width":0,"ocean_sidebar":"0","ocean_second_sidebar":"0","ocean_disable_margins":"enable","ocean_add_body_class":"","ocean_shortcode_before_top_bar":"","ocean_shortcode_after_top_bar":"","ocean_shortcode_before_header":"","ocean_shortcode_after_header":"","ocean_has_shortcode":"","ocean_shortcode_after_title":"","ocean_shortcode_before_footer_widgets":"","ocean_shortcode_after_footer_widgets":"","ocean_shortcode_before_footer_bottom":"","ocean_shortcode_after_footer_bottom":"","ocean_display_top_bar":"default","ocean_display_header":"default","ocean_header_style":"","ocean_center_header_left_menu":"0","ocean_custom_header_template":"0","ocean_custom_logo":0,"ocean_custom_retina_logo":0,"ocean_custom_logo_max_width":0,"ocean_custom_logo_tablet_max_width":0,"ocean_custom_logo_mobile_max_width":0,"ocean_custom_logo_max_height":0,"ocean_custom_logo_tablet_max_height":0,"ocean_custom_logo_mobile_max_height":0,"ocean_header_custom_menu":"0","ocean_menu_typo_font_family":"0","ocean_menu_typo_font_subset":"","ocean_menu_typo_font_size":0,"ocean_menu_typo_font_size_tablet":0,"ocean_menu_typo_font_size_mobile":0,"ocean_menu_typo_font_size_unit":"px","ocean_menu_typo_font_weight":"","ocean_menu_typo_font_weight_tablet":"","ocean_menu_typo_font_weight_mobile":"","ocean_menu_typo_transform":"","ocean_menu_typo_transform_tablet":"","ocean_menu_typo_transform_mobile":"","ocean_menu_typo_line_height":0,"ocean_menu_typo_line_height_tablet":0,"ocean_menu_typo_line_height_mobile":0,"ocean_menu_typo_line_height_unit":"","ocean_menu_typo_spacing":0,"ocean_menu_typo_spacing_tablet":0,"ocean_menu_typo_spacing_mobile":0,"ocean_menu_typo_spacing_unit":"","ocean_menu_link_color":"","ocean_menu_link_color_hover":"","ocean_menu_link_color_active":"","ocean_menu_link_background":"","ocean_menu_link_hover_background":"","ocean_menu_link_active_background":"","ocean_menu_social_links_bg":"","ocean_menu_social_hover_links_bg":"","ocean_menu_social_links_color":"","ocean_menu_social_hover_links_color":"","ocean_disable_title":"default","ocean_disable_heading":"default","ocean_post_title":"","ocean_post_subheading":"","ocean_post_title_style":"","ocean_post_title_background_color":"","ocean_post_title_background":0,"ocean_post_title_bg_image_position":"","ocean_post_title_bg_image_attachment":"","ocean_post_title_bg_image_repeat":"","ocean_post_title_bg_image_size":"","ocean_post_title_height":0,"ocean_post_title_bg_overlay":0.5,"ocean_post_title_bg_overlay_color":"","ocean_disable_breadcrumbs":"default","ocean_breadcrumbs_color":"","ocean_breadcrumbs_separator_color":"","ocean_breadcrumbs_links_color":"","ocean_breadcrumbs_links_hover_color":"","ocean_display_footer_widgets":"default","ocean_display_footer_bottom":"default","ocean_custom_footer_template":"0","footnotes":""},"class_list":["post-2908","page","type-page","status-publish","hentry","entry"],"_links":{"self":[{"href":"https:\/\/lionsclubpalma.com\/es\/wp-json\/wp\/v2\/pages\/2908","targetHints":{"allow":["GET"]}}],"collection":[{"href":"https:\/\/lionsclubpalma.com\/es\/wp-json\/wp\/v2\/pages"}],"about":[{"href":"https:\/\/lionsclubpalma.com\/es\/wp-json\/wp\/v2\/types\/page"}],"author":[{"embeddable":true,"href":"https:\/\/lionsclubpalma.com\/es\/wp-json\/wp\/v2\/users\/1"}],"replies":[{"embeddable":true,"href":"https:\/\/lionsclubpalma.com\/es\/wp-json\/wp\/v2\/comments?post=2908"}],"version-history":[{"count":10,"href":"https:\/\/lionsclubpalma.com\/es\/wp-json\/wp\/v2\/pages\/2908\/revisions"}],"predecessor-version":[{"id":2921,"href":"https:\/\/lionsclubpalma.com\/es\/wp-json\/wp\/v2\/pages\/2908\/revisions\/2921"}],"up":[{"embeddable":true,"href":"https:\/\/lionsclubpalma.com\/es\/wp-json\/wp\/v2\/pages\/2268"}],"wp:attachment":[{"href":"https:\/\/lionsclubpalma.com\/es\/wp-json\/wp\/v2\/media?parent=2908"}],"curies":[{"name":"wp","href":"https:\/\/api.w.org\/{rel}","templated":true}]}}