{"id":2985,"date":"2022-02-04T10:21:07","date_gmt":"2022-02-04T10:21:07","guid":{"rendered":"https:\/\/lionsclubpalma.com\/comida-para-todos\/informe-de-situacion-2021\/"},"modified":"2022-02-04T10:52:02","modified_gmt":"2022-02-04T10:52:02","slug":"informe-de-situacion-2021","status":"publish","type":"page","link":"https:\/\/lionsclubpalma.com\/es\/comida-para-todos\/informe-de-situacion-2021\/","title":{"rendered":"Informe de situaci\u00f3n 2021"},"content":{"rendered":"\t\t<div data-elementor-type=\"wp-page\" data-elementor-id=\"2985\" class=\"elementor elementor-2985 elementor-2966\" data-elementor-post-type=\"page\">\n\t\t\t\t\t\t<section class=\"elementor-section elementor-top-section elementor-element elementor-element-d865487 elementor-section-boxed elementor-section-height-default elementor-section-height-default\" data-id=\"d865487\" data-element_type=\"section\" data-e-type=\"section\">\n\t\t\t\t\t\t<div class=\"elementor-container elementor-column-gap-default\">\n\t\t\t\t\t<div class=\"elementor-column elementor-col-100 elementor-top-column elementor-element elementor-element-6be7997\" data-id=\"6be7997\" data-element_type=\"column\" data-e-type=\"column\">\n\t\t\t<div class=\"elementor-widget-wrap elementor-element-populated\">\n\t\t\t\t\t\t<div class=\"elementor-element elementor-element-25e5432 elementor-widget elementor-widget-text-editor\" data-id=\"25e5432\" data-element_type=\"widget\" data-e-type=\"widget\" data-widget_type=\"text-editor.default\">\n\t\t\t\t<div class=\"elementor-widget-container\">\n\t\t\t\t\t\t\t\t\t<div data-articleid=\"1353\"><h1><span style=\"color: #00539b;\">Informe de situaci\u00f3n 2021 <\/span><\/h1><p><strong>El equipo de \u00abCOMIDA PARA TODOS\u00bb registra un a\u00f1o de gran \u00e9xito<br \/><\/strong><strong>Gracias a la ayuda del Club de Leones -y especialmente a la suya-. \u00a1\u00a1\u00a1Desde hace 12 a\u00f1os!!!<br \/><\/strong><strong>Se han distribuido m\u00e1s de 360 toneladas de alimentos y art\u00edculos de higiene en 2021<\/strong><\/p><p>El a\u00f1o comenz\u00f3 con una mala noticia cuando nuestro conductor de toda la vida, Marcos, sufri\u00f3 una hernia y necesit\u00e1bamos un sustituto adecuado r\u00e1pidamente. En Heri, el nuevo conductor, encontramos no s\u00f3lo un sustituto, sino un empleado extremadamente fiable y ordenado que, al igual que Marcos, fue muy bien recibido por las organizaciones de ayuda y los empleados de LIDL. Despu\u00e9s de que Marcos volviera a estar sano, pudimos organizar una segunda ruta y conducir con dos camiones frigor\u00edficos debido a nuevas aperturas en el LIDL. Tambi\u00e9n encontramos 2 conductores adicionales que nos ayudaron cuando fue necesario. As\u00ed, pudimos entregar a m\u00e1s organizaciones de ayuda y recoger m\u00e1s bienes.<\/p><p>Las 7 organizaciones originales crecieron hasta un m\u00e1ximo de 15, a las que apoyamos semanalmente.<\/p><p>La campa\u00f1a de recaudaci\u00f3n de fondos de las <strong>familias Heider y Frank y <\/strong>sus empleados de <strong>apm en Santa Ponsa <\/strong>fue de 100.000,-\u20ac de dinero y as\u00ed se financi\u00f3 el proyecto durante m\u00e1s de un a\u00f1o. Un gran alivio para nosotros.<\/p><p>Adem\u00e1s, en diciembre nuestros patrocinadores\/donantes de camiones han renovado casi todos de nuevo y seguir\u00e1n apoy\u00e1ndonos en 2022. Gracias.<\/p><p>Gracias tambi\u00e9n por las muchas peque\u00f1as y grandes donaciones que nos llegan una y otra vez. Todos ustedes lo hacen posible.<br \/><strong>Conducimos 6 d\u00edas a la semana. <\/strong>Estas son las estad\u00edsticas para el a\u00f1o 2021<\/p><\/div><div data-articleid=\"1353\"><table width=\"642\"><tbody><tr><td width=\"340\"><p>D\u00edas laborables 2021<\/p><\/td><td width=\"302\"><p><strong>310<\/strong><\/p><\/td><\/tr><tr><td width=\"340\"><p>D\u00edas laborables pagados<\/p><\/td><td width=\"302\"><p><strong>620 (2 conductores, incluidas las cotizaciones a la seguridad social)<\/strong><\/p><\/td><\/tr><tr><td width=\"340\"><p>Horas de voluntariado<\/p><\/td><td width=\"302\"><p><strong>4.012 horas<\/strong><\/p><\/td><\/tr><tr><td width=\"340\"><p>Distancia recorrida<\/p><\/td><td width=\"302\"><p><strong>78.493 km<\/strong><\/p><\/td><\/tr><tr><td width=\"340\"><p>Distancia recorrida<\/p><\/td><td width=\"302\"><p><strong>89.100,\u2014<\/strong><strong>EUR +\/-<\/strong>(2 camiones\/ 2 conductores)<\/p><\/td><\/tr><tr><td width=\"340\"><p>Productos frescos cargados<\/p><\/td><td width=\"302\"><p><strong>342.000 kg<\/strong><\/p><\/td><\/tr><tr><td width=\"340\"><p>Total de bienes distribuidos<\/p><\/td><td width=\"302\"><p><strong>362.023<\/strong><strong> kg<\/strong><\/p><\/td><\/tr><tr><td width=\"340\"><p>Personas necesitadas de ayuda a las que tendemos la mano<\/p><\/td><td width=\"302\"><p><strong>7.500<\/strong><strong>+\/- Personen (tendencia en alza)<\/strong><\/p><\/td><\/tr><tr><td width=\"340\"><p>Fruta y verdura por persona alcanzada<\/p><\/td><td width=\"302\"><p><strong>3,8kg <\/strong>(para un mes!)<\/p><\/td><\/tr><\/tbody><\/table><\/div><div data-articleid=\"1353\">\u00a0<\/div><div data-articleid=\"1353\"><p>Aproximadamente 26 c\u00e9ntimos por kilo de fruta\/verduras en 2021\/corredor de costes objetivo\u00a0 (25-30 c\u00e9ntimos de euro por kilo)<\/p><p><strong>Las siguientes organizaciones de ayuda\/socios siguen confiando en nosotros:<\/strong><\/p><\/div><p>\u2022 Zaqueo (Lunes\/Miercioles)<br \/>\u2022 Mallorca Sense Fam (Lunes \/Martes)<br \/>\u2022 Can Gaza und Fundacion Minyones (Jueves\/Sabado)<br \/>\u2022 SOS Mamas (Miercoles\/Viernes)<br \/>\u2022 HOPE Mallorca e.V. Santanyi (Jueves \/Sabado)<br \/>\u2022 HOPE Mallorca e.V. Pollenca, Alcudia, Can Picafort (Lunes)<br \/>\u2022 Asociaci\u00f3n Es Rebost Binissalem (1 vez al mes)<br \/>\u2022 Barber Angels\/ SOS Mamas (Miercoles\/Sabado)<br \/>\u2022 Templarios Muro (Jueves)<br \/>\u2022 Templarios Palma (Lunes)<br \/>\u2022 Asociaci\u00f3n Cal\u00e9 de Marratxi (Martes)<br \/>\u2022 ONG Noble Solidari Santa Eugenia (cada 14 d\u00edas)<br \/>\u2022 SI Mallorca, Llucmajor <strong>(integrado en la campa\u00f1a escolar mochilas, utensilios y 100\u20ac)<\/strong><\/p><p><img fetchpriority=\"high\" decoding=\"async\" class=\"alignnone wp-image-2971 size-full\" src=\"https:\/\/lionsclubpalma.com\/wp-content\/uploads\/Jahresbericht-2021.jpg\" alt=\"\" width=\"1200\" height=\"450\" srcset=\"https:\/\/lionsclubpalma.com\/wp-content\/uploads\/Jahresbericht-2021.jpg 1200w, https:\/\/lionsclubpalma.com\/wp-content\/uploads\/Jahresbericht-2021-300x113.jpg 300w, https:\/\/lionsclubpalma.com\/wp-content\/uploads\/Jahresbericht-2021-1024x384.jpg 1024w, https:\/\/lionsclubpalma.com\/wp-content\/uploads\/Jahresbericht-2021-768x288.jpg 768w\" sizes=\"(max-width: 1200px) 100vw, 1200px\" \/><\/p><p><em>Team Comida para todos: Klaus, Marcos, Wolfgang, Heri, Dagmar und Claudia<\/em><\/p><div data-articleid=\"1353\"><p>Una gran acci\u00f3n fue tambi\u00e9n la de <strong>mivita-care<\/strong>, donde recibimos 6 toneladas de fideos, yogur, etc. de las empresas <strong>Ehrmann <\/strong>y <strong>Dr. Willi Knoll <\/strong>con un cami\u00f3n de <strong>Benzinger <\/strong>en Llucmajor y pudimos distribuirlo.<\/p><p>Las organizaciones Can Gaza y SOS Mamas se alegraron de recibir nuevos congeladores y estanter\u00edas de alta resistencia de Templarios para su dispensario.<\/p><p>Adem\u00e1s, compramos a gran escala art\u00edculos de higiene, alimentos para beb\u00e9s, arroz, harina, fideos, alimentos enlatados, leche, agua, etc. y los distribuimos entre los necesitados.<\/p><p>En oto\u00f1o, pudimos distribuir mochilas escolares y utensilios de escritura a 18 ni\u00f1os de Llucmajor y alrededores (LC Neuruppin\/patrocinador) y pudimos contribuir con otros 100 euros por ni\u00f1o para los gastos escolares.<\/p><p>Nuestra campa\u00f1a de oto\u00f1o \u00abLos Leones dan gas\u00bb tambi\u00e9n fue un gran \u00e9xito. Pudimos apoyar a 150 familias con un billete de 100 euros para ayudarles a pagar sus facturas de electricidad\/gas.<\/p><p>Poco antes de finalizar el a\u00f1o, organizamos una campa\u00f1a de pa\u00f1ales con <strong>LIDL, <\/strong>en la que distribuimos 20.000 pa\u00f1ales a madres j\u00f3venes.<\/p><p>Saludos desde el coraz\u00f3n<\/p><p>&#8211; el Club de Leones de Palma de Mallorca con la presidenta Dagmar Daum de Waard<br \/>&#8211; los responsables del proyecto:en Claudia Joest, Klaus Goergen, Wolfgang Kr\u00e4mer<\/p><p>Contacto<strong>: <\/strong>Wolfgang Kr\u00e4mer\u00a0 +49 171 6997773\u00a0\u00a0 <a href=\"mailto:wkraemer@lionsclubpalma.com\">wkraemer@lionsclubpalma.com<\/a><\/p><p><strong>Donar por transferencia bancaria o a trav\u00e9s de Paypal<br \/><\/strong><strong>Club de Leones de Palma de Mallorca <br \/><\/strong><strong>Comida para todos<br \/><\/strong><strong>IBAN: ES62 2100 4379 6302 0005 0026 Banco: La Caixa <\/strong><\/p><p>Se pueden emitir recibos de donaci\u00f3n para usted si lo solicita. Necesitamos para esto: Nombre, direcci\u00f3n, n\u00famero de identificaci\u00f3n fiscal y oficina fiscal responsable.\u00a0\u00a0\u00a0<\/p><\/div>\t\t\t\t\t\t\t\t<\/div>\n\t\t\t\t<\/div>\n\t\t\t\t\t<\/div>\n\t\t<\/div>\n\t\t\t\t\t<\/div>\n\t\t<\/section>\n\t\t\t\t<\/div>\n\t\t","protected":false},"excerpt":{"rendered":"<p>Informe de situaci\u00f3n 2021 El equipo de \u00abCOMIDA PARA TODOS\u00bb registra un a\u00f1o de gran \u00e9xitoGracias a la ayuda del Club de Leones -y especialmente a la suya-. \u00a1\u00a1\u00a1Desde hace [&hellip;]<\/p>\n","protected":false},"author":1,"featured_media":0,"parent":2268,"menu_order":0,"comment_status":"closed","ping_status":"closed","template":"","meta":{"ocean_post_layout":"","ocean_both_sidebars_style":"","ocean_both_sidebars_content_width":0,"ocean_both_sidebars_sidebars_width":0,"ocean_sidebar":"0","ocean_second_sidebar":"0","ocean_disable_margins":"enable","ocean_add_body_class":"","ocean_shortcode_before_top_bar":"","ocean_shortcode_after_top_bar":"","ocean_shortcode_before_header":"","ocean_shortcode_after_header":"","ocean_has_shortcode":"","ocean_shortcode_after_title":"","ocean_shortcode_before_footer_widgets":"","ocean_shortcode_after_footer_widgets":"","ocean_shortcode_before_footer_bottom":"","ocean_shortcode_after_footer_bottom":"","ocean_display_top_bar":"default","ocean_display_header":"default","ocean_header_style":"","ocean_center_header_left_menu":"0","ocean_custom_header_template":"0","ocean_custom_logo":0,"ocean_custom_retina_logo":0,"ocean_custom_logo_max_width":0,"ocean_custom_logo_tablet_max_width":0,"ocean_custom_logo_mobile_max_width":0,"ocean_custom_logo_max_height":0,"ocean_custom_logo_tablet_max_height":0,"ocean_custom_logo_mobile_max_height":0,"ocean_header_custom_menu":"0","ocean_menu_typo_font_family":"0","ocean_menu_typo_font_subset":"","ocean_menu_typo_font_size":0,"ocean_menu_typo_font_size_tablet":0,"ocean_menu_typo_font_size_mobile":0,"ocean_menu_typo_font_size_unit":"px","ocean_menu_typo_font_weight":"","ocean_menu_typo_font_weight_tablet":"","ocean_menu_typo_font_weight_mobile":"","ocean_menu_typo_transform":"","ocean_menu_typo_transform_tablet":"","ocean_menu_typo_transform_mobile":"","ocean_menu_typo_line_height":0,"ocean_menu_typo_line_height_tablet":0,"ocean_menu_typo_line_height_mobile":0,"ocean_menu_typo_line_height_unit":"","ocean_menu_typo_spacing":0,"ocean_menu_typo_spacing_tablet":0,"ocean_menu_typo_spacing_mobile":0,"ocean_menu_typo_spacing_unit":"","ocean_menu_link_color":"","ocean_menu_link_color_hover":"","ocean_menu_link_color_active":"","ocean_menu_link_background":"","ocean_menu_link_hover_background":"","ocean_menu_link_active_background":"","ocean_menu_social_links_bg":"","ocean_menu_social_hover_links_bg":"","ocean_menu_social_links_color":"","ocean_menu_social_hover_links_color":"","ocean_disable_title":"default","ocean_disable_heading":"default","ocean_post_title":"","ocean_post_subheading":"","ocean_post_title_style":"","ocean_post_title_background_color":"","ocean_post_title_background":0,"ocean_post_title_bg_image_position":"","ocean_post_title_bg_image_attachment":"","ocean_post_title_bg_image_repeat":"","ocean_post_title_bg_image_size":"","ocean_post_title_height":0,"ocean_post_title_bg_overlay":0.5,"ocean_post_title_bg_overlay_color":"","ocean_disable_breadcrumbs":"default","ocean_breadcrumbs_color":"","ocean_breadcrumbs_separator_color":"","ocean_breadcrumbs_links_color":"","ocean_breadcrumbs_links_hover_color":"","ocean_display_footer_widgets":"default","ocean_display_footer_bottom":"default","ocean_custom_footer_template":"0","footnotes":""},"class_list":["post-2985","page","type-page","status-publish","hentry","entry"],"_links":{"self":[{"href":"https:\/\/lionsclubpalma.com\/es\/wp-json\/wp\/v2\/pages\/2985","targetHints":{"allow":["GET"]}}],"collection":[{"href":"https:\/\/lionsclubpalma.com\/es\/wp-json\/wp\/v2\/pages"}],"about":[{"href":"https:\/\/lionsclubpalma.com\/es\/wp-json\/wp\/v2\/types\/page"}],"author":[{"embeddable":true,"href":"https:\/\/lionsclubpalma.com\/es\/wp-json\/wp\/v2\/users\/1"}],"replies":[{"embeddable":true,"href":"https:\/\/lionsclubpalma.com\/es\/wp-json\/wp\/v2\/comments?post=2985"}],"version-history":[{"count":7,"href":"https:\/\/lionsclubpalma.com\/es\/wp-json\/wp\/v2\/pages\/2985\/revisions"}],"predecessor-version":[{"id":2995,"href":"https:\/\/lionsclubpalma.com\/es\/wp-json\/wp\/v2\/pages\/2985\/revisions\/2995"}],"up":[{"embeddable":true,"href":"https:\/\/lionsclubpalma.com\/es\/wp-json\/wp\/v2\/pages\/2268"}],"wp:attachment":[{"href":"https:\/\/lionsclubpalma.com\/es\/wp-json\/wp\/v2\/media?parent=2985"}],"curies":[{"name":"wp","href":"https:\/\/api.w.org\/{rel}","templated":true}]}}