{"id":3023,"date":"2022-02-08T11:33:40","date_gmt":"2022-02-08T11:33:40","guid":{"rendered":"https:\/\/lionsclubpalma.com\/comida-para-todos\/informe-de-situacion-de-enero-de-2022\/"},"modified":"2022-02-08T11:45:46","modified_gmt":"2022-02-08T11:45:46","slug":"informe-de-situacion-de-enero-de-2022","status":"publish","type":"page","link":"https:\/\/lionsclubpalma.com\/es\/comida-para-todos\/informe-de-situacion-de-enero-de-2022\/","title":{"rendered":"Informe de situaci\u00f3n de enero de 2022"},"content":{"rendered":"\t\t<div data-elementor-type=\"wp-page\" data-elementor-id=\"3023\" class=\"elementor elementor-3023 elementor-3006\" data-elementor-post-type=\"page\">\n\t\t\t\t\t\t<section class=\"elementor-section elementor-top-section elementor-element elementor-element-1302167 elementor-section-boxed elementor-section-height-default elementor-section-height-default\" data-id=\"1302167\" data-element_type=\"section\" data-e-type=\"section\">\n\t\t\t\t\t\t<div class=\"elementor-container elementor-column-gap-default\">\n\t\t\t\t\t<div class=\"elementor-column elementor-col-100 elementor-top-column elementor-element elementor-element-f9af097\" data-id=\"f9af097\" data-element_type=\"column\" data-e-type=\"column\">\n\t\t\t<div class=\"elementor-widget-wrap elementor-element-populated\">\n\t\t\t\t\t\t<div class=\"elementor-element elementor-element-96eb3ef elementor-widget elementor-widget-text-editor\" data-id=\"96eb3ef\" data-element_type=\"widget\" data-e-type=\"widget\" data-widget_type=\"text-editor.default\">\n\t\t\t\t<div class=\"elementor-widget-container\">\n\t\t\t\t\t\t\t\t\t<div data-articleid=\"1353\"><h1>Informe de situaci\u00f3n de enero de 2022<\/h1><p><strong>21.708 kilogramos de fruta y verdura distribuidos a los <\/strong><strong>m\u00e1s <\/strong><strong>necesitados en enero.<br \/><\/strong><strong>Gracias a nuestra ayuda -y sobre todo a la suya<br \/><\/strong><strong>Super<\/strong><strong> promoci\u00f3n con dulces sorpresas de LIDL<br \/><\/strong><strong>Toneladas de chocolate, disfrutadas con moderaci\u00f3n, no son peligrosas para la salud<\/strong><\/p><p>Tras una primera semana dif\u00edcil debido a las numerosas vacaciones, nuestros conductores tuvieron que trabajar duro. LIDL orden\u00f3 los art\u00edculos de Navidad y los ha puso a disposici\u00f3n en una gran campa\u00f1a. Nuestros conductores, con nuestro presidenta, pudieron repartir toneladas de los dulces a todos los las organizaciones asociadas.<\/p><p>Muchas gracias a todos los empleados de <strong>LIDL <\/strong>y tambi\u00e9n un agradecimiento por la buena cooperaci\u00f3n\/participaci\u00f3n.<\/p><p>Todas las sucursales de HOPE Mallorca (Alcudia, Pollen\u00e7a, Can Picafort, Cala Bona, Santaniy), SOS Mamas en Palma, Can Gaza, Mallorca Sense Fam, Zaqueo, Templarios en Palma y en Muro, la ONG Solidaria de Santa Eugenia se mostraron muy generosos y felices de ofrecer estos dulces sorpresas a sus clientes. A todos los cr\u00edticos de los dulces, la distribuci\u00f3n se hizo con cuidado y no se perjudic\u00f3 la salud de nadie.<\/p><p>Como en los \u00faltimos meses, actualmente tenemos otra familia (en Andratx) que estamos apoyando financieramente con las compras de alimentos durante un periodo de tiempo m\u00e1s largo. Adem\u00e1s, Templarios recibi\u00f3 compras especiales en Palma, de las que nos hicimos cargo econ\u00f3micamente<\/p><p><strong>Viajamos 6 (!) d\u00edas a la semana. Aqu\u00ed est\u00e1n las estad\u00edsticas de enero:<\/strong><\/p><table width=\"642\"><tbody><tr><td width=\"340\">D\u00edas laborables enero 2022<\/td><td width=\"302\"><strong>25<\/strong><\/td><\/tr><tr><td width=\"340\">D\u00edas laborables pagados<\/td><td width=\"302\"><strong>50 (2 conductores, incluidas las cotizaciones a la seguridad social)<\/strong><\/td><\/tr><tr><td width=\"340\">Horas de voluntariado<\/td><td width=\"302\"><strong>201 horas<\/strong><\/td><\/tr><tr><td width=\"340\">Distancia recorrida<\/td><td width=\"302\"><strong>6.955 KM<\/strong><\/td><\/tr><tr><td width=\"340\">Costes Salario \/ Gasolina \/ Alquiler<\/td><td width=\"302\"><strong>9.700,\u2014EUR +\/- <\/strong>((2 camiones\/ 2 conductores)<\/td><\/tr><tr><td width=\"340\">Productos frescos cargados<\/td><td width=\"302\"><strong>21.708 kg (362.000 kg en 2021<\/strong><\/td><\/tr><tr><td width=\"340\">Total de bienes distribuidos<\/td><td width=\"302\"><strong>23.800<\/strong><strong> kg<\/strong><\/td><\/tr><tr><td width=\"340\">Personas necesitadas de ayuda a las que tendemos la mano<\/td><td width=\"302\"><strong>7.550+\/- personas (y aumentando)<\/strong><\/td><\/tr><tr><td width=\"340\">Fruta y verdura por persona alcanzada<\/td><td width=\"302\"><strong>3,0 kg<\/strong>(para un mes!)<\/td><\/tr><\/tbody><\/table><p>Equivalente a c\u00e9ntimos44 por kilo de fruta\/verdura (resultado 2021 a\u00f1o 26 c\u00e9ntimos)\/corredor objetivo (25-30 c\u00e9ntimos por KG) Debido a las circunstancias fiscales con el salario, \u00a1los costes de enero son m\u00e1s altos de lo normal!<\/p><p><strong>Organizaciones de ayuda\/socios a los que suministramos\/apoyamos:<\/strong><\/p><ul><li>Zaqueo\u00a0<strong>(lunes\/mi\u00e9rcoles)<\/strong><\/li><li>Mallorca Sense Fam <strong>(lunes y martes)<\/strong><\/li><li>Can Gaza und Fundacion Minyones\u00a0<strong>(jueves y s\u00e1bado) <\/strong><\/li><li>SOS Mamas\u00a0<strong>(mi\u00e9rcoles y viernes)<\/strong><\/li><li>HOPE Mallorca Santanyi (Partner CPT)\u00a0<strong>(jueves, s\u00e1bado)<\/strong><\/li><li>HOPE Mallorca Pollenca, Alcudia, Can Picafort\u00a0<strong>(lunes)<\/strong><\/li><li>Asociaci\u00f3n Es Rebost Binissalem (1 vez al mes)<\/li><li>Barber Angels\/ HOPE Cala Bona\u00a0<strong>(mi\u00e9rcoles)<\/strong><\/li><li>Templarios Muro\u00a0<strong>(jueves)<\/strong><\/li><li>Templarios Palma\u00a0<strong>(lunes)<\/strong><\/li><li>Asociaci\u00f3n Cal\u00e9 de Marratxi\u00a0<strong>(<\/strong><strong>proyecto <\/strong><strong>parad<\/strong><strong>o<\/strong><strong>)<\/strong><\/li><li>ONG Noble Solidari Santa Eugenia <strong>(<\/strong><strong>los <\/strong><strong>s\u00e1bados <\/strong><strong>cada 14 d\u00edas<\/strong><strong>)<\/strong><\/li><li>SI Mallorca, Llucmajor\u00a0<strong>(a petici\u00f3n y necesidad)<\/strong><\/li><li>Es Refugi Palma<strong>\u00a0<\/strong><strong>(nuevo desde enero, los martes)<\/strong><\/li><\/ul><\/div><p><img fetchpriority=\"high\" decoding=\"async\" class=\"alignnone wp-image-3025 size-full\" src=\"https:\/\/lionsclubpalma.com\/wp-content\/uploads\/Bilder-Bericht-1.jpg\" alt=\"\" width=\"1067\" height=\"533\" srcset=\"https:\/\/lionsclubpalma.com\/wp-content\/uploads\/Bilder-Bericht-1.jpg 1067w, https:\/\/lionsclubpalma.com\/wp-content\/uploads\/Bilder-Bericht-1-300x150.jpg 300w, https:\/\/lionsclubpalma.com\/wp-content\/uploads\/Bilder-Bericht-1-1024x512.jpg 1024w, https:\/\/lionsclubpalma.com\/wp-content\/uploads\/Bilder-Bericht-1-768x384.jpg 768w\" sizes=\"(max-width: 1067px) 100vw, 1067px\" \/><\/p><div data-articleid=\"1353\"><p>As\u00ed, la ayuda y la solidaridad con los necesitados sigue siendo un pilar importante de la labor social y su apoyo sigue siendo muy necesario. Muchas gracias a todos los fieles donantes. \u00a1Gracias a nuestros patrocinadores de camiones (casi todos se quedaron a bordo) por su fidelidad tambi\u00e9n en 2022! (Lista en la p\u00e1gina de inicio)<\/p><p>Les deseamos a todos un tiempo de relax y \u00e9xito.<\/p><p>el Club de Leones de Palma de Mallorca con la presidenta Dagmar Daum de Waard<br \/>&#8211; los responsables del proyecto:en Claudia Joest, Klaus Goergen, Wolfgang Kr\u00e4mer<\/p><p><span style=\"color: #333333;\">Contacto\/ Comentarios\/ Sugerencias<strong>: <\/strong>Wolfgang Kr\u00e4mer\u00a0 +49 171 6997773\u00a0\u00a0 <a style=\"color: #333333;\" href=\"mailto:wkraemer@lionsclubpalma.com\">wkraemer@lionsclubpalma.com<\/a><\/span><\/p><p><strong>Donar por transferencia bancaria o a trav\u00e9s de Paypal<\/strong><br \/><strong>Club de Leones de Palma de Mallorca <\/strong><br \/><strong>Comida para todos<\/strong><br \/><strong>IBAN: ES62 2100 4379 6302 0005 0026 Banco: La Caixa <\/strong><\/p><\/div>\t\t\t\t\t\t\t\t<\/div>\n\t\t\t\t<\/div>\n\t\t\t\t\t<\/div>\n\t\t<\/div>\n\t\t\t\t\t<\/div>\n\t\t<\/section>\n\t\t\t\t<\/div>\n\t\t","protected":false},"excerpt":{"rendered":"<p>Informe de situaci\u00f3n de enero de 2022 21.708 kilogramos de fruta y verdura distribuidos a los m\u00e1s necesitados en enero.Gracias a nuestra ayuda -y sobre todo a la suyaSuper promoci\u00f3n [&hellip;]<\/p>\n","protected":false},"author":1,"featured_media":0,"parent":2268,"menu_order":0,"comment_status":"closed","ping_status":"closed","template":"","meta":{"ocean_post_layout":"","ocean_both_sidebars_style":"","ocean_both_sidebars_content_width":0,"ocean_both_sidebars_sidebars_width":0,"ocean_sidebar":"0","ocean_second_sidebar":"0","ocean_disable_margins":"enable","ocean_add_body_class":"","ocean_shortcode_before_top_bar":"","ocean_shortcode_after_top_bar":"","ocean_shortcode_before_header":"","ocean_shortcode_after_header":"","ocean_has_shortcode":"","ocean_shortcode_after_title":"","ocean_shortcode_before_footer_widgets":"","ocean_shortcode_after_footer_widgets":"","ocean_shortcode_before_footer_bottom":"","ocean_shortcode_after_footer_bottom":"","ocean_display_top_bar":"default","ocean_display_header":"default","ocean_header_style":"","ocean_center_header_left_menu":"0","ocean_custom_header_template":"0","ocean_custom_logo":0,"ocean_custom_retina_logo":0,"ocean_custom_logo_max_width":0,"ocean_custom_logo_tablet_max_width":0,"ocean_custom_logo_mobile_max_width":0,"ocean_custom_logo_max_height":0,"ocean_custom_logo_tablet_max_height":0,"ocean_custom_logo_mobile_max_height":0,"ocean_header_custom_menu":"0","ocean_menu_typo_font_family":"0","ocean_menu_typo_font_subset":"","ocean_menu_typo_font_size":0,"ocean_menu_typo_font_size_tablet":0,"ocean_menu_typo_font_size_mobile":0,"ocean_menu_typo_font_size_unit":"px","ocean_menu_typo_font_weight":"","ocean_menu_typo_font_weight_tablet":"","ocean_menu_typo_font_weight_mobile":"","ocean_menu_typo_transform":"","ocean_menu_typo_transform_tablet":"","ocean_menu_typo_transform_mobile":"","ocean_menu_typo_line_height":0,"ocean_menu_typo_line_height_tablet":0,"ocean_menu_typo_line_height_mobile":0,"ocean_menu_typo_line_height_unit":"","ocean_menu_typo_spacing":0,"ocean_menu_typo_spacing_tablet":0,"ocean_menu_typo_spacing_mobile":0,"ocean_menu_typo_spacing_unit":"","ocean_menu_link_color":"","ocean_menu_link_color_hover":"","ocean_menu_link_color_active":"","ocean_menu_link_background":"","ocean_menu_link_hover_background":"","ocean_menu_link_active_background":"","ocean_menu_social_links_bg":"","ocean_menu_social_hover_links_bg":"","ocean_menu_social_links_color":"","ocean_menu_social_hover_links_color":"","ocean_disable_title":"default","ocean_disable_heading":"default","ocean_post_title":"","ocean_post_subheading":"","ocean_post_title_style":"","ocean_post_title_background_color":"","ocean_post_title_background":0,"ocean_post_title_bg_image_position":"","ocean_post_title_bg_image_attachment":"","ocean_post_title_bg_image_repeat":"","ocean_post_title_bg_image_size":"","ocean_post_title_height":0,"ocean_post_title_bg_overlay":0.5,"ocean_post_title_bg_overlay_color":"","ocean_disable_breadcrumbs":"default","ocean_breadcrumbs_color":"","ocean_breadcrumbs_separator_color":"","ocean_breadcrumbs_links_color":"","ocean_breadcrumbs_links_hover_color":"","ocean_display_footer_widgets":"default","ocean_display_footer_bottom":"default","ocean_custom_footer_template":"0","footnotes":""},"class_list":["post-3023","page","type-page","status-publish","hentry","entry"],"_links":{"self":[{"href":"https:\/\/lionsclubpalma.com\/es\/wp-json\/wp\/v2\/pages\/3023","targetHints":{"allow":["GET"]}}],"collection":[{"href":"https:\/\/lionsclubpalma.com\/es\/wp-json\/wp\/v2\/pages"}],"about":[{"href":"https:\/\/lionsclubpalma.com\/es\/wp-json\/wp\/v2\/types\/page"}],"author":[{"embeddable":true,"href":"https:\/\/lionsclubpalma.com\/es\/wp-json\/wp\/v2\/users\/1"}],"replies":[{"embeddable":true,"href":"https:\/\/lionsclubpalma.com\/es\/wp-json\/wp\/v2\/comments?post=3023"}],"version-history":[{"count":4,"href":"https:\/\/lionsclubpalma.com\/es\/wp-json\/wp\/v2\/pages\/3023\/revisions"}],"predecessor-version":[{"id":3029,"href":"https:\/\/lionsclubpalma.com\/es\/wp-json\/wp\/v2\/pages\/3023\/revisions\/3029"}],"up":[{"embeddable":true,"href":"https:\/\/lionsclubpalma.com\/es\/wp-json\/wp\/v2\/pages\/2268"}],"wp:attachment":[{"href":"https:\/\/lionsclubpalma.com\/es\/wp-json\/wp\/v2\/media?parent=3023"}],"curies":[{"name":"wp","href":"https:\/\/api.w.org\/{rel}","templated":true}]}}