{"id":3112,"date":"2022-04-05T07:57:01","date_gmt":"2022-04-05T07:57:01","guid":{"rendered":"https:\/\/lionsclubpalma.com\/comida-para-todos\/informe-de-situacion-de-marzo-de-2022\/"},"modified":"2022-04-05T08:10:34","modified_gmt":"2022-04-05T08:10:34","slug":"informe-de-situacion-de-marzo-de-2022","status":"publish","type":"page","link":"https:\/\/lionsclubpalma.com\/es\/comida-para-todos\/informe-de-situacion-de-marzo-de-2022\/","title":{"rendered":"Informe de situaci\u00f3n de marzo de 2022"},"content":{"rendered":"\t\t<div data-elementor-type=\"wp-page\" data-elementor-id=\"3112\" class=\"elementor elementor-3112 elementor-3103\" data-elementor-post-type=\"page\">\n\t\t\t\t\t\t<section class=\"elementor-section elementor-top-section elementor-element elementor-element-286b801 elementor-section-boxed elementor-section-height-default elementor-section-height-default\" data-id=\"286b801\" data-element_type=\"section\" data-e-type=\"section\">\n\t\t\t\t\t\t<div class=\"elementor-container elementor-column-gap-default\">\n\t\t\t\t\t<div class=\"elementor-column elementor-col-100 elementor-top-column elementor-element elementor-element-30aaa81\" data-id=\"30aaa81\" data-element_type=\"column\" data-e-type=\"column\">\n\t\t\t<div class=\"elementor-widget-wrap elementor-element-populated\">\n\t\t\t\t\t\t<div class=\"elementor-element elementor-element-723126d elementor-widget elementor-widget-text-editor\" data-id=\"723126d\" data-element_type=\"widget\" data-e-type=\"widget\" data-widget_type=\"text-editor.default\">\n\t\t\t\t<div class=\"elementor-widget-container\">\n\t\t\t\t\t\t\t\t\t<div data-articleid=\"1353\"><h1>Informe de situaci\u00f3n de marzo de 2022<\/h1><p><strong>29.380 kg de frutas y hortalizas distribuidas a los m\u00e1s necesitados en marzo.<\/strong><br \/><strong>Gracias a nuestra ayuda -y sobre todo a la suya-.<\/strong><br \/><strong>Aumento del coste del combustible con un descenso muy acusado de las donaciones<\/strong><br \/><strong>TARDOR Palma feliz por nuestras entregas desde hace 4 semanas<\/strong><\/p><p class=\"TextA\"><span style=\"font-size: 12pt; color: #333333;\">Hola a todos,<\/span><\/p><p class=\"TextA\"><span style=\"color: #333333;\"><span style=\"font-size: 12pt;\">Nos sorprendi\u00f3 leer en uno de los medios de comunicaci\u00f3n de la isla que la gente se preguntaba si hab\u00eda suficiente cerveza en la isla y si los isle\u00f1os y sus veraneantes morir\u00edan de sed. En un momento como \u00e9ste, con la guerra en Europa, la huida de la gente, el aumento de los costes energ\u00e9ticos, la preocupaci\u00f3n por la necesidad de abastecer a la poblaci\u00f3n de alimentos b\u00e1sicos, etc., esto nos irrit\u00f3 un poco. Tanto m\u00e1s cuanto que hemos conseguido (tambi\u00e9n gracias a las nuevas <\/span><b><span style=\"font-size: 12pt;\">sucursales de LIDL<\/span><\/b><span style=\"font-size: 12pt;\">) volver a aumentar considerablemente nuestra cantidad de productos. Las dos nuevas sucursales nos aportaron mucho valor a\u00f1adido en marzo. Nuestros conductores han sudado mucho este mes, a pesar del mal tiempo.<\/span><\/span><\/p><p class=\"TextA\"><span style=\"color: #333333;\"><b><span style=\"font-size: 12pt;\">TARDOR<\/span><\/b><span style=\"font-size: 12pt;\"> tambi\u00e9n se alegr\u00f3 de que las entregas fueran regulares y de buena calidad, ya que el banco de alimentos y Mercadona hab\u00edan suspendido sus entregas. Algunas organizaciones registraron su necesidad de aceite, pescado en conserva, harina, leche, pasta, arroz, az\u00facar, etc., por lo que pudimos realizar <\/span><b><span style=\"font-size: 12pt;\">compras <\/span><\/b><span style=\"font-size: 12pt;\">adicionales <\/span><b><span style=\"font-size: 12pt;\">por <\/span><\/b><span style=\"font-size: 12pt;\">m\u00e1s de <\/span><b><span style=\"font-size: 12pt;\">2.000 euros en el LIDL <\/span><\/b><span style=\"font-size: 12pt;\">y distribuir estos bienes (v\u00e9ase la imagen de ejemplo de <\/span><b><span style=\"font-size: 12pt;\">la ONG Canamut<\/span><\/b><span style=\"font-size: 12pt;\">).<\/span><\/span><\/p><p><strong>Viajamos 6 (!) d\u00edas a la semana. Aqu\u00ed est\u00e1n las estad\u00edsticas de marzo:<\/strong><\/p><table width=\"642\"><tbody><tr><td width=\"340\">D\u00edas laborables enero 2022<\/td><td width=\"302\"><strong>27<\/strong><\/td><\/tr><tr><td width=\"340\">D\u00edas laborables pagados<\/td><td width=\"302\"><strong>54 (2 conductores, incluidas las cotizaciones a la seguridad social)<\/strong><\/td><\/tr><tr><td width=\"340\">Horas de voluntariado<\/td><td width=\"302\"><strong>238 horas<\/strong><\/td><\/tr><tr><td width=\"340\">Distancia recorrida<\/td><td width=\"302\"><strong>6.970 KM<\/strong><\/td><\/tr><tr><td width=\"340\">Costes Salario \/ Gasolina \/ Alquiler<\/td><td width=\"302\"><strong>8.375,\u2014EUR +\/- <\/strong>((2 camiones\/ 2 conductores)<\/td><\/tr><tr><td width=\"340\">Productos frescos cargados<\/td><td width=\"302\"><strong>29.380 kg (362.000 kg en 2021<\/strong><\/td><\/tr><tr><td width=\"340\">Total de bienes distribuidos<\/td><td width=\"302\"><strong>30.200<\/strong><strong> kg<\/strong><\/td><\/tr><tr><td width=\"340\">Personas necesitadas de ayuda a las que tendemos la mano<\/td><td width=\"302\"><strong>7.210+\/- personas (y aumentando)<\/strong><\/td><\/tr><tr><td width=\"340\">Fruta y verdura por persona alcanzada<\/td><td width=\"302\"><strong>4,1 kg<\/strong>(para un mes!)<\/td><\/tr><\/tbody><\/table><span style=\"font-size: 9pt; color: #333333;\">Corresponde a 28,5 c\u00e9ntimos por kilo de fruta\/verdura (resultado 2021 a\u00f1o 26 c\u00e9ntimos)\/corredor objetivo (35-45 c\u00e9ntimos por KG)<\/span><p><strong>Organizaciones de ayuda\/socios a los que suministramos\/apoyamos:<\/strong><\/p><ul><li>Zaqueo\u00a0<strong>(lunes\/mi\u00e9rcoles)<br \/><\/strong><\/li><li>El Tardor<strong> \u00a0<\/strong><strong>(mi\u00e9rcoles y s\u00e1bado) NUEVO desde finales de Febrero.<\/strong><\/li><li>Mallorca Sense Fam <strong>(lunes y martes)<\/strong><\/li><li>Can Gaza und Fundacion Minyones\u00a0<strong>(jueves y s\u00e1bado) <\/strong><\/li><li>SOS Mamas\u00a0<strong>(mi\u00e9rcoles y viernes)<\/strong><\/li><li>HOPE Mallorca Santanyi (Partner CPT)\u00a0<strong>(jueves, s\u00e1bado)<\/strong><\/li><li>HOPE Mallorca Pollenca, Alcudia, Can Picafort\u00a0<strong>(lunes)<\/strong><\/li><li>Asociaci\u00f3n Es Rebost Binissalem (1 vez al mes)<\/li><li>Barber Angels\/ HOPE Cala Bona\u00a0<strong>(mi\u00e9rcoles)<\/strong><\/li><li>Templarios Muro\u00a0<strong>(jueves)<\/strong><\/li><li>Templarios Palma\u00a0<strong>(lunes)<\/strong><\/li><li>Asociaci\u00f3n Cal\u00e9 de Marratxi\u00a0<strong>(<\/strong><strong>proyecto <\/strong><strong>parad<\/strong><strong>o<\/strong><strong>)<\/strong><\/li><li>ONG Noble Solidari Santa Eugenia <strong>(<\/strong><strong>los <\/strong><strong>s\u00e1bados <\/strong><strong>cada 14 d\u00edas<\/strong><strong>)<\/strong><\/li><li>SI Mallorca, Llucmajor\u00a0<strong>(a petici\u00f3n y necesidad)<\/strong><\/li><li>Es Refugi Palma<strong>\u00a0<\/strong><strong>(nuevo desde enero, los martes)<\/strong><\/li><\/ul><\/div><div data-articleid=\"1353\"><p>(A la hora de seleccionar las organizaciones con las que cooperamos, damos gran importancia a la seriedad y a la fiabilidad de la acci\u00f3n. Todas las organizaciones est\u00e1n oficialmente reconocidas por el Estado y est\u00e1n sujetas a diversos requisitos. No apoyamos a las organizaciones con nuestras donaciones, sino s\u00f3lo a sus clientes (personas necesitadas), con la entrega de las frutas\/verduras recogidas y los art\u00edculos de higiene y otros alimentos comprados. Los recibimos gratuitamente o compramos el 99% de ellos en el LIDL. <br \/>Para ello, en parte tambi\u00e9n hemos adquirido neveras o estanter\u00edas para equipar los bares locales (SOS Mamas\/ Templarios). La organizaci\u00f3n HOPE tambi\u00e9n apoya el proyecto Comida para todos con 500,-\u20ac al mes, que recibimos para comprar combustible).<\/p><p class=\"TextA\"><span style=\"font-size: 12pt; color: #333333;\"><img fetchpriority=\"high\" decoding=\"async\" class=\"size-medium wp-image-3107 alignleft\" src=\"https:\/\/lionsclubpalma.com\/wp-content\/uploads\/Maerz-226x300.jpg\" alt=\"\" width=\"226\" height=\"300\" srcset=\"https:\/\/lionsclubpalma.com\/wp-content\/uploads\/Maerz-226x300.jpg 226w, https:\/\/lionsclubpalma.com\/wp-content\/uploads\/Maerz.jpg 537w\" sizes=\"(max-width: 226px) 100vw, 226px\" \/>Esperemos que la situaci\u00f3n se suavice en general y que la paz vuelva a reinar muy pronto. Algunos bancos de alimentos en Alemania ya nos informan de problemas de abastecimiento, porque los mercados mayoristas y\/o los mercados de alimentos est\u00e1n recibiendo mucha menos mercanc\u00eda. Esto tiene que ver con un cambio de disposici\u00f3n, pero tambi\u00e9n con las compras de acaparamiento y, a veces, con cantidades de entrega insuficientes. Ya nos estamos preparando para esa situaci\u00f3n, pero esperamos que no se llegue a ella. Las alternativas son escasas para nosotros, ya que, por desgracia, todav\u00eda hay muchos supermercados que no regalan los productos sobrantes o incluso los tiran a la basura. Como es probable que el pan tambi\u00e9n se encarezca en el futuro, ser\u00eda ventajoso para nosotros tener contacto con una gran panader\u00eda. Tambi\u00e9n se puede comer bien el pan del d\u00eda anterior. Tal vez haya algunas sugerencias o ideas sobre c\u00f3mo podemos ampliar nuestras actividades. Habr\u00e1 que ver si esto se puede gestionar log\u00edsticamente y c\u00f3mo. Con esto en mente.<\/span><\/p><p class=\"TextA\"><span style=\"font-size: 12pt; color: #333333;\">Muchas gracias y que teng\u00e1is mucha paz<\/span><\/p><p>el Club de Leones de Palma de Mallorca con la presidenta Dagmar Daum de Waard<br \/>&#8211; los responsables del proyecto:en Claudia Joest, Klaus Goergen, Wolfgang Kr\u00e4mer<\/p><p><span style=\"color: #333333;\">Contacto\/ Comentarios\/ Sugerencias<strong>: <\/strong>Wolfgang Kr\u00e4mer\u00a0 +49 171 6997773\u00a0\u00a0 <a style=\"color: #333333;\" href=\"mailto:wkraemer@lionsclubpalma.com\">wkraemer@lionsclubpalma.com<\/a><\/span><\/p><p><strong>Donar por transferencia bancaria o a trav\u00e9s de Paypal<\/strong><br \/><strong>Club de Leones de Palma de Mallorca <\/strong><br \/><strong>Comida para todos<\/strong><br \/><strong>IBAN: ES62 2100 4379 6302 0005 0026 Banco: La Caixa <\/strong><\/p><\/div>\t\t\t\t\t\t\t\t<\/div>\n\t\t\t\t<\/div>\n\t\t\t\t\t<\/div>\n\t\t<\/div>\n\t\t\t\t\t<\/div>\n\t\t<\/section>\n\t\t\t\t<\/div>\n\t\t","protected":false},"excerpt":{"rendered":"<p>Informe de situaci\u00f3n de marzo de 2022 29.380 kg de frutas y hortalizas distribuidas a los m\u00e1s necesitados en marzo.Gracias a nuestra ayuda -y sobre todo a la suya-.Aumento del [&hellip;]<\/p>\n","protected":false},"author":1,"featured_media":0,"parent":2268,"menu_order":0,"comment_status":"closed","ping_status":"closed","template":"","meta":{"ocean_post_layout":"","ocean_both_sidebars_style":"","ocean_both_sidebars_content_width":0,"ocean_both_sidebars_sidebars_width":0,"ocean_sidebar":"0","ocean_second_sidebar":"0","ocean_disable_margins":"enable","ocean_add_body_class":"","ocean_shortcode_before_top_bar":"","ocean_shortcode_after_top_bar":"","ocean_shortcode_before_header":"","ocean_shortcode_after_header":"","ocean_has_shortcode":"","ocean_shortcode_after_title":"","ocean_shortcode_before_footer_widgets":"","ocean_shortcode_after_footer_widgets":"","ocean_shortcode_before_footer_bottom":"","ocean_shortcode_after_footer_bottom":"","ocean_display_top_bar":"default","ocean_display_header":"default","ocean_header_style":"","ocean_center_header_left_menu":"0","ocean_custom_header_template":"0","ocean_custom_logo":0,"ocean_custom_retina_logo":0,"ocean_custom_logo_max_width":0,"ocean_custom_logo_tablet_max_width":0,"ocean_custom_logo_mobile_max_width":0,"ocean_custom_logo_max_height":0,"ocean_custom_logo_tablet_max_height":0,"ocean_custom_logo_mobile_max_height":0,"ocean_header_custom_menu":"0","ocean_menu_typo_font_family":"0","ocean_menu_typo_font_subset":"","ocean_menu_typo_font_size":0,"ocean_menu_typo_font_size_tablet":0,"ocean_menu_typo_font_size_mobile":0,"ocean_menu_typo_font_size_unit":"px","ocean_menu_typo_font_weight":"","ocean_menu_typo_font_weight_tablet":"","ocean_menu_typo_font_weight_mobile":"","ocean_menu_typo_transform":"","ocean_menu_typo_transform_tablet":"","ocean_menu_typo_transform_mobile":"","ocean_menu_typo_line_height":0,"ocean_menu_typo_line_height_tablet":0,"ocean_menu_typo_line_height_mobile":0,"ocean_menu_typo_line_height_unit":"","ocean_menu_typo_spacing":0,"ocean_menu_typo_spacing_tablet":0,"ocean_menu_typo_spacing_mobile":0,"ocean_menu_typo_spacing_unit":"","ocean_menu_link_color":"","ocean_menu_link_color_hover":"","ocean_menu_link_color_active":"","ocean_menu_link_background":"","ocean_menu_link_hover_background":"","ocean_menu_link_active_background":"","ocean_menu_social_links_bg":"","ocean_menu_social_hover_links_bg":"","ocean_menu_social_links_color":"","ocean_menu_social_hover_links_color":"","ocean_disable_title":"default","ocean_disable_heading":"default","ocean_post_title":"","ocean_post_subheading":"","ocean_post_title_style":"","ocean_post_title_background_color":"","ocean_post_title_background":0,"ocean_post_title_bg_image_position":"","ocean_post_title_bg_image_attachment":"","ocean_post_title_bg_image_repeat":"","ocean_post_title_bg_image_size":"","ocean_post_title_height":0,"ocean_post_title_bg_overlay":0.5,"ocean_post_title_bg_overlay_color":"","ocean_disable_breadcrumbs":"default","ocean_breadcrumbs_color":"","ocean_breadcrumbs_separator_color":"","ocean_breadcrumbs_links_color":"","ocean_breadcrumbs_links_hover_color":"","ocean_display_footer_widgets":"default","ocean_display_footer_bottom":"default","ocean_custom_footer_template":"0","footnotes":""},"class_list":["post-3112","page","type-page","status-publish","hentry","entry"],"_links":{"self":[{"href":"https:\/\/lionsclubpalma.com\/es\/wp-json\/wp\/v2\/pages\/3112","targetHints":{"allow":["GET"]}}],"collection":[{"href":"https:\/\/lionsclubpalma.com\/es\/wp-json\/wp\/v2\/pages"}],"about":[{"href":"https:\/\/lionsclubpalma.com\/es\/wp-json\/wp\/v2\/types\/page"}],"author":[{"embeddable":true,"href":"https:\/\/lionsclubpalma.com\/es\/wp-json\/wp\/v2\/users\/1"}],"replies":[{"embeddable":true,"href":"https:\/\/lionsclubpalma.com\/es\/wp-json\/wp\/v2\/comments?post=3112"}],"version-history":[{"count":13,"href":"https:\/\/lionsclubpalma.com\/es\/wp-json\/wp\/v2\/pages\/3112\/revisions"}],"predecessor-version":[{"id":3128,"href":"https:\/\/lionsclubpalma.com\/es\/wp-json\/wp\/v2\/pages\/3112\/revisions\/3128"}],"up":[{"embeddable":true,"href":"https:\/\/lionsclubpalma.com\/es\/wp-json\/wp\/v2\/pages\/2268"}],"wp:attachment":[{"href":"https:\/\/lionsclubpalma.com\/es\/wp-json\/wp\/v2\/media?parent=3112"}],"curies":[{"name":"wp","href":"https:\/\/api.w.org\/{rel}","templated":true}]}}