{"id":3673,"date":"2023-01-17T15:13:43","date_gmt":"2023-01-17T15:13:43","guid":{"rendered":"https:\/\/lionsclubpalma.com\/informe-anual-2022\/"},"modified":"2023-01-17T15:13:43","modified_gmt":"2023-01-17T15:13:43","slug":"informe-anual-2022","status":"publish","type":"page","link":"https:\/\/lionsclubpalma.com\/es\/informe-anual-2022\/","title":{"rendered":"Informe anual 2022"},"content":{"rendered":"\t\t<div data-elementor-type=\"wp-page\" data-elementor-id=\"3673\" class=\"elementor elementor-3673 elementor-3639\" data-elementor-post-type=\"page\">\n\t\t\t\t\t\t<section class=\"elementor-section elementor-top-section elementor-element elementor-element-1c292835 elementor-section-boxed elementor-section-height-default elementor-section-height-default\" data-id=\"1c292835\" data-element_type=\"section\" data-e-type=\"section\">\n\t\t\t\t\t\t<div class=\"elementor-container elementor-column-gap-default\">\n\t\t\t\t\t<div class=\"elementor-column elementor-col-100 elementor-top-column elementor-element elementor-element-133e8707\" data-id=\"133e8707\" data-element_type=\"column\" data-e-type=\"column\">\n\t\t\t<div class=\"elementor-widget-wrap elementor-element-populated\">\n\t\t\t\t\t\t<div class=\"elementor-element elementor-element-a919a2f elementor-widget elementor-widget-text-editor\" data-id=\"a919a2f\" data-element_type=\"widget\" data-e-type=\"widget\" data-widget_type=\"text-editor.default\">\n\t\t\t\t<div class=\"elementor-widget-container\">\n\t\t\t\t\t\t\t\t\t<h1>Informe anual 2022<\/h1>\n<p><strong>COMIDA PARA TODOS \u00fanica, fiable, eficaz, c\u00e1lida, sostenible, humana<\/strong><\/p>\n<p><strong>\u00bfQu\u00e9 nos espera en 2023?<\/strong><\/p>\n<ul>\n<li>El color de moda es el MAGENTA.<\/li>\n<li>Los pantalones cargo ser\u00e1n la tendencia de moda del a\u00f1o.<\/li>\n<li>En la gastronom\u00eda de alta gama, cada vez se utilizan m\u00e1s los sistemas dispensadores de buen vino. S\u00f3lo se perfora el corcho y no entra aire en la botella gracias al uso de gas inerte. De este modo, el vino conserva su calidad durante m\u00e1s tiempo.<\/li>\n<li>\u00abExtinguidores de neum\u00e1ticos\u00bb, la nueva moda entre los activistas clim\u00e1ticos que dejan escapar el aire de los todoterrenos para hacerlos inservibles.<\/li>\n<\/ul>\n<p>Si te lo est\u00e1s preguntando, \u00bfqu\u00e9 tiene que ver esto con \u00abComida para todos\u00bb?<br \/>\nLas dietas basadas en plantas y sin carne siguen dando que hablar.<br \/>\nMejor para el clima, la digesti\u00f3n y el bienestar general.<br \/>\n\u00abComida para todos\u00bb sigue esta tendencia y lleva 12 a\u00f1os centr\u00e1ndose principalmente en frutas y verduras cuando se trata de proporcionar alimentos b\u00e1sicos a los necesitados.<\/p>\n<h2><strong>Frutas y hortalizas con un valor al por mayor de casi 700.000 euros<\/strong><\/h2>\n<p>325.000 kg de fruta y verdura entregados por 2 camiones frigor\u00edficos y el equipo de los Leones, con un valor al por mayor de casi 700.000 euros.<br \/>\n*Valor estad\u00edstico (v\u00e9ase m\u00e1s abajo), redondeado, que las organizaciones asociadas (ONG) habr\u00edan tenido que gastar para comprar los productos frescos a precio de mayorista.<\/p>\n<h2>Visi\u00f3n general<\/h2>\n<table style=\"height: 621px;\" width=\"495\">\n<tbody>\n<tr>\n<td width=\"141\">Can Gaza<\/td>\n<td width=\"80\">62.695 kg<\/td>\n<td width=\"80\">131.695,50 \u20ac<\/td>\n<\/tr>\n<tr>\n<td>Mallorca Sense Fam<\/td>\n<td>57.675 kg<\/td>\n<td>121.117,50 \u20ac<\/td>\n<\/tr>\n<tr>\n<td>HOPE Santanyi<\/td>\n<td>54.850 kg<\/td>\n<td>115.185,00 \u20ac<\/td>\n<\/tr>\n<tr>\n<td>SOS Mamas<\/td>\n<td>53.450 kg<\/td>\n<td>112.245,00 \u20ac<\/td>\n<\/tr>\n<tr>\n<td>Tardor (seit M\u00e4rz)<\/td>\n<td>26.115 kg<\/td>\n<td>54.841,50 \u20ac<\/td>\n<\/tr>\n<tr>\n<td>AVASO<\/td>\n<td>22.500 kg<\/td>\n<td>47.250,00 \u20ac<\/td>\n<\/tr>\n<tr>\n<td>Zaqueo<\/td>\n<td>20.400 kg<\/td>\n<td>42.840,00 \u20ac<\/td>\n<\/tr>\n<tr>\n<td>Canamut<\/td>\n<td>\u00a0 7.450 kg<\/td>\n<td>15.645,00 \u20ac<\/td>\n<\/tr>\n<tr>\n<td>Templarios Muro<\/td>\n<td>\u00a0 5.500 kg<\/td>\n<td>11.500,00 \u20ac<\/td>\n<\/tr>\n<tr>\n<td>Templarios Palma<\/td>\n<td>\u00a0 5.300 kg<\/td>\n<td>11.130,00 \u20ac<\/td>\n<\/tr>\n<tr>\n<td>Sta. Eugenia<\/td>\n<td>\u00a0 5.350 kg<\/td>\n<td>11.235,00 \u20ac<\/td>\n<\/tr>\n<tr>\n<td>Es Refugi<\/td>\n<td>\u00a0 3.500 kg<\/td>\n<td>7.350,00 \u20ac<\/td>\n<\/tr>\n<\/tbody>\n<\/table>\n<p>(<a href=\"http:\/\/bmel-statistik.de\">bmel-statistik.de<\/a>)<\/p>\n<p>Los precios medios al por mayor de patatas, jud\u00edas, tomates, zanahorias, apio, guisantes, lechugas, pepinos, manzanas, peras, pl\u00e1tanos, calabacines, aguacates, mangos, uvas y frutas tropicales en la mezcla de diciembre rondan los 2,10 euros por kilo. Esto dar\u00eda lugar a un valor de compra te\u00f3rico para las organizaciones si no las suministr\u00e1ramos. Incluso un descuento debido a la mala calidad seguir\u00eda representando una suma inmensa. Queremos dar las gracias a nuestro socio LIDL y a todos los patrocinadores y donantes.<\/p>\n<p>Saludos cordiales, buena suerte y sobre todo mucha salud<\/p>\n<ul>\n<li>el Club de Leones Palma de Mallorca con la Presidenta Dagmar Daum de Waard<\/li>\n<li>Direcci\u00f3n del proyecto: Wolfgang Kr\u00e4mer<\/li>\n<li>los gestores del proyecto:en Claudia Joest, Klaus Goergen, Claudia Schmaler\n<p>Contacto\/ Comentarios\/ Editores: Wolfgang Kr\u00e4mer wkraemer@lionsclubpalma.com<\/li>\n<\/ul>\n<p><strong>Donaciones por transferencia bancaria o PayPal www.lionsclubpalma.com<\/strong><\/p>\n<p><strong>Club de Leones Palma de Mallorca<\/strong><br \/>\n<strong>Referencia: Comida para todos<\/strong><br \/>\n<strong>IBAN: ES62 2100 4379 6302 0005 0026 Banco: La Caixa<\/strong><\/p>\n<p><strong>Se expedir\u00e1n recibos de donaci\u00f3n previa solicitud. Indique el nombre, la direcci\u00f3n, el n\u00famero de identificaci\u00f3n fiscal y la oficina tributaria responsable.<\/strong><\/p>\n\t\t\t\t\t\t\t\t<\/div>\n\t\t\t\t<\/div>\n\t\t\t\t\t<\/div>\n\t\t<\/div>\n\t\t\t\t\t<\/div>\n\t\t<\/section>\n\t\t\t\t<\/div>\n\t\t","protected":false},"excerpt":{"rendered":"<p>Informe anual 2022 COMIDA PARA TODOS \u00fanica, fiable, eficaz, c\u00e1lida, sostenible, humana \u00bfQu\u00e9 nos espera en 2023? El color de moda es el MAGENTA. Los pantalones cargo ser\u00e1n la tendencia [&hellip;]<\/p>\n","protected":false},"author":1,"featured_media":0,"parent":0,"menu_order":0,"comment_status":"closed","ping_status":"closed","template":"","meta":{"ocean_post_layout":"","ocean_both_sidebars_style":"","ocean_both_sidebars_content_width":0,"ocean_both_sidebars_sidebars_width":0,"ocean_sidebar":"","ocean_second_sidebar":"","ocean_disable_margins":"enable","ocean_add_body_class":"","ocean_shortcode_before_top_bar":"","ocean_shortcode_after_top_bar":"","ocean_shortcode_before_header":"","ocean_shortcode_after_header":"","ocean_has_shortcode":"","ocean_shortcode_after_title":"","ocean_shortcode_before_footer_widgets":"","ocean_shortcode_after_footer_widgets":"","ocean_shortcode_before_footer_bottom":"","ocean_shortcode_after_footer_bottom":"","ocean_display_top_bar":"default","ocean_display_header":"default","ocean_header_style":"","ocean_center_header_left_menu":"","ocean_custom_header_template":"","ocean_custom_logo":0,"ocean_custom_retina_logo":0,"ocean_custom_logo_max_width":0,"ocean_custom_logo_tablet_max_width":0,"ocean_custom_logo_mobile_max_width":0,"ocean_custom_logo_max_height":0,"ocean_custom_logo_tablet_max_height":0,"ocean_custom_logo_mobile_max_height":0,"ocean_header_custom_menu":"","ocean_menu_typo_font_family":"","ocean_menu_typo_font_subset":"","ocean_menu_typo_font_size":0,"ocean_menu_typo_font_size_tablet":0,"ocean_menu_typo_font_size_mobile":0,"ocean_menu_typo_font_size_unit":"px","ocean_menu_typo_font_weight":"","ocean_menu_typo_font_weight_tablet":"","ocean_menu_typo_font_weight_mobile":"","ocean_menu_typo_transform":"","ocean_menu_typo_transform_tablet":"","ocean_menu_typo_transform_mobile":"","ocean_menu_typo_line_height":0,"ocean_menu_typo_line_height_tablet":0,"ocean_menu_typo_line_height_mobile":0,"ocean_menu_typo_line_height_unit":"","ocean_menu_typo_spacing":0,"ocean_menu_typo_spacing_tablet":0,"ocean_menu_typo_spacing_mobile":0,"ocean_menu_typo_spacing_unit":"","ocean_menu_link_color":"","ocean_menu_link_color_hover":"","ocean_menu_link_color_active":"","ocean_menu_link_background":"","ocean_menu_link_hover_background":"","ocean_menu_link_active_background":"","ocean_menu_social_links_bg":"","ocean_menu_social_hover_links_bg":"","ocean_menu_social_links_color":"","ocean_menu_social_hover_links_color":"","ocean_disable_title":"default","ocean_disable_heading":"default","ocean_post_title":"","ocean_post_subheading":"","ocean_post_title_style":"","ocean_post_title_background_color":"","ocean_post_title_background":0,"ocean_post_title_bg_image_position":"","ocean_post_title_bg_image_attachment":"","ocean_post_title_bg_image_repeat":"","ocean_post_title_bg_image_size":"","ocean_post_title_height":0,"ocean_post_title_bg_overlay":0.5,"ocean_post_title_bg_overlay_color":"","ocean_disable_breadcrumbs":"default","ocean_breadcrumbs_color":"","ocean_breadcrumbs_separator_color":"","ocean_breadcrumbs_links_color":"","ocean_breadcrumbs_links_hover_color":"","ocean_display_footer_widgets":"default","ocean_display_footer_bottom":"default","ocean_custom_footer_template":"","footnotes":""},"class_list":["post-3673","page","type-page","status-publish","hentry","entry"],"_links":{"self":[{"href":"https:\/\/lionsclubpalma.com\/es\/wp-json\/wp\/v2\/pages\/3673","targetHints":{"allow":["GET"]}}],"collection":[{"href":"https:\/\/lionsclubpalma.com\/es\/wp-json\/wp\/v2\/pages"}],"about":[{"href":"https:\/\/lionsclubpalma.com\/es\/wp-json\/wp\/v2\/types\/page"}],"author":[{"embeddable":true,"href":"https:\/\/lionsclubpalma.com\/es\/wp-json\/wp\/v2\/users\/1"}],"replies":[{"embeddable":true,"href":"https:\/\/lionsclubpalma.com\/es\/wp-json\/wp\/v2\/comments?post=3673"}],"version-history":[{"count":1,"href":"https:\/\/lionsclubpalma.com\/es\/wp-json\/wp\/v2\/pages\/3673\/revisions"}],"predecessor-version":[{"id":3674,"href":"https:\/\/lionsclubpalma.com\/es\/wp-json\/wp\/v2\/pages\/3673\/revisions\/3674"}],"wp:attachment":[{"href":"https:\/\/lionsclubpalma.com\/es\/wp-json\/wp\/v2\/media?parent=3673"}],"curies":[{"name":"wp","href":"https:\/\/api.w.org\/{rel}","templated":true}]}}