{"id":3755,"date":"2023-03-16T11:06:17","date_gmt":"2023-03-16T11:06:17","guid":{"rendered":"https:\/\/lionsclubpalma.com\/comida-para-todos\/informe-de-situacion-enero-febrero-2023\/"},"modified":"2023-03-16T11:11:34","modified_gmt":"2023-03-16T11:11:34","slug":"informe-de-situacion-enero-febrero-2023","status":"publish","type":"page","link":"https:\/\/lionsclubpalma.com\/es\/comida-para-todos\/informe-de-situacion-enero-febrero-2023\/","title":{"rendered":"Informe de situaci\u00f3n enero\/febrero 2023"},"content":{"rendered":"\t\t<div data-elementor-type=\"wp-page\" data-elementor-id=\"3755\" class=\"elementor elementor-3755 elementor-3741\" data-elementor-post-type=\"page\">\n\t\t\t\t\t\t<section class=\"elementor-section elementor-top-section elementor-element elementor-element-3d3d384 elementor-section-boxed elementor-section-height-default elementor-section-height-default\" data-id=\"3d3d384\" data-element_type=\"section\" data-e-type=\"section\">\n\t\t\t\t\t\t<div class=\"elementor-container elementor-column-gap-default\">\n\t\t\t\t\t<div class=\"elementor-column elementor-col-100 elementor-top-column elementor-element elementor-element-295ee3f\" data-id=\"295ee3f\" data-element_type=\"column\" data-e-type=\"column\">\n\t\t\t<div class=\"elementor-widget-wrap elementor-element-populated\">\n\t\t\t\t\t\t<div class=\"elementor-element elementor-element-cb48b8f elementor-widget elementor-widget-text-editor\" data-id=\"cb48b8f\" data-element_type=\"widget\" data-e-type=\"widget\" data-widget_type=\"text-editor.default\">\n\t\t\t\t<div class=\"elementor-widget-container\">\n\t\t\t\t\t\t\t\t\t<h1>Informe de situaci\u00f3n enero\/febrero 2023<\/h1><p><strong>47.776 kg de frutas y hortalizas distribuidos a los necesitados<\/strong><br \/><strong>M\u00e1s de 10.000 cajas cargadas a mano<\/strong><br \/><strong>12 a\u00f1os del proyecto social \u00ab\u00a1\u00a1\u00a1comida para todos!!!<\/strong><br \/><strong>Dulce sorpresa para nuestras organizaciones de ayuda<\/strong><\/p><p>Queridos amigos de nuestro proyecto,<\/p><p>El nuevo a\u00f1o ha comenzado y nos ten\u00eda reservadas algunas sorpresas al principio. A lo largo de los dos \u00faltimos meses, Lidl nos ha proporcionado en repetidas ocasiones dulces (navide\u00f1os), adem\u00e1s de fruta y verdura, que hemos podido entregar a las distintas organizaciones. Estas dulces sorpresas han sido especialmente bien recibidas por las numerosas familias con muchos ni\u00f1os que dependen de nuestra ayuda, por lo que queremos dar las gracias una vez m\u00e1s a Lidl.<\/p><p>Ambos conductores disfrutaron de dos merecidas semanas de vacaciones, lo que oblig\u00f3 a modificar la planificaci\u00f3n de los conductores y a acortar o combinar algunos viajes. Tambi\u00e9n hubo conductores temporales que se hicieron cargo de varias rutas. No obstante, con menos \u00abmano de obra\u00bb y un mes de febrero corto, conseguimos distribuir m\u00e1s de 47.500 kg de fruta, verdura y los dulces ya mencionados.<\/p><p>\u00bfQu\u00e9 significa realmente \u00abdistribuir\u00bb? Un gran aplauso para nuestros conductores. Su trabajo consiste no s\u00f3lo en conducir los camiones con seguridad a trav\u00e9s del tr\u00e1fico, a menudo turbulento, de Mallorca, sino tambi\u00e9n en cargar las cajas de fruta y verdura en los camiones de las sucursales de Lidl y descargarlas de nuevo en las organizaciones de ayuda con los ayudantes a la espera.<br \/>Y estamos hablando -s\u00f3lo en los meses de enero y febrero- de m\u00e1s de 10.000 cajas, \u00a1cada una de las cuales pesa unos 5 kg! Muchas gracias a nuestros conductores Marcos y Heri por este gran trabajo.<\/p><p>En enero y febrero apoyamos a la organizaci\u00f3n Canamut con compras especiales. Necesitaban urgentemente una instalaci\u00f3n de refrigeraci\u00f3n para almacenar la fruta, la verdura y los productos refrigerados que les entreg\u00e1bamos. La organizaci\u00f3n agradeci\u00f3 mucho el frigor\u00edfico de gran capacidad que le proporcionamos.<br \/>Tambi\u00e9n nos hicimos cargo de la compra de leche de cabra para varios ni\u00f1os apoyados por Canamut que tienen alergia a la leche de vaca.<br \/>Para la organizaci\u00f3n Templarios, Dagmar Daum de Waard fue al Lidl a comprar productos frescos para unas 30 familias, consistentes principalmente en art\u00edculos para el desayuno de los ni\u00f1os, huevos y carne fresca de pollo.<\/p><p><a href=\"https:\/\/lionsclubpalma.com\/es\/tiger-2\/\" rel=\"attachment wp-att-3750\"><img fetchpriority=\"high\" decoding=\"async\" class=\"alignleft wp-image-3750\" src=\"https:\/\/lionsclubpalma.com\/wp-content\/uploads\/Tiger.jpg\" alt=\"\" width=\"500\" height=\"356\" srcset=\"https:\/\/lionsclubpalma.com\/wp-content\/uploads\/Tiger.jpg 956w, https:\/\/lionsclubpalma.com\/wp-content\/uploads\/Tiger-300x213.jpg 300w, https:\/\/lionsclubpalma.com\/wp-content\/uploads\/Tiger-768x546.jpg 768w\" sizes=\"(max-width: 500px) 100vw, 500px\" \/><\/a>Mardi Gras\/Altweiberfasching, 2 miembros de los Leones, Dagmar Daum de Waard y Claudia Schmaler, disfrazadas de tigres, estaban listas y esperando en el hoyo 4 del Golf de Andratx en Camp de Mar para ofrecer a los golfistas un peque\u00f1o sorbo de \u00abagua de diana\u00bb y entregar bolas de golf con el logotipo del Lions Club Palma a cambio de un donativo.<br \/>Por esta oportunidad, nuestro m\u00e1s sincero agradecimiento a Dirk D\u00fcnkler, director del club de golf.<\/p><p>Aunque ahora podemos organizar una serie de actos y campa\u00f1as para promocionar nuestro club y recaudar donativos, seguimos dependiendo de tu ayuda. Por favor, apoye nuestro proyecto de nuevo este a\u00f1o, gracias.<\/p><p><strong>\u00a0<\/strong><\/p><p>\u00a0<\/p><p><strong>Viajamos 6 (!) d\u00edas a la semana.<\/strong> Estas son las estad\u00edsticas para <strong>enero\/febrero de 2023<\/strong>:<\/p><table width=\"642\"><tbody><tr><td width=\"340\"><p>Horas de voluntariado de nuestros miembros<\/p><\/td><td width=\"302\"><p><strong>362 <\/strong><strong>horas<\/strong><\/p><\/td><\/tr><tr><td width=\"340\"><p>D\u00edas laborables pagados<\/p><\/td><td width=\"302\"><p><strong>90 d\u00edas<\/strong><\/p><\/td><\/tr><tr><td width=\"340\"><p>Distancia recorrida<\/p><\/td><td width=\"302\"><p><strong>13.915 km<\/strong><\/p><\/td><\/tr><tr><td width=\"340\"><p>Costes Salario\/Combustible\/Alquiler\/ 2 meses<\/p><\/td><td width=\"302\"><p><strong>19.988,- EUR +\/- <\/strong>(2 camiones\/ 2 conductores)<\/p><\/td><\/tr><tr><td width=\"340\"><p>Productos frescos cargados Frutas\/hortalizas<\/p><\/td><td width=\"302\"><p><strong>47.776 kg (325.000 kg en 2022)<\/strong><\/p><\/td><\/tr><tr><td width=\"340\"><p>Total de bienes distribuidos<\/p><\/td><td width=\"302\"><p><strong>49.200 kg<\/strong><\/p><\/td><\/tr><tr><td width=\"340\"><p>Personas necesitadas de ayuda a las que tendemos la mano<\/p><\/td><td width=\"302\"><p><strong>7.980+\/- personas (la tendencia es la misma)<\/strong><\/p><\/td><\/tr><tr><td width=\"340\"><p>Fruta y verdura por persona alcanzada<\/p><\/td><td width=\"302\"><p><strong>3,0 kg <\/strong>(\u00a1para un mes!)<\/p><\/td><\/tr><\/tbody><\/table><p>Equivalente a 42 c\u00e9ntimos por kilo de fruta\/verdura (resultado 2022 media anual 31 c\u00e9ntimos)<\/p><p>Gran parte de los da\u00f1os causados por la tormenta \u00abJuliette\u00bb en Mallorca ya han sido reparados, pero los efectos a\u00fan se dejar\u00e1n sentir durante mucho tiempo, especialmente en la sierra de Tramuntana. Esperamos que hayan sobrevivido ilesos a estos d\u00edas y les deseamos un comienzo tranquilo de la primavera. Gracias por vuestra fidelidad y apoyo a nuestro proyecto \u00abComida para todos\u00bb.<\/p><p>Saludos cordiales<\/p><ul><li>el <strong>Club de Leones Palma de Mallorca <\/strong>con la Presidenta Dagmar Daum de Waard<\/li><li>Direcci\u00f3n del proyecto: Wolfgang Kr\u00e4mer<\/li><li>los gestores del proyecto:en Claudia Joest, Klaus Goergen, Claudia Schmaler<\/li><\/ul><p>Contacto\/ Comentarios\/ Editores<strong>:\u00a0 <\/strong><a href=\"mailto:wkraemer@lionsclubpalma.com\">Wolfgang Kr\u00e4mer<\/a> y <a href=\"mailto:Claudia.schmaler@lionsclubpalma.com\">Claudia Schmaler<\/a><\/p><p><strong>Donar por transferencia bancaria o PayPal<br \/><\/strong><strong>Club de Leones Palma de Mallorca <br \/><\/strong><strong>Comida para todos<br \/><\/strong><strong>IBAN: ES62 2100 4379 6302 0005 0026 Banco: La Caixa <\/strong><\/p><p>Si lo solicita, podemos emitirle recibos de donaci\u00f3n. Para ello necesitamos Nombre, direcci\u00f3n, n\u00famero de identificaci\u00f3n fiscal y agencia tributaria responsable.\u00a0\u00a0 \u00a0 \u00a0 \u00a0 \u00a0 \u00a0 \u00a0 \u00a0 \u00a0 \u00a0 \u00a0 \u00a0 \u00a0 \u00a0 \u00a0 \u00a0 \u00a0 \u00a0 \u00a0 \u00a0 \u00a0 \u00a0 \u00a0 \u00a0 \u00a0 \u00a0 \u00a0 \u00a0 \u00a0 \u00a0 \u00a0 \u00a0 \u00a0 \u00a0 \u00a0 \u00a0 \u00a0\u00a0<\/p>\t\t\t\t\t\t\t\t<\/div>\n\t\t\t\t<\/div>\n\t\t\t\t\t<\/div>\n\t\t<\/div>\n\t\t\t\t\t<\/div>\n\t\t<\/section>\n\t\t\t\t<\/div>\n\t\t","protected":false},"excerpt":{"rendered":"<p>Informe de situaci\u00f3n enero\/febrero 2023 47.776 kg de frutas y hortalizas distribuidos a los necesitadosM\u00e1s de 10.000 cajas cargadas a mano12 a\u00f1os del proyecto social \u00ab\u00a1\u00a1\u00a1comida para todos!!!Dulce sorpresa para [&hellip;]<\/p>\n","protected":false},"author":1,"featured_media":0,"parent":2268,"menu_order":0,"comment_status":"closed","ping_status":"closed","template":"","meta":{"ocean_post_layout":"","ocean_both_sidebars_style":"","ocean_both_sidebars_content_width":0,"ocean_both_sidebars_sidebars_width":0,"ocean_sidebar":"0","ocean_second_sidebar":"0","ocean_disable_margins":"enable","ocean_add_body_class":"","ocean_shortcode_before_top_bar":"","ocean_shortcode_after_top_bar":"","ocean_shortcode_before_header":"","ocean_shortcode_after_header":"","ocean_has_shortcode":"","ocean_shortcode_after_title":"","ocean_shortcode_before_footer_widgets":"","ocean_shortcode_after_footer_widgets":"","ocean_shortcode_before_footer_bottom":"","ocean_shortcode_after_footer_bottom":"","ocean_display_top_bar":"default","ocean_display_header":"default","ocean_header_style":"","ocean_center_header_left_menu":"0","ocean_custom_header_template":"0","ocean_custom_logo":0,"ocean_custom_retina_logo":0,"ocean_custom_logo_max_width":0,"ocean_custom_logo_tablet_max_width":0,"ocean_custom_logo_mobile_max_width":0,"ocean_custom_logo_max_height":0,"ocean_custom_logo_tablet_max_height":0,"ocean_custom_logo_mobile_max_height":0,"ocean_header_custom_menu":"0","ocean_menu_typo_font_family":"0","ocean_menu_typo_font_subset":"","ocean_menu_typo_font_size":0,"ocean_menu_typo_font_size_tablet":0,"ocean_menu_typo_font_size_mobile":0,"ocean_menu_typo_font_size_unit":"px","ocean_menu_typo_font_weight":"","ocean_menu_typo_font_weight_tablet":"","ocean_menu_typo_font_weight_mobile":"","ocean_menu_typo_transform":"","ocean_menu_typo_transform_tablet":"","ocean_menu_typo_transform_mobile":"","ocean_menu_typo_line_height":0,"ocean_menu_typo_line_height_tablet":0,"ocean_menu_typo_line_height_mobile":0,"ocean_menu_typo_line_height_unit":"","ocean_menu_typo_spacing":0,"ocean_menu_typo_spacing_tablet":0,"ocean_menu_typo_spacing_mobile":0,"ocean_menu_typo_spacing_unit":"","ocean_menu_link_color":"","ocean_menu_link_color_hover":"","ocean_menu_link_color_active":"","ocean_menu_link_background":"","ocean_menu_link_hover_background":"","ocean_menu_link_active_background":"","ocean_menu_social_links_bg":"","ocean_menu_social_hover_links_bg":"","ocean_menu_social_links_color":"","ocean_menu_social_hover_links_color":"","ocean_disable_title":"default","ocean_disable_heading":"default","ocean_post_title":"","ocean_post_subheading":"","ocean_post_title_style":"","ocean_post_title_background_color":"","ocean_post_title_background":0,"ocean_post_title_bg_image_position":"","ocean_post_title_bg_image_attachment":"","ocean_post_title_bg_image_repeat":"","ocean_post_title_bg_image_size":"","ocean_post_title_height":0,"ocean_post_title_bg_overlay":0.5,"ocean_post_title_bg_overlay_color":"","ocean_disable_breadcrumbs":"default","ocean_breadcrumbs_color":"","ocean_breadcrumbs_separator_color":"","ocean_breadcrumbs_links_color":"","ocean_breadcrumbs_links_hover_color":"","ocean_display_footer_widgets":"default","ocean_display_footer_bottom":"default","ocean_custom_footer_template":"0","footnotes":""},"class_list":["post-3755","page","type-page","status-publish","hentry","entry"],"_links":{"self":[{"href":"https:\/\/lionsclubpalma.com\/es\/wp-json\/wp\/v2\/pages\/3755","targetHints":{"allow":["GET"]}}],"collection":[{"href":"https:\/\/lionsclubpalma.com\/es\/wp-json\/wp\/v2\/pages"}],"about":[{"href":"https:\/\/lionsclubpalma.com\/es\/wp-json\/wp\/v2\/types\/page"}],"author":[{"embeddable":true,"href":"https:\/\/lionsclubpalma.com\/es\/wp-json\/wp\/v2\/users\/1"}],"replies":[{"embeddable":true,"href":"https:\/\/lionsclubpalma.com\/es\/wp-json\/wp\/v2\/comments?post=3755"}],"version-history":[{"count":4,"href":"https:\/\/lionsclubpalma.com\/es\/wp-json\/wp\/v2\/pages\/3755\/revisions"}],"predecessor-version":[{"id":3759,"href":"https:\/\/lionsclubpalma.com\/es\/wp-json\/wp\/v2\/pages\/3755\/revisions\/3759"}],"up":[{"embeddable":true,"href":"https:\/\/lionsclubpalma.com\/es\/wp-json\/wp\/v2\/pages\/2268"}],"wp:attachment":[{"href":"https:\/\/lionsclubpalma.com\/es\/wp-json\/wp\/v2\/media?parent=3755"}],"curies":[{"name":"wp","href":"https:\/\/api.w.org\/{rel}","templated":true}]}}