{"id":4056,"date":"2023-10-06T09:29:01","date_gmt":"2023-10-06T09:29:01","guid":{"rendered":"https:\/\/lionsclubpalma.com\/comida-para-todos\/informe-de-situacion-3er-trimestre-de-2023\/"},"modified":"2023-10-06T10:08:06","modified_gmt":"2023-10-06T10:08:06","slug":"informe-de-situacion-3er-trimestre-de-2023","status":"publish","type":"page","link":"https:\/\/lionsclubpalma.com\/es\/comida-para-todos\/informe-de-situacion-3er-trimestre-de-2023\/","title":{"rendered":"Informe de situaci\u00f3n 3er trimestre de 2023"},"content":{"rendered":"\t\t<div data-elementor-type=\"wp-page\" data-elementor-id=\"4056\" class=\"elementor elementor-4056 elementor-4045\" data-elementor-post-type=\"page\">\n\t\t\t\t\t\t<section class=\"elementor-section elementor-top-section elementor-element elementor-element-e65174c elementor-section-boxed elementor-section-height-default elementor-section-height-default\" data-id=\"e65174c\" data-element_type=\"section\" data-e-type=\"section\">\n\t\t\t\t\t\t<div class=\"elementor-container elementor-column-gap-default\">\n\t\t\t\t\t<div class=\"elementor-column elementor-col-100 elementor-top-column elementor-element elementor-element-987a1e3\" data-id=\"987a1e3\" data-element_type=\"column\" data-e-type=\"column\">\n\t\t\t<div class=\"elementor-widget-wrap elementor-element-populated\">\n\t\t\t\t\t\t<div class=\"elementor-element elementor-element-27079b5 elementor-widget elementor-widget-text-editor\" data-id=\"27079b5\" data-element_type=\"widget\" data-e-type=\"widget\" data-widget_type=\"text-editor.default\">\n\t\t\t\t<div class=\"elementor-widget-container\">\n\t\t\t\t\t\t\t\t\t<h1>COMIDA PARA TODOS \u00fanica, fiable, eficaz, c\u00e1lida, sostenible, humana<\/h1><p><strong>Informe de situaci\u00f3n 3er trimestre de 2023<\/strong><\/p><p>Queridos amigos de nuestro proyecto,<br \/>Los calurosos meses de verano de 2023 han quedado atr\u00e1s y, por supuesto, nos gustaria mantenerles informados de c\u00f3mo se est\u00e1 desarrollando actualmente nuestro proyecto \u2018\u2019comida para todos\u2019\u2019<\/p><p>En Julio, no s\u00f3lo subieron enormemente las temperaturas en Mallorca, sino que adem\u00e1s el precio de la gasolina aument\u00f3 unos 25 c\u00e9ntimos por litro en los \u00faltimos 3 meses. Este hecho, unico a unas carreteras y autopistas abarrotadas, que a veces degeneraban a una aunt\u00e9ntica \u2018\u2019batalla de calie\u2019\u2019 para nuestros conductores, que supuso un gran lastre,.<\/p><p>Aunque la tasa de ocupaci\u00f3n hotelera fue muy buena y la isla estuvo muy llena en algunas partes, esto no significa que la pobreza en la isla sea cada vez menor. Muchas personas siguen dependiendo de nosotros y de nuestra \/ su ayuda.<\/p><p>Por ello, estamos especialmente satisfechos con el resultado de julio, ya que este mes hemos podido distribuir m\u00e1s bienes que en ning\u00fan otro mes del 2023, con m\u00e1s de 31,5 toneladas recogidas.<\/p><p>En agosto, nuestros conductores estaban de vacaciones, por lo que cambiamos o acortamos los recorridos.<\/p><p>Para ofrecerle una visi\u00f3n mejor, m\u00e1s r\u00e1pida y mas clara de las mercancias que \u2018\u2019movemos\u2019\u2019, a partir de ahora tambi\u00e9n encontrar\u00e1 en nuestros informes un gr\u00e1fico desde el que podr\u00e1 ver f\u00e1cilmente los tonelajes de los respectivos recorriods y las cantidades totales por mes.<\/p><p><a href=\"https:\/\/lionsclubpalma.com\/es\/balken-es\/\" rel=\"attachment wp-att-4063\"><img fetchpriority=\"high\" decoding=\"async\" class=\"alignnone size-full wp-image-4063\" src=\"https:\/\/lionsclubpalma.com\/wp-content\/uploads\/Balken-es.jpg\" alt=\"\" width=\"1044\" height=\"919\" srcset=\"https:\/\/lionsclubpalma.com\/wp-content\/uploads\/\/Balken-es.jpg 1044w, https:\/\/lionsclubpalma.com\/wp-content\/uploads\/\/Balken-es-300x264.jpg 300w, https:\/\/lionsclubpalma.com\/wp-content\/uploads\/\/Balken-es-1024x901.jpg 1024w, https:\/\/lionsclubpalma.com\/wp-content\/uploads\/\/Balken-es-768x676.jpg 768w\" sizes=\"(max-width: 1044px) 100vw, 1044px\" \/><\/a><\/p><h2><strong>Viajamos 6 d\u00edas a la s<\/strong><strong>emana. <\/strong>Aqu\u00ed est\u00e1n las estadisticas para los meses desde <strong>julio<\/strong> hasta <strong>septiembre <\/strong>2023<\/h2><table width=\"593\"><tbody><tr><td width=\"314\"><p>Horas de voluntarado de nuestros miembros<\/p><\/td><td width=\"279\"><p><strong>840 <\/strong><strong>Horas<\/strong><\/p><\/td><\/tr><tr><td width=\"314\"><p>D\u00edas laborales pagados<\/p><\/td><td width=\"279\"><p><strong>118<\/strong><\/p><\/td><\/tr><tr><td width=\"314\"><p>Distancia recorrida<\/p><\/td><td width=\"279\"><p><strong>24.575 km<\/strong><\/p><\/td><\/tr><tr><td width=\"314\"><p>Costes Salario\/Combustible\/Alquiler\/ 6 Meses<\/p><\/td><td width=\"279\"><p><strong>32.805,- EUR +\/- <\/strong>(2 camiones \/ 2 conductores)<\/p><\/td><\/tr><tr><td width=\"314\"><p>Productos frescos cargados Fruta \/ verduras<\/p><\/td><td width=\"279\"><p><strong>69.178 kg (325.000<\/strong> <strong>kg <\/strong><strong>en<\/strong><strong> 2022)<\/strong><\/p><\/td><\/tr><tr><td width=\"314\"><p>Total de bienes distribuidos<\/p><\/td><td width=\"279\"><p><strong>Aprox. \u00a069.800 kg<\/strong><\/p><\/td><\/tr><tr><td width=\"314\"><p>Personas necesitadas de ayuda a las que tendemos la mano<\/p><\/td><td width=\"279\"><p><strong>7.980+\/- Personas (la tendencia es la misma)<\/strong><\/p><\/td><\/tr><tr><td width=\"314\"><p>Fruta y verdura por persona alcanzada<\/p><\/td><td width=\"279\"><p><strong>2,9 kg <\/strong>al mes<\/p><\/td><\/tr><\/tbody><\/table><p><strong><em>Equivalente a 47 c\u00e9ntimos por kilo de fruta \/ verdura (resultado media anual 31 c\u00e9ntimos)<\/em><\/strong><\/p><h2>Organizaciones ben\u00e9ficas en Mallorca suministradas y apoyadas por el Lions\u00a0 Club de Palma:<\/h2><table><tbody><tr><td width=\"94\"><p><strong>Lunes<\/strong><\/p><\/td><td width=\"94\"><p><strong>Martes<\/strong><\/p><\/td><td width=\"94\"><p><strong>Mi\u00e9rcoles<\/strong><\/p><\/td><td width=\"105\"><p><strong>Jueves<\/strong><\/p><\/td><td width=\"84\"><p><strong>Viernes<\/strong><\/p><\/td><td width=\"94\"><p><strong>S\u00e1bado<\/strong><\/p><\/td><\/tr><tr><td width=\"94\"><p>Mallorca Sense Fam<\/p><\/td><td width=\"94\"><p>Mallorca Sense Fam<\/p><\/td><td width=\"94\"><p>SOS Mamas<\/p><\/td><td width=\"105\"><p>Can Gaza<\/p><\/td><td width=\"84\"><p>SOS Mamas<\/p><\/td><td width=\"94\"><p>Can Gaza<\/p><\/td><\/tr><tr><td width=\"94\"><p>Hope<\/p><p>Mallorca Santanyi<\/p><\/td><td width=\"94\"><p>Hope<\/p><p>Mallorca Santanyi<\/p><\/td><td width=\"94\"><p>El Tardor<\/p><\/td><td width=\"105\"><p>\u00a0<\/p><\/td><td width=\"84\"><p>El Tardor<\/p><\/td><td width=\"94\"><p>El Tardor<\/p><\/td><\/tr><tr><td width=\"94\"><p>Zaqueo<\/p><\/td><td width=\"94\"><p>Es Refugi<\/p><\/td><td width=\"94\"><p>Hope Mallorca Cala Bona<\/p><\/td><td width=\"105\"><p>\u00a0<\/p><\/td><td width=\"84\"><p>Zaqueo<\/p><\/td><td width=\"94\"><p>\u00a0<\/p><\/td><\/tr><tr><td width=\"94\"><p>Templarios<\/p><\/td><td width=\"94\"><p>Avaso<\/p><\/td><td width=\"94\"><p>\u00a0<\/p><\/td><td width=\"105\"><p>\u00a0<\/p><\/td><td width=\"84\"><p>\u00a0<\/p><\/td><td width=\"94\"><p>\u00a0<\/p><\/td><\/tr><\/tbody><\/table><p><em><strong>Tambi\u00e9n quincenales: ONG Canamut Palma, ONG Noble Solidari Santa Eugenia<\/strong><\/em><br \/><em><strong>1 vez al mes: Es Rebost Binissalem<\/strong><\/em><\/p><h2>Una vez m\u00e1s ha llegado el momento de decir \u2018\u2019\u00a1GRACIAS!\u2019\u2019<\/h2><p>Queremos dar las gracias a todos nuestros colaboradores, patrocinadores y donantes. Necesitamos vuestra ayuda urgentemente, por favor, seguid siendo fieles a nosotros para que nuestro proyecto \u2018\u2019Comida para todos\u2019\u2019 pueda continuar.<\/p><p>Un agradecimiento especial al Lions Club Calvi\u00e0, que nos ha apoyado durante a\u00f1os con 1.000 \u20ac\/mes. \u00a1Gracias, Adrian Elkinson, presidente des hace muchos a\u00f1os de nuestro club de barrio de habla inglesa de Calvi\u00e0!<\/p><p>A finales de septiembre hubo otra gran sorpresa para nuestro club. Nuestro mecena, Lutz Menkner, fundador y propietario de la agencia inmobiliaria <a href=\"http:\/\/www.minkner.com\">Minkner &amp; Bonitz<\/a>, lleva muchos a\u00f1os apoy\u00e1ndonos junto con su esposa Edith. Lutz Menkner celebr\u00f3 su 75 cumplea\u00f1os y, al mismo tiempo, los 30 a\u00f1os de existencia de su empresa. Para nuestra gran sorpresa, don\u00f3 a nuestro club los fondos recaudados en su aniversario. Nuestra Presidenta, Dagmar Daum de Waarde, y el director de proyectos de Comida para todos, Wolfgang Kr\u00e4mer, recibieron un cheque de 10.000 \u20ac al final del acto. Muchas, muchas gracias.<\/p><p>Nuestro pr\u00f3ximo informe aparecer\u00e1 en enero de 2024 con repaso del a\u00f1o 2023, sed curiosos, manteneros sanos y disfrutad de los d\u00edas m\u00e1s tranquilos y frescos que nos suele deparar el oto\u00f1o.<\/p><p>Saludos cordiales,<\/p><p>&#8211; El Lions Club Palma de Mallorca con la presidenta Dagmar Daum de Waard<\/p><p>&#8211; Direcci\u00f3n del proyecto: Wolfaganf Kr\u00e4mer<\/p><p>&#8211; Los gestores del proyecto: Claudia Joest, Klaus Goergen, Claudia Schmaler<\/p><h3>Contacto\/ Comentarios\/ Editores<strong>: <\/strong>Wolfgang Kr\u00e4mer und Claudia Schmaler<\/h3><p><a href=\"mailto:wkraemer@lionsclubpalma.com\">wkraemer@lionsclubpalma.com<\/a>\u00a0\u00a0\u00a0\u00a0\u00a0\u00a0\u00a0 <br \/><a href=\"mailto:Claudia.schmaler@lionsclubpalma.com\">Claudia.schmaler@lionsclubpalma.com<\/a><\/p><p><strong>Donaciones a trav\u00e9s de transferencia<\/strong><strong> bancaria o PayPal<br \/><\/strong><strong>Lions Club Palma de Mallorca <br \/><\/strong><strong>Comida para todos<br \/><\/strong><strong>IBAN: ES62 2100 4379 6302 0005 0026\u00a0\u00a0\u00a0 Bank: La Caixa <\/strong><\/p><p>Si lo solicita, podemos emitirle recibos de donaci\u00f3n. Para ello necesitamos: nombre, direcci\u00f3n, n\u00famero de identificaci\u00f3n fiscal y agencia tributaria responsable.<\/p><p>\u00a0<\/p>\t\t\t\t\t\t\t\t<\/div>\n\t\t\t\t<\/div>\n\t\t\t\t\t<\/div>\n\t\t<\/div>\n\t\t\t\t\t<\/div>\n\t\t<\/section>\n\t\t\t\t<\/div>\n\t\t","protected":false},"excerpt":{"rendered":"<p>COMIDA PARA TODOS \u00fanica, fiable, eficaz, c\u00e1lida, sostenible, humana Informe de situaci\u00f3n 3er trimestre de 2023 Queridos amigos de nuestro proyecto,Los calurosos meses de verano de 2023 han quedado atr\u00e1s [&hellip;]<\/p>\n","protected":false},"author":1,"featured_media":0,"parent":2268,"menu_order":0,"comment_status":"closed","ping_status":"closed","template":"","meta":{"ocean_post_layout":"","ocean_both_sidebars_style":"","ocean_both_sidebars_content_width":0,"ocean_both_sidebars_sidebars_width":0,"ocean_sidebar":"0","ocean_second_sidebar":"0","ocean_disable_margins":"enable","ocean_add_body_class":"","ocean_shortcode_before_top_bar":"","ocean_shortcode_after_top_bar":"","ocean_shortcode_before_header":"","ocean_shortcode_after_header":"","ocean_has_shortcode":"","ocean_shortcode_after_title":"","ocean_shortcode_before_footer_widgets":"","ocean_shortcode_after_footer_widgets":"","ocean_shortcode_before_footer_bottom":"","ocean_shortcode_after_footer_bottom":"","ocean_display_top_bar":"default","ocean_display_header":"default","ocean_header_style":"","ocean_center_header_left_menu":"0","ocean_custom_header_template":"0","ocean_custom_logo":0,"ocean_custom_retina_logo":0,"ocean_custom_logo_max_width":0,"ocean_custom_logo_tablet_max_width":0,"ocean_custom_logo_mobile_max_width":0,"ocean_custom_logo_max_height":0,"ocean_custom_logo_tablet_max_height":0,"ocean_custom_logo_mobile_max_height":0,"ocean_header_custom_menu":"0","ocean_menu_typo_font_family":"0","ocean_menu_typo_font_subset":"","ocean_menu_typo_font_size":0,"ocean_menu_typo_font_size_tablet":0,"ocean_menu_typo_font_size_mobile":0,"ocean_menu_typo_font_size_unit":"px","ocean_menu_typo_font_weight":"","ocean_menu_typo_font_weight_tablet":"","ocean_menu_typo_font_weight_mobile":"","ocean_menu_typo_transform":"","ocean_menu_typo_transform_tablet":"","ocean_menu_typo_transform_mobile":"","ocean_menu_typo_line_height":0,"ocean_menu_typo_line_height_tablet":0,"ocean_menu_typo_line_height_mobile":0,"ocean_menu_typo_line_height_unit":"","ocean_menu_typo_spacing":0,"ocean_menu_typo_spacing_tablet":0,"ocean_menu_typo_spacing_mobile":0,"ocean_menu_typo_spacing_unit":"","ocean_menu_link_color":"","ocean_menu_link_color_hover":"","ocean_menu_link_color_active":"","ocean_menu_link_background":"","ocean_menu_link_hover_background":"","ocean_menu_link_active_background":"","ocean_menu_social_links_bg":"","ocean_menu_social_hover_links_bg":"","ocean_menu_social_links_color":"","ocean_menu_social_hover_links_color":"","ocean_disable_title":"default","ocean_disable_heading":"default","ocean_post_title":"","ocean_post_subheading":"","ocean_post_title_style":"","ocean_post_title_background_color":"","ocean_post_title_background":0,"ocean_post_title_bg_image_position":"","ocean_post_title_bg_image_attachment":"","ocean_post_title_bg_image_repeat":"","ocean_post_title_bg_image_size":"","ocean_post_title_height":0,"ocean_post_title_bg_overlay":0.5,"ocean_post_title_bg_overlay_color":"","ocean_disable_breadcrumbs":"default","ocean_breadcrumbs_color":"","ocean_breadcrumbs_separator_color":"","ocean_breadcrumbs_links_color":"","ocean_breadcrumbs_links_hover_color":"","ocean_display_footer_widgets":"default","ocean_display_footer_bottom":"default","ocean_custom_footer_template":"0","footnotes":""},"class_list":["post-4056","page","type-page","status-publish","hentry","entry"],"_links":{"self":[{"href":"https:\/\/lionsclubpalma.com\/es\/wp-json\/wp\/v2\/pages\/4056","targetHints":{"allow":["GET"]}}],"collection":[{"href":"https:\/\/lionsclubpalma.com\/es\/wp-json\/wp\/v2\/pages"}],"about":[{"href":"https:\/\/lionsclubpalma.com\/es\/wp-json\/wp\/v2\/types\/page"}],"author":[{"embeddable":true,"href":"https:\/\/lionsclubpalma.com\/es\/wp-json\/wp\/v2\/users\/1"}],"replies":[{"embeddable":true,"href":"https:\/\/lionsclubpalma.com\/es\/wp-json\/wp\/v2\/comments?post=4056"}],"version-history":[{"count":7,"href":"https:\/\/lionsclubpalma.com\/es\/wp-json\/wp\/v2\/pages\/4056\/revisions"}],"predecessor-version":[{"id":4067,"href":"https:\/\/lionsclubpalma.com\/es\/wp-json\/wp\/v2\/pages\/4056\/revisions\/4067"}],"up":[{"embeddable":true,"href":"https:\/\/lionsclubpalma.com\/es\/wp-json\/wp\/v2\/pages\/2268"}],"wp:attachment":[{"href":"https:\/\/lionsclubpalma.com\/es\/wp-json\/wp\/v2\/media?parent=4056"}],"curies":[{"name":"wp","href":"https:\/\/api.w.org\/{rel}","templated":true}]}}