{"id":4299,"date":"2024-01-30T10:24:07","date_gmt":"2024-01-30T10:24:07","guid":{"rendered":"https:\/\/lionsclubpalma.com\/comida-para-todos\/informe-anual-2023\/"},"modified":"2024-01-30T10:24:07","modified_gmt":"2024-01-30T10:24:07","slug":"informe-anual-2023","status":"publish","type":"page","link":"https:\/\/lionsclubpalma.com\/es\/comida-para-todos\/informe-anual-2023\/","title":{"rendered":"Informe anual 2023"},"content":{"rendered":"\t\t<div data-elementor-type=\"wp-page\" data-elementor-id=\"4299\" class=\"elementor elementor-4299 elementor-4275\" data-elementor-post-type=\"page\">\n\t\t\t\t\t\t<section class=\"elementor-section elementor-top-section elementor-element elementor-element-4838576 elementor-section-boxed elementor-section-height-default elementor-section-height-default\" data-id=\"4838576\" data-element_type=\"section\" data-e-type=\"section\">\n\t\t\t\t\t\t<div class=\"elementor-container elementor-column-gap-default\">\n\t\t\t\t\t<div class=\"elementor-column elementor-col-100 elementor-top-column elementor-element elementor-element-7bab6de\" data-id=\"7bab6de\" data-element_type=\"column\" data-e-type=\"column\">\n\t\t\t<div class=\"elementor-widget-wrap elementor-element-populated\">\n\t\t\t\t\t\t<div class=\"elementor-element elementor-element-3c2ce32 elementor-widget elementor-widget-text-editor\" data-id=\"3c2ce32\" data-element_type=\"widget\" data-e-type=\"widget\" data-widget_type=\"text-editor.default\">\n\t\t\t\t<div class=\"elementor-widget-container\">\n\t\t\t\t\t\t\t\t\t<h1>Informe anual 2023<\/h1>\n<p>Queridos amigos de nuestro proyecto,<br \/>\nAunque el nuevo a\u00f1o ya ha comenzado, nos gustar\u00eda echar de nuevo la vista atr\u00e1s al pasado a\u00f1o 2023.<\/p>\n<p>Fue un a\u00f1o en el que las crisis pol\u00edticas, las guerras y las cat\u00e1strofes naturales en forma de terremotos, incendios forestales e inundaciones mostraron al mundo entero lo ef\u00edmeras y en peligro que son nuestras vidas de prosperidad y paz.<\/p>\n<p>\u00abServimos\u00bb ha sido nuestro lema, nuestro credo y nuestra misi\u00f3n desde que se fund\u00f3 el Club de Leones en 1917. Con nuestro proyecto \u00abComida para todos\u00bb del a\u00f1o pasado, intentamos aliviar la penuria econ\u00f3mica que desgraciadamente tambi\u00e9n impera en muchos lugares aqu\u00ed en Mallorca, distribuyendo 276.849 kg de frutas, verduras y otros productos alimenticios, as\u00ed como alimentos b\u00e1sicos y productos de higiene, a las organizaciones de ayuda para su distribuci\u00f3n o procesamiento posterior.<\/p>\n<p>Aqu\u00ed queremos ofrecerle una visi\u00f3n general de las cantidades individuales por mes en 2023, as\u00ed como de la distribuci\u00f3n de las mercanc\u00edas a las organizaciones de ayuda a las que suministramos.<\/p>\n<p><img decoding=\"async\" data-src=\"https:\/\/lionsclubpalma.com\/wp-content\/uploads\/Disgramm1.jpg\" src=\"data:image\/svg+xml;base64,PHN2ZyB3aWR0aD0iMSIgaGVpZ2h0PSIxIiB4bWxucz0iaHR0cDovL3d3dy53My5vcmcvMjAwMC9zdmciPjwvc3ZnPg==\" class=\"lazyload\" style=\"--smush-placeholder-width: 886px; --smush-placeholder-aspect-ratio: 886\/460;\" \/><\/p>\n<p><strong>Conducimos 6 d\u00edas a la semana. <\/strong>Aqu\u00ed est\u00e1n las estad\u00edsticas <strong>para 2023<\/strong>:<\/p>\n<p>&nbsp;<\/p>\n<table width=\"593\">\n<tbody>\n<tr>\n<td width=\"314\">Horas de voluntariado realizadas por nuestros miembros<\/td>\n<td width=\"279\"><strong>3.882 <\/strong><strong>horas <\/strong><\/td>\n<\/tr>\n<tr>\n<td width=\"314\">D\u00edas laborables pagados<\/td>\n<td width=\"279\"><strong>503 <\/strong><strong>d\u00edas laborables<\/strong><\/td>\n<\/tr>\n<tr>\n<td width=\"314\">Distancia recorrida<\/td>\n<td width=\"279\"><strong>80.530 <\/strong><strong>km<\/strong><\/td>\n<\/tr>\n<tr>\n<td width=\"314\">Costes salario\/gasolina\/alquiler\/ 12 meses<\/td>\n<td width=\"279\"><strong>112.518,- <\/strong><strong>EUR +\/- <\/strong>(2 camiones\/ 2 conductores)<\/td>\n<\/tr>\n<tr>\n<td width=\"314\">Productos frescos cargados Frutas\/hortalizas<\/td>\n<td width=\"279\"><strong>276.849 kg (325.000 kg en 2022)<\/strong><\/td>\n<\/tr>\n<tr>\n<td width=\"314\">Total de bienes distribuidos<\/td>\n<td width=\"279\"><strong>Aprox. 305.000 kg<\/strong><\/td>\n<\/tr>\n<tr>\n<td width=\"314\">Personas necesitadas de ayuda a las que llegamos<\/td>\n<td width=\"279\"><strong>7.980+\/- personas (la tendencia es la misma)<\/strong><\/td>\n<\/tr>\n<tr>\n<td width=\"314\">Fruta y verdura por persona alcanzada<\/td>\n<td width=\"279\"><strong>2,9 <\/strong><strong>kg <\/strong>al mes<\/td>\n<\/tr>\n<\/tbody>\n<\/table>\n<p>Corresponde a 41 c\u00e9ntimos por kilo de fruta\/verdura (resultado en 2022: media anual de 31 c\u00e9ntimos)<\/p>\n<h2>La distribuci\u00f3n de los bienes a las distintas organizaciones de ayuda:<\/h2>\n<p><img decoding=\"async\" data-src=\"https:\/\/lionsclubpalma.com\/wp-content\/uploads\/Disgramm2.jpg\" src=\"data:image\/svg+xml;base64,PHN2ZyB3aWR0aD0iMSIgaGVpZ2h0PSIxIiB4bWxucz0iaHR0cDovL3d3dy53My5vcmcvMjAwMC9zdmciPjwvc3ZnPg==\" class=\"lazyload\" style=\"--smush-placeholder-width: 1113px; --smush-placeholder-aspect-ratio: 1113\/564;\" \/><\/p>\n<p>Los precios medios al por mayor de frutas y hortalizas (por ejemplo, patatas, tomates, calabacines, ensaladas, manzanas, pl\u00e1tanos, etc.) en la mezcla de diciembre son de 2,23 euros por kilo. Esto supone un valor te\u00f3rico de compra para las organizaciones de casi 620.000 euros si no las suministr\u00e1ramos.<\/p>\n<p>Queremos aprovechar esta oportunidad para dar las gracias a todos nuestros colaboradores, patrocinadores y, por supuesto, a nuestro socio colaborador Lidl, que hizo posible este proyecto en primer lugar, as\u00ed como a todos los donantes.<\/p>\n<p>Nuestro club asociado Lions Calvia tambi\u00e9n vive el principio de \u00abnosotros servimos\u00bb y nos apoya con una donaci\u00f3n mensual de 1.000 euros. Muchas gracias, Adrian Elkinson (presidente desde hace muchos a\u00f1os).<\/p>\n<p>El a\u00f1o pasado, nuestro mecenas, Lutz Minkner -fundador y propietario de la agencia inmobiliaria Minkner &amp; Bonitz- volvi\u00f3 a mostrarse especialmente comprometido con nuestro proyecto.<\/p>\n<p>Don\u00f3 los beneficios de la celebraci\u00f3n de su aniversario por un total de 10.000 euros y actu\u00f3 como subastador en nuestra fiesta de San Nicol\u00e1s, subastando varias fotos. Muchas, muchas gracias.<\/p>\n<p>Queridos amigos de nuestro proyecto, necesitamos vuestra ayuda urgentemente, por favor, seguid siendo fieles a nosotros para que nuestro proyecto de coraz\u00f3n \u00abComida para todos\u00bb pueda continuar.<\/p>\n<p>Como es bien sabido, una imagen vale m\u00e1s que mil palabras, por lo que en la siguiente p\u00e1gina encontrar\u00e1 un breve repaso del a\u00f1o en im\u00e1genes de los eventos y momentos m\u00e1s destacados del Club de Leones Palma 2023.<\/p>\n<p>Mis mejores deseos y todo lo mejor para 2024<\/p>\n<ul>\n<li>el <strong>Club de Leones Palma de Mallorca <\/strong>con la presidenta Dagmar Daum de Waard<\/li>\n<li>Direcci\u00f3n del proyecto: Wolfgang Kr\u00e4mer<\/li>\n<li>los jefes de proyecto Claudia Joest, Klaus Goergen, Claudia Schmaler<\/li>\n<\/ul>\n<p>&nbsp;<\/p>\n<h3>Contacto\/ Comentarios\/ Edici\u00f3n<strong>: <\/strong><\/h3>\n<p>Wolfgang Kr\u00e4mer y Claudia Schmaler\u00a0\u00a0\u00a0\u00a0\u00a0\u00a0\u00a0\u00a0\u00a0\u00a0\u00a0\u00a0\u00a0\u00a0\u00a0\u00a0\u00a0\u00a0\u00a0\u00a0\u00a0\u00a0\u00a0\u00a0\u00a0 \u00a0\u00a0 <a href=\"mailto:wkraemer@lionsclubpalma.com\">wkraemer@lionsclubpalma.com<\/a><br \/>\n<a href=\"mailto:Claudia.schmaler@lionsclubpalma.com\">Claudia.schmaler@lionsclubpalma.com<\/a><\/p>\n<p><strong>Donaciones por transferencia bancaria o PayPal<br \/>\n<\/strong><\/p>\n<p><strong>Club de Leones Palma de Mallorca<br \/>\n<\/strong><strong>Comida para todos<br \/>\n<\/strong><strong>IBAN: ES62 2100 4379 6302 0005 0026 Banco: La Caixa <\/strong><\/p>\n<p><em><strong>Si lo solicita, podemos emitirle recibos de donaci\u00f3n. Necesitamos la siguiente informaci\u00f3n: Nombre, direcci\u00f3n, n\u00famero de identificaci\u00f3n fiscal y agencia tributaria responsable.\u00a0\u00a0\u00a0<\/strong><\/em><\/p>\n<p><img decoding=\"async\" data-src=\"https:\/\/lionsclubpalma.com\/wp-content\/uploads\/Collage.jpg\" src=\"data:image\/svg+xml;base64,PHN2ZyB3aWR0aD0iMSIgaGVpZ2h0PSIxIiB4bWxucz0iaHR0cDovL3d3dy53My5vcmcvMjAwMC9zdmciPjwvc3ZnPg==\" class=\"lazyload\" style=\"--smush-placeholder-width: 1365px; --smush-placeholder-aspect-ratio: 1365\/1792;\" \/><\/p>\n<p>&nbsp;<\/p>\n\t\t\t\t\t\t\t\t<\/div>\n\t\t\t\t<\/div>\n\t\t\t\t\t<\/div>\n\t\t<\/div>\n\t\t\t\t\t<\/div>\n\t\t<\/section>\n\t\t\t\t<\/div>\n\t\t","protected":false},"excerpt":{"rendered":"<p>Informe anual 2023 Queridos amigos de nuestro proyecto, Aunque el nuevo a\u00f1o ya ha comenzado, nos gustar\u00eda echar de nuevo la vista atr\u00e1s al pasado a\u00f1o 2023. Fue un a\u00f1o [&hellip;]<\/p>\n","protected":false},"author":1,"featured_media":0,"parent":2268,"menu_order":0,"comment_status":"closed","ping_status":"closed","template":"","meta":{"ocean_post_layout":"","ocean_both_sidebars_style":"","ocean_both_sidebars_content_width":0,"ocean_both_sidebars_sidebars_width":0,"ocean_sidebar":"0","ocean_second_sidebar":"0","ocean_disable_margins":"enable","ocean_add_body_class":"","ocean_shortcode_before_top_bar":"","ocean_shortcode_after_top_bar":"","ocean_shortcode_before_header":"","ocean_shortcode_after_header":"","ocean_has_shortcode":"","ocean_shortcode_after_title":"","ocean_shortcode_before_footer_widgets":"","ocean_shortcode_after_footer_widgets":"","ocean_shortcode_before_footer_bottom":"","ocean_shortcode_after_footer_bottom":"","ocean_display_top_bar":"default","ocean_display_header":"default","ocean_header_style":"","ocean_center_header_left_menu":"0","ocean_custom_header_template":"0","ocean_custom_logo":0,"ocean_custom_retina_logo":0,"ocean_custom_logo_max_width":0,"ocean_custom_logo_tablet_max_width":0,"ocean_custom_logo_mobile_max_width":0,"ocean_custom_logo_max_height":0,"ocean_custom_logo_tablet_max_height":0,"ocean_custom_logo_mobile_max_height":0,"ocean_header_custom_menu":"0","ocean_menu_typo_font_family":"0","ocean_menu_typo_font_subset":"","ocean_menu_typo_font_size":0,"ocean_menu_typo_font_size_tablet":0,"ocean_menu_typo_font_size_mobile":0,"ocean_menu_typo_font_size_unit":"px","ocean_menu_typo_font_weight":"","ocean_menu_typo_font_weight_tablet":"","ocean_menu_typo_font_weight_mobile":"","ocean_menu_typo_transform":"","ocean_menu_typo_transform_tablet":"","ocean_menu_typo_transform_mobile":"","ocean_menu_typo_line_height":0,"ocean_menu_typo_line_height_tablet":0,"ocean_menu_typo_line_height_mobile":0,"ocean_menu_typo_line_height_unit":"","ocean_menu_typo_spacing":0,"ocean_menu_typo_spacing_tablet":0,"ocean_menu_typo_spacing_mobile":0,"ocean_menu_typo_spacing_unit":"","ocean_menu_link_color":"","ocean_menu_link_color_hover":"","ocean_menu_link_color_active":"","ocean_menu_link_background":"","ocean_menu_link_hover_background":"","ocean_menu_link_active_background":"","ocean_menu_social_links_bg":"","ocean_menu_social_hover_links_bg":"","ocean_menu_social_links_color":"","ocean_menu_social_hover_links_color":"","ocean_disable_title":"default","ocean_disable_heading":"default","ocean_post_title":"","ocean_post_subheading":"","ocean_post_title_style":"","ocean_post_title_background_color":"","ocean_post_title_background":0,"ocean_post_title_bg_image_position":"","ocean_post_title_bg_image_attachment":"","ocean_post_title_bg_image_repeat":"","ocean_post_title_bg_image_size":"","ocean_post_title_height":0,"ocean_post_title_bg_overlay":0.5,"ocean_post_title_bg_overlay_color":"","ocean_disable_breadcrumbs":"default","ocean_breadcrumbs_color":"","ocean_breadcrumbs_separator_color":"","ocean_breadcrumbs_links_color":"","ocean_breadcrumbs_links_hover_color":"","ocean_display_footer_widgets":"default","ocean_display_footer_bottom":"default","ocean_custom_footer_template":"0","footnotes":""},"class_list":["post-4299","page","type-page","status-publish","hentry","entry"],"_links":{"self":[{"href":"https:\/\/lionsclubpalma.com\/es\/wp-json\/wp\/v2\/pages\/4299","targetHints":{"allow":["GET"]}}],"collection":[{"href":"https:\/\/lionsclubpalma.com\/es\/wp-json\/wp\/v2\/pages"}],"about":[{"href":"https:\/\/lionsclubpalma.com\/es\/wp-json\/wp\/v2\/types\/page"}],"author":[{"embeddable":true,"href":"https:\/\/lionsclubpalma.com\/es\/wp-json\/wp\/v2\/users\/1"}],"replies":[{"embeddable":true,"href":"https:\/\/lionsclubpalma.com\/es\/wp-json\/wp\/v2\/comments?post=4299"}],"version-history":[{"count":1,"href":"https:\/\/lionsclubpalma.com\/es\/wp-json\/wp\/v2\/pages\/4299\/revisions"}],"predecessor-version":[{"id":4300,"href":"https:\/\/lionsclubpalma.com\/es\/wp-json\/wp\/v2\/pages\/4299\/revisions\/4300"}],"up":[{"embeddable":true,"href":"https:\/\/lionsclubpalma.com\/es\/wp-json\/wp\/v2\/pages\/2268"}],"wp:attachment":[{"href":"https:\/\/lionsclubpalma.com\/es\/wp-json\/wp\/v2\/media?parent=4299"}],"curies":[{"name":"wp","href":"https:\/\/api.w.org\/{rel}","templated":true}]}}