{"id":4388,"date":"2024-04-08T11:27:09","date_gmt":"2024-04-08T11:27:09","guid":{"rendered":"https:\/\/lionsclubpalma.com\/lc-eventos\/save-the-date-charitygala-delicatessen-26-mai-2024\/"},"modified":"2024-04-10T14:59:10","modified_gmt":"2024-04-10T14:59:10","slug":"save-the-date-charitygala-delicatessen-26-mai-2024","status":"publish","type":"page","link":"https:\/\/lionsclubpalma.com\/es\/lc-eventos\/save-the-date-charitygala-delicatessen-26-mai-2024\/","title":{"rendered":"SAVE THE DATE! Charitygala \u00abDelicatessen\u00bb | 26.05.2024"},"content":{"rendered":"\t\t<div data-elementor-type=\"wp-page\" data-elementor-id=\"4388\" class=\"elementor elementor-4388 elementor-4342\" data-elementor-post-type=\"page\">\n\t\t\t\t\t\t<section class=\"elementor-section elementor-top-section elementor-element elementor-element-c646fb1 elementor-section-boxed elementor-section-height-default elementor-section-height-default\" data-id=\"c646fb1\" data-element_type=\"section\" data-e-type=\"section\">\n\t\t\t\t\t\t<div class=\"elementor-container elementor-column-gap-default\">\n\t\t\t\t\t<div class=\"elementor-column elementor-col-50 elementor-top-column elementor-element elementor-element-96be641\" data-id=\"96be641\" data-element_type=\"column\" data-e-type=\"column\">\n\t\t\t<div class=\"elementor-widget-wrap elementor-element-populated\">\n\t\t\t\t\t\t<div class=\"elementor-element elementor-element-890efcc elementor-widget elementor-widget-text-editor\" data-id=\"890efcc\" data-element_type=\"widget\" data-e-type=\"widget\" data-widget_type=\"text-editor.default\">\n\t\t\t\t<div class=\"elementor-widget-container\">\n\t\t\t\t\t\t\t\t\t<h2>Gala ben\u00e9fica \u201cDelicatessen\u201d<\/h2><p>el 26 de mayo a las 19 horas en el Lio Club Mallorca a beneficio del proyecto \u201cComida para Todos\u201d del Lions Club Palma.<br \/>D\u00e9jese sorprender por el espect\u00e1culo \u201cDelicatessen\u201d y disfrute con una exquisita cena de gala a cargo de Andreu Genestra y Felip Moreno.<\/p><p>El evento tendr\u00e1 lugar en Lio Club Mallorca, Avenida de Gabriel Roca 31, 07014 Palma.<\/p><p>Informaci\u00f3n y reservas en www.lionsclubpalma.com o <br \/>\u260e +34 679813447<\/p><h2>Entradas<\/h2><p><strong>Earlybird: 110\u20ac<\/strong><br \/><strong>a partir del 5 de mayo 129\u20ac<\/strong><\/p><p>La entrada tambi\u00e9n incluye men\u00fa a elecci\u00f3n, vino y refrescos.<br \/>Si quieren venir con amigos o en grupo, les pedimos que se registren juntos para poder sentarles juntos.<br \/>Necesitamos los nombres completos de los invitados y las elecciones del men\u00fa de cada uno de ellos. H\u00e1ganoslo saber en el campo proporcionado.<br \/>Despu\u00e9s de recibir el pago, le enviaremos inmediatamente la confirmaci\u00f3n.<\/p><p>Edad m\u00ednima de participaci\u00f3n: 18 a\u00f1os<\/p>\t\t\t\t\t\t\t\t<\/div>\n\t\t\t\t<\/div>\n\t\t\t\t\t<\/div>\n\t\t<\/div>\n\t\t\t\t<div class=\"elementor-column elementor-col-50 elementor-top-column elementor-element elementor-element-f11e5e2\" data-id=\"f11e5e2\" data-element_type=\"column\" data-e-type=\"column\">\n\t\t\t<div class=\"elementor-widget-wrap elementor-element-populated\">\n\t\t\t\t\t\t<div class=\"elementor-element elementor-element-fe1c9c3 elementor-widget elementor-widget-image\" data-id=\"fe1c9c3\" data-element_type=\"widget\" data-e-type=\"widget\" data-widget_type=\"image.default\">\n\t\t\t\t<div class=\"elementor-widget-container\">\n\t\t\t\t\t\t\t\t\t\t\t\t\t\t\t<img fetchpriority=\"high\" decoding=\"async\" width=\"380\" height=\"689\" src=\"https:\/\/lionsclubpalma.com\/wp-content\/uploads\/Spanisch.jpg\" class=\"attachment-large size-large wp-image-4438\" alt=\"\" srcset=\"https:\/\/lionsclubpalma.com\/wp-content\/uploads\/\/Spanisch.jpg 380w, https:\/\/lionsclubpalma.com\/wp-content\/uploads\/\/Spanisch-165x300.jpg 165w\" sizes=\"(max-width: 380px) 100vw, 380px\" \/>\t\t\t\t\t\t\t\t\t\t\t\t\t\t\t<\/div>\n\t\t\t\t<\/div>\n\t\t\t\t\t<\/div>\n\t\t<\/div>\n\t\t\t\t\t<\/div>\n\t\t<\/section>\n\t\t\t\t<section class=\"elementor-section elementor-top-section elementor-element elementor-element-e3ae70b elementor-section-boxed elementor-section-height-default elementor-section-height-default\" data-id=\"e3ae70b\" data-element_type=\"section\" data-e-type=\"section\" data-settings=\"{&quot;background_background&quot;:&quot;slideshow&quot;,&quot;background_slideshow_gallery&quot;:[],&quot;background_slideshow_loop&quot;:&quot;yes&quot;,&quot;background_slideshow_slide_duration&quot;:5000,&quot;background_slideshow_slide_transition&quot;:&quot;fade&quot;,&quot;background_slideshow_transition_duration&quot;:500}\">\n\t\t\t\t\t\t<div class=\"elementor-container elementor-column-gap-default\">\n\t\t\t\t\t<div class=\"elementor-column elementor-col-33 elementor-top-column elementor-element elementor-element-49b5122\" data-id=\"49b5122\" data-element_type=\"column\" data-e-type=\"column\">\n\t\t\t<div class=\"elementor-widget-wrap elementor-element-populated\">\n\t\t\t\t\t\t<div class=\"elementor-element elementor-element-3b49875 elementor-widget elementor-widget-text-editor\" data-id=\"3b49875\" data-element_type=\"widget\" data-e-type=\"widget\" data-widget_type=\"text-editor.default\">\n\t\t\t\t<div class=\"elementor-widget-container\">\n\t\t\t\t\t\t\t\t\t<h2>MENU 1 &#8211; CARNE<\/h2>\n<p><strong>SNACKS<\/strong><br \/>\nBRUSCHETTA CON TOMATE ESCALIVADO Y ANCHOAS DEL CANTABRICO<br \/>\nTARTALETA SALADA CON BURRATA DE BUFFALA Y TRUFA NEGRA.<br \/>\n<strong>ENTRANTE<\/strong><br \/>\nAT\u00daN CURADO EN ALGAS CON AGUACHILE DE MELISA Y PICO DE GALLO<br \/>\n<strong>PRINCIPAL<\/strong><br \/>\nTERNERA MELOSA, COL RIZADA CON HIERBAS SILVESTRES Y QUESO CONT\u00c9<br \/>\n<strong>POSTRE<\/strong><br \/>\nTARTA DE QUESO MANCHEGO, MIEL DE ROMERO Y ALGARROBA DULCE.<\/p>\n\t\t\t\t\t\t\t\t<\/div>\n\t\t\t\t<\/div>\n\t\t\t\t\t<\/div>\n\t\t<\/div>\n\t\t\t\t<div class=\"elementor-column elementor-col-33 elementor-top-column elementor-element elementor-element-8c71bf0\" data-id=\"8c71bf0\" data-element_type=\"column\" data-e-type=\"column\">\n\t\t\t<div class=\"elementor-widget-wrap elementor-element-populated\">\n\t\t\t\t\t\t<div class=\"elementor-element elementor-element-14a3021 elementor-widget elementor-widget-text-editor\" data-id=\"14a3021\" data-element_type=\"widget\" data-e-type=\"widget\" data-widget_type=\"text-editor.default\">\n\t\t\t\t<div class=\"elementor-widget-container\">\n\t\t\t\t\t\t\t\t\t<h2>MENU 2 &#8211; PESCADO<\/h2>\n<p><strong>SNACKS<\/strong><br \/>\nBRUSCHETTA CON TOMATE ESCALIVADO Y ANCHOAS DEL CANTABRICO<br \/>\nTARTALETA SALADA CON BURRATA DE BUFFALA Y TRUFA NEGRA.<br \/>\n<strong>ENTRANTE<\/strong><br \/>\nAT\u00daN CURADO EN ALGAS CON AGUACHILE DE MELISA Y PICO DE GALLO<br \/>\n<strong>PRINCIPAL<\/strong><br \/>\nLUBINA NOISETTE, ZANAHORIAS ASADAS Y AZAFRAN.<br \/>\n<strong>POSTRE<\/strong><br \/>\nTARTA DE QUESO MANCHEGO, MIEL DE ROMERO Y ALGARROBA DULCE.<\/p>\n\t\t\t\t\t\t\t\t<\/div>\n\t\t\t\t<\/div>\n\t\t\t\t\t<\/div>\n\t\t<\/div>\n\t\t\t\t<div class=\"elementor-column elementor-col-33 elementor-top-column elementor-element elementor-element-10b77b0\" data-id=\"10b77b0\" data-element_type=\"column\" data-e-type=\"column\">\n\t\t\t<div class=\"elementor-widget-wrap elementor-element-populated\">\n\t\t\t\t\t\t<div class=\"elementor-element elementor-element-20180ea elementor-widget elementor-widget-text-editor\" data-id=\"20180ea\" data-element_type=\"widget\" data-e-type=\"widget\" data-widget_type=\"text-editor.default\">\n\t\t\t\t<div class=\"elementor-widget-container\">\n\t\t\t\t\t\t\t\t\t<h2>MENU 3 &#8211; VEGETARIO<\/h2>\n<p><strong>SNACKS<\/strong><br \/>\nBUSCHETTA DE TOMATE RAMILLETE CON PIMIENTOS DEL PADRON<br \/>\nCONO DE TARTAR DE TOMATE.<br \/>\n<strong>ENTRANTE<\/strong><br \/>\nCARPACCIO DE REMOLACHA CON PI\u00d1ONES Y QUESO FETA<br \/>\n<strong>PRINCIPAL<\/strong><br \/>\nCOLIFLOR GLASEADA CON PESTO DE PEREJIL Y CHIMICHURRI DE FRUTOS SECOS.<br \/>\n<strong>POSTRE<\/strong><br \/>\nTARTA DE QUESO MANCHEGO, MIEL DE ROMERO Y ALGARROBA DULCE.<\/p>\n\t\t\t\t\t\t\t\t<\/div>\n\t\t\t\t<\/div>\n\t\t\t\t\t<\/div>\n\t\t<\/div>\n\t\t\t\t\t<\/div>\n\t\t<\/section>\n\t\t\t\t<section class=\"elementor-section elementor-top-section elementor-element elementor-element-aaf3447 elementor-section-boxed elementor-section-height-default elementor-section-height-default\" data-id=\"aaf3447\" data-element_type=\"section\" data-e-type=\"section\">\n\t\t\t\t\t\t<div class=\"elementor-container elementor-column-gap-default\">\n\t\t\t\t\t<div class=\"elementor-column elementor-col-100 elementor-top-column elementor-element elementor-element-dea75af\" data-id=\"dea75af\" data-element_type=\"column\" data-e-type=\"column\">\n\t\t\t<div class=\"elementor-widget-wrap elementor-element-populated\">\n\t\t\t\t\t\t<div class=\"elementor-element elementor-element-bb9de2e elementor-button-info elementor-widget elementor-widget-button\" data-id=\"bb9de2e\" data-element_type=\"widget\" data-e-type=\"widget\" data-widget_type=\"button.default\">\n\t\t\t\t<div class=\"elementor-widget-container\">\n\t\t\t\t\t\t\t\t\t<div class=\"elementor-button-wrapper\">\n\t\t\t\t\t<a class=\"elementor-button elementor-button-link elementor-size-sm\" href=\"https:\/\/www.tickettailor.com\/events\/clubdeleonesdepalmademallorca\/1222035\" target=\"_blank\">\n\t\t\t\t\t\t<span class=\"elementor-button-content-wrapper\">\n\t\t\t\t\t\t<span class=\"elementor-button-icon\">\n\t\t\t\t<i aria-hidden=\"true\" class=\"far fa-arrow-alt-circle-right\"><\/i>\t\t\t<\/span>\n\t\t\t\t\t\t\t\t\t<span class=\"elementor-button-text\">Compre las entradas y seleccione el men\u00fa aqu\u00ed<\/span>\n\t\t\t\t\t<\/span>\n\t\t\t\t\t<\/a>\n\t\t\t\t<\/div>\n\t\t\t\t\t\t\t\t<\/div>\n\t\t\t\t<\/div>\n\t\t\t\t\t<\/div>\n\t\t<\/div>\n\t\t\t\t\t<\/div>\n\t\t<\/section>\n\t\t\t\t<\/div>\n\t\t","protected":false},"excerpt":{"rendered":"<p>Gala ben\u00e9fica \u201cDelicatessen\u201d el 26 de mayo a las 19 horas en el Lio Club Mallorca a beneficio del proyecto \u201cComida para Todos\u201d del Lions Club Palma.D\u00e9jese sorprender por el [&hellip;]<\/p>\n","protected":false},"author":1,"featured_media":0,"parent":2445,"menu_order":0,"comment_status":"closed","ping_status":"closed","template":"","meta":{"ocean_post_layout":"","ocean_both_sidebars_style":"","ocean_both_sidebars_content_width":0,"ocean_both_sidebars_sidebars_width":0,"ocean_sidebar":"0","ocean_second_sidebar":"0","ocean_disable_margins":"enable","ocean_add_body_class":"","ocean_shortcode_before_top_bar":"","ocean_shortcode_after_top_bar":"","ocean_shortcode_before_header":"","ocean_shortcode_after_header":"","ocean_has_shortcode":"","ocean_shortcode_after_title":"","ocean_shortcode_before_footer_widgets":"","ocean_shortcode_after_footer_widgets":"","ocean_shortcode_before_footer_bottom":"","ocean_shortcode_after_footer_bottom":"","ocean_display_top_bar":"default","ocean_display_header":"default","ocean_header_style":"","ocean_center_header_left_menu":"0","ocean_custom_header_template":"0","ocean_custom_logo":0,"ocean_custom_retina_logo":0,"ocean_custom_logo_max_width":0,"ocean_custom_logo_tablet_max_width":0,"ocean_custom_logo_mobile_max_width":0,"ocean_custom_logo_max_height":0,"ocean_custom_logo_tablet_max_height":0,"ocean_custom_logo_mobile_max_height":0,"ocean_header_custom_menu":"0","ocean_menu_typo_font_family":"0","ocean_menu_typo_font_subset":"","ocean_menu_typo_font_size":0,"ocean_menu_typo_font_size_tablet":0,"ocean_menu_typo_font_size_mobile":0,"ocean_menu_typo_font_size_unit":"px","ocean_menu_typo_font_weight":"","ocean_menu_typo_font_weight_tablet":"","ocean_menu_typo_font_weight_mobile":"","ocean_menu_typo_transform":"","ocean_menu_typo_transform_tablet":"","ocean_menu_typo_transform_mobile":"","ocean_menu_typo_line_height":0,"ocean_menu_typo_line_height_tablet":0,"ocean_menu_typo_line_height_mobile":0,"ocean_menu_typo_line_height_unit":"","ocean_menu_typo_spacing":0,"ocean_menu_typo_spacing_tablet":0,"ocean_menu_typo_spacing_mobile":0,"ocean_menu_typo_spacing_unit":"","ocean_menu_link_color":"","ocean_menu_link_color_hover":"","ocean_menu_link_color_active":"","ocean_menu_link_background":"","ocean_menu_link_hover_background":"","ocean_menu_link_active_background":"","ocean_menu_social_links_bg":"","ocean_menu_social_hover_links_bg":"","ocean_menu_social_links_color":"","ocean_menu_social_hover_links_color":"","ocean_disable_title":"default","ocean_disable_heading":"default","ocean_post_title":"","ocean_post_subheading":"","ocean_post_title_style":"","ocean_post_title_background_color":"","ocean_post_title_background":0,"ocean_post_title_bg_image_position":"","ocean_post_title_bg_image_attachment":"","ocean_post_title_bg_image_repeat":"","ocean_post_title_bg_image_size":"","ocean_post_title_height":0,"ocean_post_title_bg_overlay":0.5,"ocean_post_title_bg_overlay_color":"","ocean_disable_breadcrumbs":"default","ocean_breadcrumbs_color":"","ocean_breadcrumbs_separator_color":"","ocean_breadcrumbs_links_color":"","ocean_breadcrumbs_links_hover_color":"","ocean_display_footer_widgets":"default","ocean_display_footer_bottom":"default","ocean_custom_footer_template":"0","footnotes":""},"class_list":["post-4388","page","type-page","status-publish","hentry","entry"],"_links":{"self":[{"href":"https:\/\/lionsclubpalma.com\/es\/wp-json\/wp\/v2\/pages\/4388","targetHints":{"allow":["GET"]}}],"collection":[{"href":"https:\/\/lionsclubpalma.com\/es\/wp-json\/wp\/v2\/pages"}],"about":[{"href":"https:\/\/lionsclubpalma.com\/es\/wp-json\/wp\/v2\/types\/page"}],"author":[{"embeddable":true,"href":"https:\/\/lionsclubpalma.com\/es\/wp-json\/wp\/v2\/users\/1"}],"replies":[{"embeddable":true,"href":"https:\/\/lionsclubpalma.com\/es\/wp-json\/wp\/v2\/comments?post=4388"}],"version-history":[{"count":12,"href":"https:\/\/lionsclubpalma.com\/es\/wp-json\/wp\/v2\/pages\/4388\/revisions"}],"predecessor-version":[{"id":4442,"href":"https:\/\/lionsclubpalma.com\/es\/wp-json\/wp\/v2\/pages\/4388\/revisions\/4442"}],"up":[{"embeddable":true,"href":"https:\/\/lionsclubpalma.com\/es\/wp-json\/wp\/v2\/pages\/2445"}],"wp:attachment":[{"href":"https:\/\/lionsclubpalma.com\/es\/wp-json\/wp\/v2\/media?parent=4388"}],"curies":[{"name":"wp","href":"https:\/\/api.w.org\/{rel}","templated":true}]}}