{"id":4472,"date":"2024-04-18T08:41:42","date_gmt":"2024-04-18T08:41:42","guid":{"rendered":"https:\/\/lionsclubpalma.com\/comida-para-todos\/informe-de-situacion-1er-trimestre-de-2024\/"},"modified":"2024-04-18T08:46:03","modified_gmt":"2024-04-18T08:46:03","slug":"informe-de-situacion-1er-trimestre-de-2024","status":"publish","type":"page","link":"https:\/\/lionsclubpalma.com\/es\/comida-para-todos\/informe-de-situacion-1er-trimestre-de-2024\/","title":{"rendered":"Informe de situaci\u00f3n 1er trimestre de 2024"},"content":{"rendered":"\t\t<div data-elementor-type=\"wp-page\" data-elementor-id=\"4472\" class=\"elementor elementor-4472 elementor-4318\" data-elementor-post-type=\"page\">\n\t\t\t\t\t\t<section class=\"elementor-section elementor-top-section elementor-element elementor-element-4b4736a2 elementor-section-boxed elementor-section-height-default elementor-section-height-default\" data-id=\"4b4736a2\" data-element_type=\"section\" data-e-type=\"section\">\n\t\t\t\t\t\t<div class=\"elementor-container elementor-column-gap-default\">\n\t\t\t\t\t<div class=\"elementor-column elementor-col-100 elementor-top-column elementor-element elementor-element-715cb1f3\" data-id=\"715cb1f3\" data-element_type=\"column\" data-e-type=\"column\">\n\t\t\t<div class=\"elementor-widget-wrap elementor-element-populated\">\n\t\t\t\t\t\t<div class=\"elementor-element elementor-element-78a589f8 elementor-widget elementor-widget-text-editor\" data-id=\"78a589f8\" data-element_type=\"widget\" data-e-type=\"widget\" data-widget_type=\"text-editor.default\">\n\t\t\t\t<div class=\"elementor-widget-container\">\n\t\t\t\t\t\t\t\t\t<h1>Informe de situaci\u00f3n 1er trimestre de 2024<\/h1><p>Queridos amigos de nuestro proyecto,<\/p><p>Hace ya 3 meses que empez\u00f3 el a\u00f1o 2024 y nos gustar\u00eda haceros un resumen de c\u00f3mo ha empezado el a\u00f1o para nuestro proyecto de coraz\u00f3n \u201cComida para todos\u201d.<\/p><p>Con m\u00e1s de 24 toneladas de mercanc\u00edas en enero, casi igualamos la cifra del a\u00f1o anterior y estamos especialmente sastifechos de la excelente calidad de las mercanc\u00edas distribuidas.<\/p><p>En febrero y marzo, no s\u00f3lo pudimos entregar fruta y verdura a todas las organizaciones de ayuda, sino tambi\u00e9n art\u00edculos navide\u00f1os, chocolate, dulces, peluches y art\u00edculos de lujos como especias, sopas, salsas, etc. para hacerles felices.<\/p><p>La ONG Canamut tambi\u00e9n recibi\u00f3 algunas cejas de pa\u00f1ales, as\u00f3 como chocolate, pasteles y peluches para los m\u00e1s peque\u00f1os entre los necesitados.<\/p><p>SI Mallorca tambi\u00e9n recibi\u00f3 pa\u00f1ales, caramelos y unos 30 peluches.<\/p><p>Can Gaza se alegr\u00f3 con una gran compra de art\u00edculos de aseo y pudimos entregar varias donaciones grandes de ropa al Lions Club de Calvi\u00e0, que el club vende en su tienda de segunda mano de Palmanova.<\/p><p>Pero \u201cdonde hay luz, tambi\u00e9n hay sombra\u201d. A nuestro conductor, Heri, le robaron la cartera del cami\u00f3n en marzo, mientras hacia una entrega en una organizaci\u00f3n humanitaria. Fue un duro golpe para \u00e9l y simplemente nos entristeci\u00f3. Por supuesto, en el futuro no dejar\u00e1 nada en el cami\u00f3n.<\/p><p><strong>Viajamos 6 (!) d\u00edas a la semana.<\/strong> Aqu\u00ed est\u00e1n las estad\u00edsticas para los\u00a0 \u00a0<strong>meses de enero \u2013 febrero 2024<\/strong><\/p><p><a href=\"https:\/\/lionsclubpalma.com\/es\/1-2024-esp\/\" rel=\"attachment wp-att-4474\"><img fetchpriority=\"high\" decoding=\"async\" class=\"alignnone size-full wp-image-4474\" src=\"https:\/\/lionsclubpalma.com\/wp-content\/uploads\/1-2024-ESP.jpg\" alt=\"\" width=\"952\" height=\"826\" srcset=\"https:\/\/lionsclubpalma.com\/wp-content\/uploads\/\/1-2024-ESP.jpg 952w, https:\/\/lionsclubpalma.com\/wp-content\/uploads\/\/1-2024-ESP-300x260.jpg 300w, https:\/\/lionsclubpalma.com\/wp-content\/uploads\/\/1-2024-ESP-768x666.jpg 768w\" sizes=\"(max-width: 952px) 100vw, 952px\" \/><\/a><\/p><table width=\"624\"><tbody><tr><td width=\"331\"><p>Horas de voluntariado realizadas por nuestros Miembros<\/p><\/td><td width=\"293\"><strong>895 horas<\/strong><\/td><\/tr><tr><td width=\"331\">D\u00edas laborales pagados<\/td><td width=\"293\"><strong>124<\/strong><\/td><\/tr><tr><td width=\"331\">Distancia recorrida<\/td><td width=\"293\"><strong>17.756 km<\/strong><\/td><\/tr><tr><td width=\"331\">Costes salariales\/gasolina\/alquiles 3 meses<\/td><td width=\"293\"><p><strong>29.316,- EUR<\/strong><strong> +\/- <\/strong>(2 camiones\/ 2 conductores)<\/p><\/td><\/tr><tr><td width=\"331\"><p>Productos frescos cargados<br \/>Frutas\/hortalizas<\/p><\/td><td width=\"293\"><strong>68.441 kg (277.000kg en 2023)<\/strong><\/td><\/tr><tr><td width=\"331\">Total de bienes distribuidos<\/td><td width=\"293\"><strong>Ca. 70.600 kg<\/strong><\/td><\/tr><tr><td width=\"331\">Personas necesitadas de ayuda a las que llegamos<\/td><td width=\"293\"><strong>7.980+\/- Personas (la tendencia es la misma)<\/strong><\/td><\/tr><tr><td width=\"331\">Frutas y verdura por persona alcanzada<\/td><td width=\"293\"><strong>2,9 kg<\/strong> al mes<\/td><\/tr><\/tbody><\/table><p>Corresponde a 43 c\u00e9ntimos por Kilo fruta\/verdura (resultado en 2023: media anual de 41 c\u00e9ntimos)<\/p><p>\u00a0<\/p><p>Organizaciones de ayuda en Mallorca que reciben suministros y apoyos del Lions Club de Palma:<\/p><table><tbody><tr><td width=\"120\"><strong>Lunes<\/strong><\/td><td width=\"120\"><strong>Martes<\/strong><\/td><td width=\"109\"><strong>Mi\u00e9rcoles<\/strong><\/td><td width=\"104\"><strong>Jueves <\/strong><\/td><td width=\"95\"><strong>Viernes<\/strong><\/td><td width=\"94\"><strong>S\u00e1bado<\/strong><\/td><\/tr><tr><td width=\"120\">Mallorca Sense Fam<\/td><td width=\"120\">Mallorca Sense Fam<\/td><td width=\"109\"><p>SOS<\/p><p>Mamas<\/p><\/td><td width=\"104\">Can Gaza<\/td><td width=\"95\"><p>SOS<\/p><p>Mamas<\/p><\/td><td width=\"94\">Can Gaza<\/td><\/tr><tr><td width=\"120\"><p>Hope<\/p><p>Mallorca<\/p><p>Santanyi<\/p><\/td><td width=\"120\"><p>Hope<\/p><p>Mallorca<\/p><p>Santanyi<\/p><\/td><td width=\"109\">El Tardor<\/td><td width=\"104\">\u00a0<\/td><td width=\"95\">El Tardor<\/td><td width=\"94\">El Tardor<\/td><\/tr><tr><td width=\"120\">Zaqueo<\/td><td width=\"120\">Es Refugi<\/td><td width=\"109\"><p>Hope<\/p><p>Mallorca Cala Bona<\/p><\/td><td width=\"104\">\u00a0<\/td><td width=\"95\">Zaqueo<\/td><td width=\"94\">\u00a0<\/td><\/tr><tr><td width=\"120\">Templarios<\/td><td width=\"120\">Avaso<\/td><td width=\"109\">\u00a0<\/td><td width=\"104\">\u00a0<\/td><td width=\"95\">\u00a0<\/td><td width=\"94\">\u00a0<\/td><\/tr><\/tbody><\/table><p>Tambi\u00e9n quincenales: ONG Canamut Palma, ONG Noble Solidari Santa Eugenia<br \/>1 vez al mes: Es Rebost Binissalem<\/p><p>Queremos dar las gracias a todos nuestros simpatizantes, patrocinadores, donantes y a nuestro club colaborador de Calvi\u00e0. Necesitamos vuestra ayuda urgentemente, por favor, seguid fieles a nosotros para que nuestro proyecto favorito \u201cComida para todos\u201d pueda continuar.<\/p><p>Nuestro pr\u00f3ximo informe se publicar\u00e1 en julio de 2024. Mant\u00e9ngase sano y disfrute de la primavera.<\/p><p>Saludos cordiales<\/p><ul><li>el <strong>Lions Club Palma de Mallorca<\/strong> con la presidenta Dagmar Daum de Waard<\/li><li>Direcci\u00f3n del proyecto: Wolfgang Kr\u00e4mer<\/li><li>Los jefes de proyecto: Claudia Joest, Klaus Goergen, Claudia Schmaler<\/li><\/ul><p>Contacto\/ Comentarios\/ Edici\u00f3n<strong>: <\/strong>Wolfgang Kr\u00e4mer und Claudia Schmaler<br \/><a href=\"mailto:wkraemer@lionsclubpalma.com\">wkraemer@lionsclubpalma.com<\/a><br \/><a href=\"mailto:Claudia.schmaler@lionsclubpalma.com\">Claudia.schmaler@lionsclubpalma.com<\/a><\/p><p><strong>Donaciones por transferencias o PayPal<br \/><\/strong><strong>Lions Club Palma de Mallorca<br \/><\/strong><strong>Comida para todos<br \/><\/strong><strong>IBAN: ES62 2100 4379 6302 0005 0026\u00a0\u00a0\u00a0 Bank: La Caixa <\/strong><\/p><p>Si lo solicita, podemos emitirle recibos de donaci\u00f3n. Necesitamos la siguiente informaci\u00f3n: Nombre, direcci\u00f3n, n\u00famero de identificaci\u00f3n fiscal y agencia tributaria responsable.<\/p>\t\t\t\t\t\t\t\t<\/div>\n\t\t\t\t<\/div>\n\t\t\t\t\t<\/div>\n\t\t<\/div>\n\t\t\t\t\t<\/div>\n\t\t<\/section>\n\t\t\t\t<\/div>\n\t\t","protected":false},"excerpt":{"rendered":"<p>Informe de situaci\u00f3n 1er trimestre de 2024 Queridos amigos de nuestro proyecto, Hace ya 3 meses que empez\u00f3 el a\u00f1o 2024 y nos gustar\u00eda haceros un resumen de c\u00f3mo ha [&hellip;]<\/p>\n","protected":false},"author":1,"featured_media":0,"parent":2268,"menu_order":0,"comment_status":"closed","ping_status":"closed","template":"","meta":{"ocean_post_layout":"","ocean_both_sidebars_style":"","ocean_both_sidebars_content_width":0,"ocean_both_sidebars_sidebars_width":0,"ocean_sidebar":"0","ocean_second_sidebar":"0","ocean_disable_margins":"enable","ocean_add_body_class":"","ocean_shortcode_before_top_bar":"","ocean_shortcode_after_top_bar":"","ocean_shortcode_before_header":"","ocean_shortcode_after_header":"","ocean_has_shortcode":"","ocean_shortcode_after_title":"","ocean_shortcode_before_footer_widgets":"","ocean_shortcode_after_footer_widgets":"","ocean_shortcode_before_footer_bottom":"","ocean_shortcode_after_footer_bottom":"","ocean_display_top_bar":"default","ocean_display_header":"default","ocean_header_style":"","ocean_center_header_left_menu":"0","ocean_custom_header_template":"0","ocean_custom_logo":0,"ocean_custom_retina_logo":0,"ocean_custom_logo_max_width":0,"ocean_custom_logo_tablet_max_width":0,"ocean_custom_logo_mobile_max_width":0,"ocean_custom_logo_max_height":0,"ocean_custom_logo_tablet_max_height":0,"ocean_custom_logo_mobile_max_height":0,"ocean_header_custom_menu":"0","ocean_menu_typo_font_family":"0","ocean_menu_typo_font_subset":"","ocean_menu_typo_font_size":0,"ocean_menu_typo_font_size_tablet":0,"ocean_menu_typo_font_size_mobile":0,"ocean_menu_typo_font_size_unit":"px","ocean_menu_typo_font_weight":"","ocean_menu_typo_font_weight_tablet":"","ocean_menu_typo_font_weight_mobile":"","ocean_menu_typo_transform":"","ocean_menu_typo_transform_tablet":"","ocean_menu_typo_transform_mobile":"","ocean_menu_typo_line_height":0,"ocean_menu_typo_line_height_tablet":0,"ocean_menu_typo_line_height_mobile":0,"ocean_menu_typo_line_height_unit":"","ocean_menu_typo_spacing":0,"ocean_menu_typo_spacing_tablet":0,"ocean_menu_typo_spacing_mobile":0,"ocean_menu_typo_spacing_unit":"","ocean_menu_link_color":"","ocean_menu_link_color_hover":"","ocean_menu_link_color_active":"","ocean_menu_link_background":"","ocean_menu_link_hover_background":"","ocean_menu_link_active_background":"","ocean_menu_social_links_bg":"","ocean_menu_social_hover_links_bg":"","ocean_menu_social_links_color":"","ocean_menu_social_hover_links_color":"","ocean_disable_title":"default","ocean_disable_heading":"default","ocean_post_title":"","ocean_post_subheading":"","ocean_post_title_style":"","ocean_post_title_background_color":"","ocean_post_title_background":0,"ocean_post_title_bg_image_position":"","ocean_post_title_bg_image_attachment":"","ocean_post_title_bg_image_repeat":"","ocean_post_title_bg_image_size":"","ocean_post_title_height":0,"ocean_post_title_bg_overlay":0.5,"ocean_post_title_bg_overlay_color":"","ocean_disable_breadcrumbs":"default","ocean_breadcrumbs_color":"","ocean_breadcrumbs_separator_color":"","ocean_breadcrumbs_links_color":"","ocean_breadcrumbs_links_hover_color":"","ocean_display_footer_widgets":"default","ocean_display_footer_bottom":"default","ocean_custom_footer_template":"","footnotes":""},"class_list":["post-4472","page","type-page","status-publish","hentry","entry"],"_links":{"self":[{"href":"https:\/\/lionsclubpalma.com\/es\/wp-json\/wp\/v2\/pages\/4472","targetHints":{"allow":["GET"]}}],"collection":[{"href":"https:\/\/lionsclubpalma.com\/es\/wp-json\/wp\/v2\/pages"}],"about":[{"href":"https:\/\/lionsclubpalma.com\/es\/wp-json\/wp\/v2\/types\/page"}],"author":[{"embeddable":true,"href":"https:\/\/lionsclubpalma.com\/es\/wp-json\/wp\/v2\/users\/1"}],"replies":[{"embeddable":true,"href":"https:\/\/lionsclubpalma.com\/es\/wp-json\/wp\/v2\/comments?post=4472"}],"version-history":[{"count":4,"href":"https:\/\/lionsclubpalma.com\/es\/wp-json\/wp\/v2\/pages\/4472\/revisions"}],"predecessor-version":[{"id":4478,"href":"https:\/\/lionsclubpalma.com\/es\/wp-json\/wp\/v2\/pages\/4472\/revisions\/4478"}],"up":[{"embeddable":true,"href":"https:\/\/lionsclubpalma.com\/es\/wp-json\/wp\/v2\/pages\/2268"}],"wp:attachment":[{"href":"https:\/\/lionsclubpalma.com\/es\/wp-json\/wp\/v2\/media?parent=4472"}],"curies":[{"name":"wp","href":"https:\/\/api.w.org\/{rel}","templated":true}]}}