{"id":4591,"date":"2024-07-16T08:45:51","date_gmt":"2024-07-16T08:45:51","guid":{"rendered":"https:\/\/lionsclubpalma.com\/?page_id=4591"},"modified":"2024-07-16T08:59:21","modified_gmt":"2024-07-16T08:59:21","slug":"informe-de-situacion-2-trimestre-de-2024","status":"publish","type":"page","link":"https:\/\/lionsclubpalma.com\/es\/comida-para-todos\/informe-de-situacion-2-trimestre-de-2024\/","title":{"rendered":"Informe de situaci\u00f3n 2\u00b0 trimestre de 2024"},"content":{"rendered":"\t\t<div data-elementor-type=\"wp-page\" data-elementor-id=\"4591\" class=\"elementor elementor-4591\" data-elementor-post-type=\"page\">\n\t\t\t\t\t\t<section class=\"elementor-section elementor-top-section elementor-element elementor-element-4b4736a2 elementor-section-boxed elementor-section-height-default elementor-section-height-default\" data-id=\"4b4736a2\" data-element_type=\"section\" data-e-type=\"section\">\n\t\t\t\t\t\t<div class=\"elementor-container elementor-column-gap-default\">\n\t\t\t\t\t<div class=\"elementor-column elementor-col-100 elementor-top-column elementor-element elementor-element-715cb1f3\" data-id=\"715cb1f3\" data-element_type=\"column\" data-e-type=\"column\">\n\t\t\t<div class=\"elementor-widget-wrap elementor-element-populated\">\n\t\t\t\t\t\t<div class=\"elementor-element elementor-element-78a589f8 elementor-widget elementor-widget-text-editor\" data-id=\"78a589f8\" data-element_type=\"widget\" data-e-type=\"widget\" data-widget_type=\"text-editor.default\">\n\t\t\t\t<div class=\"elementor-widget-container\">\n\t\t\t\t\t\t\t\t\t<h1>Informe de situaci\u00f3n 2\u00ba trimestre de 2024<\/h1><p>Queridos amigos de nuestro proyecto,<\/p><p>El\u00a0 primer semestre del a\u00f1o ha terminado y nos gustaria ofrecerles una visi\u00f3n general de los \u00faltimos 3 meses. Se han producido algunos cambios en las organizaciones de ayuda a las que suministramos.<\/p><p>Hope ha cerrado sus centros de distribuci\u00f3n, pero sigue ofreciendo otros servicios sociales. Por ello, a partir de mediados de junio, llevaremos fruta y verdura a \u201eTu Hada Madrina\u201c dos veces por semana en Palma. Tu Hada Madrina se fund\u00f3 en 2023 y ha colaborado estrechamente con Hope. Tras una reuni\u00f3n personal con el presidente de la organizaci\u00f3n -Miguel \u00c1ngel Villalonga- se decidi\u00f3 que entrgariamos a esta organizaci\u00f3n, al menos parte de los bienes que Hope ha recibido hasta ahora. Tambi\u00e9n se a\u00f1adi\u00f3 a la lista, la organizaci\u00f3n \u201eConcordia\u201c, una iglesia evang\u00e9lica de Palma, a la que entregamos bienes una vez a la semana.<\/p><p>En la p\u00e1gina siguiente encontrar\u00e1 un calendario semanal actualizado de las organizaciones que visitamos y suministramos<\/p><p>La cantidad de productos que hemos podido distribuir en el segundo trimestre nos da mucha confianza para el futuro. Con casi 78 toneladas (sin contar las compras adicionales), estamos a 10 toneladas por encima de la cantidad del mismo periodo de 2023. La calidad de las frutas y hortalizas frescas que recibimos de las tiendas Lidl, tambi\u00e9n sigue siendo muy buena.<\/p><p><strong>Viajamos 6 (!) d\u00edas a la semana.<\/strong> Estas son las estad\u00edsticas para los <strong>meses de abril a junio<\/strong><strong> 2024<\/strong>:<\/p><p><a href=\"https:\/\/lionsclubpalma.com\/es\/2-2024\/\" rel=\"attachment wp-att-4597\"><img fetchpriority=\"high\" decoding=\"async\" class=\"alignnone size-full wp-image-4597\" src=\"https:\/\/lionsclubpalma.com\/wp-content\/uploads\/2-2024.jpg\" alt=\"\" width=\"903\" height=\"772\" srcset=\"https:\/\/lionsclubpalma.com\/wp-content\/uploads\/2-2024.jpg 903w, https:\/\/lionsclubpalma.com\/wp-content\/uploads\/2-2024-300x256.jpg 300w, https:\/\/lionsclubpalma.com\/wp-content\/uploads\/2-2024-768x657.jpg 768w\" sizes=\"(max-width: 903px) 100vw, 903px\" \/><\/a><\/p><table width=\"624\"><tbody><tr><td width=\"331\"><p>Horas de voluntariado realizadas por nuestros miembros<\/p><\/td><td width=\"293\"><p><strong>960 <\/strong><strong>horas<\/strong><\/p><\/td><\/tr><tr><td width=\"331\"><p>D\u00edas laborales pagados<\/p><\/td><td width=\"293\"><p><strong>138<\/strong><\/p><\/td><\/tr><tr><td width=\"331\"><p>Distancia recorrida<\/p><\/td><td width=\"293\"><p><strong>21.007 km<\/strong><\/p><\/td><\/tr><tr><td width=\"331\"><p>Costes salario \/ gasolina \/ alquiler \/ 3 meses<\/p><\/td><td width=\"293\"><p><strong>28.312,- EUR +\/- <\/strong>(2 camiones \/ 2 conductores)<\/p><\/td><\/tr><tr><td width=\"331\"><p>Productos frescos cargados frutas \/ hortalizas<\/p><\/td><td width=\"293\"><p><strong>77.738 kg (277.000kg <\/strong><strong>e<\/strong><strong>n 2023)<\/strong><\/p><\/td><\/tr><tr><td width=\"331\"><p>Total de bienes distribuidos<\/p><\/td><td width=\"293\"><p><strong>Aprox. 79.600 kg<\/strong><\/p><\/td><\/tr><tr><td width=\"331\"><p>Personas necesitadas de ayuda a los que llegamos<\/p><\/td><td width=\"293\"><p><strong>7.980+\/- Personas (la tendencia es la misma)<\/strong><\/p><\/td><\/tr><tr><td width=\"331\"><p>Frutas y verdura por persona alcanzada<\/p><\/td><td width=\"293\"><p><strong>\u00a0<\/strong><strong>3,3 kg <\/strong>al mes<\/p><\/td><\/tr><\/tbody><\/table><p>Corresponde a 36 c\u00e9ntimos por kilo de fruta\/verdura (resultado en 2023: media anual de 41 c\u00e9ntimos)<\/p><h2>Organizaciones de ayuda en Mallorca que reciben suministros y apoyo del Lions Club de Palma:<\/h2><table><tbody><tr><td width=\"120\"><p><strong>Lunes<\/strong><\/p><\/td><td width=\"120\"><p><strong>Martes<\/strong><\/p><\/td><td width=\"109\"><p><strong>Mi\u00e9rcoles<\/strong><\/p><\/td><td width=\"104\"><p><strong>Jueves<\/strong><\/p><\/td><td width=\"95\"><p><strong>Viernes<\/strong><\/p><\/td><td width=\"94\"><p><strong>S\u00e1bado<\/strong><\/p><\/td><\/tr><tr><td width=\"120\"><p>Mallorca Sense Fam<\/p><\/td><td width=\"120\"><p>Mallorca Sense Fam<\/p><\/td><td width=\"109\"><p>SOS<\/p><p>Mamas<\/p><\/td><td width=\"104\"><p>Can Gaza<\/p><\/td><td width=\"95\"><p>SOS<\/p><p>Mamas<\/p><\/td><td width=\"94\"><p>Can Gaza<\/p><\/td><\/tr><tr><td width=\"120\"><p>Can Gaza<\/p><\/td><td width=\"120\"><p>\u00a0Es Refugi<\/p><\/td><td width=\"109\"><p>El Tardor<\/p><\/td><td width=\"104\"><p>Tu Hada Madrina<\/p><\/td><td width=\"95\"><p>El Tardor<\/p><\/td><td width=\"94\"><p>El Tardor<\/p><\/td><\/tr><tr><td width=\"120\"><p>Zaqueo<\/p><\/td><td width=\"120\"><p>Avaso<\/p><\/td><td width=\"109\"><p>Tu Hada Madrina<\/p><\/td><td width=\"104\">\u00a0<\/td><td width=\"95\"><p>Zaqueo<\/p><\/td><td width=\"94\">\u00a0<\/td><\/tr><tr><td width=\"120\"><p>Templarios<\/p><\/td><td width=\"120\">\u00a0<\/td><td width=\"109\"><p>Concordia<\/p><\/td><td width=\"104\">\u00a0<\/td><td width=\"95\">\u00a0<\/td><td width=\"94\">\u00a0<\/td><\/tr><\/tbody><\/table><p>Tambi\u00e9n 14-d\u00edas: ONG Canamut Palma, ONG Noble Solidari Santa Eugenia<br \/>1 vez al mes: Es Rebost Binissalem<\/p><p>Dependemos de las donaciones y organizamos perdi\u00f3dicamente campa\u00f1as y actos para mantener vivo nuestro proyecto. Este a\u00f1o se celebr\u00f3 un acto muy especial el 26 de mayo en Palma.<\/p><p>En LIO \u2013 el nuevo punto culminante de Mallorca en cuanto a espect\u00e1culos en cabaret en directo acompa\u00f1ados de cena y discoteca despu\u00e9s- tuvo lugar una gala ben\u00e9fica a favor de nuestro proyecto \u201cComida por todos\u201d.<\/p><p>M\u00e1s de 200 invitados disfrutaron del nuevo espect\u00e1culo \u201eDelicatessen\u201c y una exquisita cena de gala a cargo de Andreu Genestra y Felip Moreno.<\/p><p>Fue una velada fant\u00e1stica y pudimos recaudar m\u00e1s de 15.000 euros para nuestro proyecto.<\/p><p>Queremos dar las gracias a todos los donantes y especialmente a LIO, que nos apoy\u00f3 de forma tan generosa y activa.<\/p><h2>Aqu\u00ed algunas im\u00e1gines:<\/h2><p><a href=\"https:\/\/lionsclubpalma.com\/lio-1\/\" rel=\"attachment wp-att-4580\"><img decoding=\"async\" class=\"alignnone size-full wp-image-4580 lazyload\" data-src=\"https:\/\/lionsclubpalma.com\/wp-content\/uploads\/Lio-1.jpg\" alt=\"\" width=\"903\" height=\"608\" data-srcset=\"https:\/\/lionsclubpalma.com\/wp-content\/uploads\/Lio-1.jpg 903w, https:\/\/lionsclubpalma.com\/wp-content\/uploads\/Lio-1-300x202.jpg 300w, https:\/\/lionsclubpalma.com\/wp-content\/uploads\/Lio-1-768x517.jpg 768w\" data-sizes=\"(max-width: 903px) 100vw, 903px\" src=\"data:image\/svg+xml;base64,PHN2ZyB3aWR0aD0iMSIgaGVpZ2h0PSIxIiB4bWxucz0iaHR0cDovL3d3dy53My5vcmcvMjAwMC9zdmciPjwvc3ZnPg==\" style=\"--smush-placeholder-width: 903px; --smush-placeholder-aspect-ratio: 903\/608;\" \/><\/a><\/p><p><em>Nuestra presidenta, Dagmar Daum de Waard, pronunci\u00f3 el discurso de bienvenida. La traducci\u00f3n al espa\u00f1ol tom\u00f3 relevo de nuestra 1\u00aa Secretria Sandra Aertken<\/em><\/p><p><a href=\"https:\/\/lionsclubpalma.com\/lio-2\/\" rel=\"attachment wp-att-4582\"><img decoding=\"async\" class=\"alignnone size-full wp-image-4582 lazyload\" data-src=\"https:\/\/lionsclubpalma.com\/wp-content\/uploads\/Lio-2.jpg\" alt=\"\" width=\"903\" height=\"292\" data-srcset=\"https:\/\/lionsclubpalma.com\/wp-content\/uploads\/Lio-2.jpg 903w, https:\/\/lionsclubpalma.com\/wp-content\/uploads\/Lio-2-300x97.jpg 300w, https:\/\/lionsclubpalma.com\/wp-content\/uploads\/Lio-2-768x248.jpg 768w\" data-sizes=\"(max-width: 903px) 100vw, 903px\" src=\"data:image\/svg+xml;base64,PHN2ZyB3aWR0aD0iMSIgaGVpZ2h0PSIxIiB4bWxucz0iaHR0cDovL3d3dy53My5vcmcvMjAwMC9zdmciPjwvc3ZnPg==\" style=\"--smush-placeholder-width: 903px; --smush-placeholder-aspect-ratio: 903\/292;\" \/><\/a><\/p><p><em>El espect\u00e1culo \u201eDelicatessen\u201c fue siempre sorprendente y variado a un alto nivel.<\/em><\/p><p><strong>Otra campa\u00f1a tuvo lugar el 18 de mayo en el campo de golf de Alcanada, en el marco del torneo \u00a0\u201eMM-Fr\u00fchlingscup powered by Minkner &amp; Bonitz\u201c celebrado alli.<\/strong> Nuestra socia Mitglied Gaby Strathmann tom\u00f3 bajo su tutela a nuestras dos ambiciosas aspirantes Anne Schwarzenbacher y Laura Hanke y juntas recaudaron donativos por un total de casi 800 EUR. Como peque\u00f1o obsequio, los donantes recibieron un juego de 3 pelotas de golf con el logotipo de nuestro club, \u00a1muchas gracias por este gran compromimso!<\/p><p>El a\u00f1o Leon\u00edstico comienza siempre el 1 de julio de cada a\u00f1o, por lo que el 3 de junio en la reuni\u00f3n mensual, tanto la actual Junta Directiva como el Presidente, fueron confirmados en sus cargos para el proximo a\u00f1o Leon\u00edstico \u2013 \u00a1\u00a1\u00a1felicidades y muchas gracias por vuestros incansables esfuerzos!!!<\/p><p>Queremos dar las gracias a todos nuestros simpatizantes, patrocinadores, donantes y a nuestro club colaborador de Calvi\u00e1. Necesitamos vuestra ayuda urgentemente, por favor, seguid siendo fieles a nosotros para que nuestro proyecto \u201eComida para todos\u201c puesda continuar.<\/p><p>Nuestro pr\u00f3ximo informe se publicar\u00e1 en octubre de 2024. Mant\u00e9ngase sano y disfrute del verano.<\/p><p>Un cordial saludo<\/p><ul><li>El <strong>Lions Club Palma de Mallorca<\/strong> con la presidenta Dagmar Daum de Waard<\/li><li>Direcci\u00f3n del proyecto: Wolfgang Kr\u00e4mer<\/li><li>Los jefes de proyecto: Claudia Joest, Klaus Goergen, Claudia Schmaler<\/li><\/ul><p>Contacto\/ Comentarios\/ Edici\u00f3n<strong>: <\/strong>Wolfgang Kr\u00e4mer und Claudia Schmaler\u00a0 \u00a0 \u00a0 \u00a0 \u00a0 \u00a0 \u00a0 \u00a0 <a href=\"mailto:wkraemer@lionsclubpalma.com\">wkraemer@lionsclubpalma.com<\/a>\u00a0\u00a0\u00a0\u00a0\u00a0\u00a0\u00a0 <a href=\"mailto:Claudia.schmaler@lionsclubpalma.com\">Claudia.schmaler@lionsclubpalma.com<\/a><\/p><p><strong>Donaciones por transferencia bancaria o PayPal<br \/><\/strong><strong>Lions Club Palma de Mallorca <br \/><\/strong><strong>Comida para todos<br \/><\/strong><strong>IBAN: ES62 2100 4379 6302 0005 0026\u00a0\u00a0\u00a0 Bank: La Caixa <\/strong><\/p><p>Si lo solicita, podemos emitirle recibos de donaci\u00f3n. Necesitamos la siguiente informaci\u00f3n: Nombre, direcci\u00f3n, n\u00famero de identificaci\u00f3n fiscal y oficina tributaria responsable.\u00a0 \u00a0 \u00a0 \u00a0 \u00a0 \u00a0 \u00a0 \u00a0 \u00a0 \u00a0 \u00a0 \u00a0 \u00a0 \u00a0 \u00a0 \u00a0 \u00a0 \u00a0 \u00a0 \u00a0 \u00a0 \u00a0 \u00a0 \u00a0 \u00a0 \u00a0\u00a0<\/p>\t\t\t\t\t\t\t\t<\/div>\n\t\t\t\t<\/div>\n\t\t\t\t\t<\/div>\n\t\t<\/div>\n\t\t\t\t\t<\/div>\n\t\t<\/section>\n\t\t\t\t<\/div>\n\t\t","protected":false},"excerpt":{"rendered":"<p>Informe de situaci\u00f3n 2\u00ba trimestre de 2024 Queridos amigos de nuestro proyecto, El\u00a0 primer semestre del a\u00f1o ha terminado y nos gustaria ofrecerles una visi\u00f3n general de los \u00faltimos 3 [&hellip;]<\/p>\n","protected":false},"author":1,"featured_media":0,"parent":2268,"menu_order":0,"comment_status":"closed","ping_status":"closed","template":"","meta":{"ocean_post_layout":"","ocean_both_sidebars_style":"","ocean_both_sidebars_content_width":0,"ocean_both_sidebars_sidebars_width":0,"ocean_sidebar":"0","ocean_second_sidebar":"0","ocean_disable_margins":"enable","ocean_add_body_class":"","ocean_shortcode_before_top_bar":"","ocean_shortcode_after_top_bar":"","ocean_shortcode_before_header":"","ocean_shortcode_after_header":"","ocean_has_shortcode":"","ocean_shortcode_after_title":"","ocean_shortcode_before_footer_widgets":"","ocean_shortcode_after_footer_widgets":"","ocean_shortcode_before_footer_bottom":"","ocean_shortcode_after_footer_bottom":"","ocean_display_top_bar":"default","ocean_display_header":"default","ocean_header_style":"","ocean_center_header_left_menu":"0","ocean_custom_header_template":"0","ocean_custom_logo":0,"ocean_custom_retina_logo":0,"ocean_custom_logo_max_width":0,"ocean_custom_logo_tablet_max_width":0,"ocean_custom_logo_mobile_max_width":0,"ocean_custom_logo_max_height":0,"ocean_custom_logo_tablet_max_height":0,"ocean_custom_logo_mobile_max_height":0,"ocean_header_custom_menu":"0","ocean_menu_typo_font_family":"0","ocean_menu_typo_font_subset":"","ocean_menu_typo_font_size":0,"ocean_menu_typo_font_size_tablet":0,"ocean_menu_typo_font_size_mobile":0,"ocean_menu_typo_font_size_unit":"px","ocean_menu_typo_font_weight":"","ocean_menu_typo_font_weight_tablet":"","ocean_menu_typo_font_weight_mobile":"","ocean_menu_typo_transform":"","ocean_menu_typo_transform_tablet":"","ocean_menu_typo_transform_mobile":"","ocean_menu_typo_line_height":0,"ocean_menu_typo_line_height_tablet":0,"ocean_menu_typo_line_height_mobile":0,"ocean_menu_typo_line_height_unit":"","ocean_menu_typo_spacing":0,"ocean_menu_typo_spacing_tablet":0,"ocean_menu_typo_spacing_mobile":0,"ocean_menu_typo_spacing_unit":"","ocean_menu_link_color":"","ocean_menu_link_color_hover":"","ocean_menu_link_color_active":"","ocean_menu_link_background":"","ocean_menu_link_hover_background":"","ocean_menu_link_active_background":"","ocean_menu_social_links_bg":"","ocean_menu_social_hover_links_bg":"","ocean_menu_social_links_color":"","ocean_menu_social_hover_links_color":"","ocean_disable_title":"default","ocean_disable_heading":"default","ocean_post_title":"","ocean_post_subheading":"","ocean_post_title_style":"","ocean_post_title_background_color":"","ocean_post_title_background":0,"ocean_post_title_bg_image_position":"","ocean_post_title_bg_image_attachment":"","ocean_post_title_bg_image_repeat":"","ocean_post_title_bg_image_size":"","ocean_post_title_height":0,"ocean_post_title_bg_overlay":0.5,"ocean_post_title_bg_overlay_color":"","ocean_disable_breadcrumbs":"default","ocean_breadcrumbs_color":"","ocean_breadcrumbs_separator_color":"","ocean_breadcrumbs_links_color":"","ocean_breadcrumbs_links_hover_color":"","ocean_display_footer_widgets":"default","ocean_display_footer_bottom":"default","ocean_custom_footer_template":"0","footnotes":""},"class_list":["post-4591","page","type-page","status-publish","hentry","entry"],"_links":{"self":[{"href":"https:\/\/lionsclubpalma.com\/es\/wp-json\/wp\/v2\/pages\/4591","targetHints":{"allow":["GET"]}}],"collection":[{"href":"https:\/\/lionsclubpalma.com\/es\/wp-json\/wp\/v2\/pages"}],"about":[{"href":"https:\/\/lionsclubpalma.com\/es\/wp-json\/wp\/v2\/types\/page"}],"author":[{"embeddable":true,"href":"https:\/\/lionsclubpalma.com\/es\/wp-json\/wp\/v2\/users\/1"}],"replies":[{"embeddable":true,"href":"https:\/\/lionsclubpalma.com\/es\/wp-json\/wp\/v2\/comments?post=4591"}],"version-history":[{"count":10,"href":"https:\/\/lionsclubpalma.com\/es\/wp-json\/wp\/v2\/pages\/4591\/revisions"}],"predecessor-version":[{"id":4604,"href":"https:\/\/lionsclubpalma.com\/es\/wp-json\/wp\/v2\/pages\/4591\/revisions\/4604"}],"up":[{"embeddable":true,"href":"https:\/\/lionsclubpalma.com\/es\/wp-json\/wp\/v2\/pages\/2268"}],"wp:attachment":[{"href":"https:\/\/lionsclubpalma.com\/es\/wp-json\/wp\/v2\/media?parent=4591"}],"curies":[{"name":"wp","href":"https:\/\/api.w.org\/{rel}","templated":true}]}}