{"id":4863,"date":"2025-01-22T09:53:10","date_gmt":"2025-01-22T09:53:10","guid":{"rendered":"https:\/\/lionsclubpalma.com\/comida-para-todos\/informe-anual-2024\/"},"modified":"2025-01-22T09:53:11","modified_gmt":"2025-01-22T09:53:11","slug":"informe-anual-2024","status":"publish","type":"page","link":"https:\/\/lionsclubpalma.com\/es\/comida-para-todos\/informe-anual-2024\/","title":{"rendered":"Informe anual 2024"},"content":{"rendered":"\t\t<div data-elementor-type=\"wp-page\" data-elementor-id=\"4863\" class=\"elementor elementor-4863 elementor-4850\" data-elementor-post-type=\"page\">\n\t\t\t\t\t\t<section class=\"elementor-section elementor-top-section elementor-element elementor-element-eeb2566 elementor-section-boxed elementor-section-height-default elementor-section-height-default\" data-id=\"eeb2566\" data-element_type=\"section\" data-e-type=\"section\">\n\t\t\t\t\t\t<div class=\"elementor-container elementor-column-gap-default\">\n\t\t\t\t\t<div class=\"elementor-column elementor-col-100 elementor-top-column elementor-element elementor-element-3b57b1b\" data-id=\"3b57b1b\" data-element_type=\"column\" data-e-type=\"column\">\n\t\t\t<div class=\"elementor-widget-wrap elementor-element-populated\">\n\t\t\t\t\t\t<div class=\"elementor-element elementor-element-7021ad6 elementor-widget elementor-widget-text-editor\" data-id=\"7021ad6\" data-element_type=\"widget\" data-e-type=\"widget\" data-widget_type=\"text-editor.default\">\n\t\t\t\t<div class=\"elementor-widget-container\">\n\t\t\t\t\t\t\t\t\t<h1>Informe anual 2024<\/h1>\n<p>Queridos amigos de nuestro proyecto,<br \/>\nUn nuevo a\u00f1o ha comenzado y nos gustar\u00eda echar un vistazo al pasado a\u00f1o 2024 con ustedes. Les deseamos a ustedes y a sus familias todo lo mejor, buena suerte y salud para 2025.<\/p>\n<p>Por desgracia, 2024 tambi\u00e9n se caracteriz\u00f3 por las crisis pol\u00edticas, las guerras y las cat\u00e1strofes naturales. Las inundaciones en la Comunidad Valenciana a finales de octubre nos trajeron a la memoria a muchos de nosotros las inundaciones en la regi\u00f3n de Eifel en julio de 2021. La solidaridad de nuestros conciudadanos espa\u00f1oles fue &#8211; Como ocurri\u00f3 en Alemania en su momento, esto no s\u00f3lo es indispensable, sino tambi\u00e9n una gran muestra de solidaridad y voluntad de ayuda, tan valiosas e imprescindibles en nuestros tiempos. Tambi\u00e9n pudimos aportar nuestra contribuci\u00f3n solidaria.<\/p>\n<p>Ha sido un a\u00f1o muy importante y lleno de acontecimientos para el Lions Club de Palma y nuestro proyecto \u00abComida para todos\u00bb.<\/p>\n<p>La cuesti\u00f3n de la \u00abobstinada inflaci\u00f3n alimentaria\u00bb ya fue tema de la prensa local en febrero, y se calcula que el aumento de los precios de la fruta y la verdura, por ejemplo, fue de dos cifras interanuales a principios de a\u00f1o. Esto subraya la importancia de nuestro proyecto.<\/p>\n<p>En 2024, pudimos distribuir unos 350.000 kg de productos, en su mayor\u00eda frutas y verduras, a las distintas organizaciones de ayuda de Mallorca. Adem\u00e1s, siempre hay compras especiales de art\u00edculos de higiene o bienes duraderos duros como arroz, aceite de oliva, at\u00fan, etc.<\/p>\n<p>Tambi\u00e9n pudimos distribuir m\u00e1s de 1.000 euros en alimentos a TuHadaKids en cooperaci\u00f3n con la empresa de transportes Benzinger y recibimos 3.000 euros en donaciones durante la Semana Cl\u00e1sica ICONS\/ LIDL.<\/p>\n<p>Aqu\u00ed queremos ofrecerle una visi\u00f3n general de las cantidades individuales por mes en 2024, as\u00ed como de la distribuci\u00f3n de las mercanc\u00edas a las organizaciones de ayuda a las que suministramos<\/p>\n<p><a href=\"https:\/\/lionsclubpalma.com\/es\/ong-es-2\/\" rel=\"attachment wp-att-4853\"><img fetchpriority=\"high\" decoding=\"async\" class=\"alignnone wp-image-4861 size-full\" src=\"https:\/\/lionsclubpalma.com\/wp-content\/uploads\/ONG-es.jpg\" alt=\"\" width=\"1153\" height=\"505\" srcset=\"https:\/\/lionsclubpalma.com\/wp-content\/uploads\/ONG-es.jpg 1153w, https:\/\/lionsclubpalma.com\/wp-content\/uploads\/ONG-es-300x131.jpg 300w, https:\/\/lionsclubpalma.com\/wp-content\/uploads\/ONG-es-1024x448.jpg 1024w, https:\/\/lionsclubpalma.com\/wp-content\/uploads\/ONG-es-768x336.jpg 768w\" sizes=\"(max-width: 1153px) 100vw, 1153px\" \/><\/a><\/p>\n<p><strong>Conducimos 6 d\u00edas a la semana. <\/strong>Aqu\u00ed est\u00e1n las estad\u00edsticas para <strong>2024<\/strong>:<\/p>\n<table>\n<tbody>\n<tr>\n<td width=\"314\">Horas de voluntariado realizadas por nuestros miembros<\/td>\n<td width=\"279\"><strong>3.950 horas<\/strong><\/td>\n<\/tr>\n<tr>\n<td width=\"314\">D\u00edas laborables pagados<\/td>\n<td width=\"279\"><strong>507 d\u00edas laborables<\/strong><\/td>\n<\/tr>\n<tr>\n<td width=\"314\">Distancia recorrida<\/td>\n<td width=\"279\"><strong>72.786 km<\/strong><\/td>\n<\/tr>\n<tr>\n<td width=\"314\">Costes salario\/gasolina\/alquiler\/ 12 meses<\/td>\n<td width=\"279\"><strong>117.703,- EUR +\/- <\/strong>(2 camiones\/ 2<\/p>\n<p>conductores)<\/td>\n<\/tr>\n<tr>\n<td width=\"314\">Productos frescos cargados<\/p>\n<p>Frutas\/hortalizas<\/td>\n<td width=\"279\"><strong>349.855 kg (276.849 kg en 2023)<\/strong><\/td>\n<\/tr>\n<tr>\n<td width=\"314\">Total de bienes distribuidos<\/td>\n<td width=\"279\"><strong>Aprox. 360.000 kg<\/strong><\/td>\n<\/tr>\n<tr>\n<td width=\"314\">Personas necesitadas de ayuda a las que<\/p>\n<p>llegamos<\/td>\n<td width=\"279\"><strong>m\u00e1s de 10.000 personas<\/strong><\/td>\n<\/tr>\n<tr>\n<td width=\"314\">Fruta y verdura por persona alcanzada<\/td>\n<td width=\"279\"><strong>3,6 kg <\/strong>al mes<\/td>\n<\/tr>\n<\/tbody>\n<\/table>\n<p>Corresponde a 34 c\u00e9ntimos por kilo de fruta\/verdura (resultado en 2023: media anual de 41 c\u00e9ntimos<\/p>\n<h2>La distribuci\u00f3n de los bienes a las distintas organizaciones de ayuda<\/h2>\n<p><a href=\"https:\/\/lionsclubpalma.com\/es\/ong-2-2\/\" rel=\"attachment wp-att-4855\"><img decoding=\"async\" class=\"alignnone size-full wp-image-4855 lazyload\" data-src=\"https:\/\/lionsclubpalma.com\/wp-content\/uploads\/ONG-2.jpg\" alt=\"\" width=\"1087\" height=\"478\" data-srcset=\"https:\/\/lionsclubpalma.com\/wp-content\/uploads\/ONG-2.jpg 1087w, https:\/\/lionsclubpalma.com\/wp-content\/uploads\/ONG-2-300x132.jpg 300w, https:\/\/lionsclubpalma.com\/wp-content\/uploads\/ONG-2-1024x450.jpg 1024w, https:\/\/lionsclubpalma.com\/wp-content\/uploads\/ONG-2-768x338.jpg 768w\" data-sizes=\"(max-width: 1087px) 100vw, 1087px\" src=\"data:image\/svg+xml;base64,PHN2ZyB3aWR0aD0iMSIgaGVpZ2h0PSIxIiB4bWxucz0iaHR0cDovL3d3dy53My5vcmcvMjAwMC9zdmciPjwvc3ZnPg==\" style=\"--smush-placeholder-width: 1087px; --smush-placeholder-aspect-ratio: 1087\/478;\" \/><\/a><\/p>\n<p>La cantidad de mercanc\u00edas distribuidas en 2024 fue significativamente superior a la del a\u00f1o anterior en m\u00e1s de 70.000 kg.<\/p>\n<p>Si lo comparamos con los precios al por mayor de 2024, podemos decir con orgullo que las mercanc\u00edas que recogemos y distribuimos tienen un valor de compra superior a 900.000 euros. (cesta de la compra interna basada en <a href=\"http:\/\/bmel-statistik.de\/\">bmel-statistik.de<\/a>)<\/p>\n<p>En 2024 recibimos mucha atenci\u00f3n de la prensa y pudimos darnos a conocer con varios art\u00edculos, reportajes y entrevistas. Queremos dar las gracias a los redactores de la prensa local alemana.<\/p>\n<p>A ello contribuyeron tambi\u00e9n nuestros eventos (campa\u00f1as), como la gala ben\u00e9fica \u00abDelicatessen\u00bb, celebrada en el Lio Club Palma de Mallorca el 26 de mayo, cuya recaudaci\u00f3n se destin\u00f3 a nuestro proyecto. Gracias a la direcci\u00f3n y a los artistas, que renunciaron a gran parte de sus ingresos en favor del proyecto<\/p>\n<p>En octubre, nuestra Presidenta, Dagmar Daum de Waard, acept\u00f3 en nombre del club el premio al compromiso social del Mallorca Zeitung. Este premio se concede anualmente por logros sobresalientes en 3 \u00e1reas diferentes. Bien merecido, en nuestra opini\u00f3n, tras 15 a\u00f1os de exitoso trabajo en proyectos.<\/p>\n<p>Y por \u00faltimo, pero no por ello menos importante, el 6 de diciembre celebramos el 20\u00ba aniversario de nuestro club con una fiesta ben\u00e9fica al estilo de los a\u00f1os 20 en el restaurante \u00abYara\u00bb de Puerto Portals. La subasta y la rifa contaron con la generosa colaboraci\u00f3n de Minkner &amp; Bonitz. Gracias tambi\u00e9n a los esforzados donantes y patrocinadores de los premios.<\/p>\n<p>Muchas gracias tambi\u00e9n a los esforzados miembros voluntarios y aspirantes que se entregaron en cuerpo y alma a la planificaci\u00f3n, organizaci\u00f3n y realizaci\u00f3n de estos eventos. Tambi\u00e9n a los que se plantaron en varios campos de golf y distribuyeron pelotas de golf a cambio de donativos. Cada acci\u00f3n es importante y cuenta.<\/p>\n<p>Como todos sabemos, una imagen vale m\u00e1s que mil palabras, as\u00ed que en la siguiente p\u00e1gina encontrar\u00e1s un breve repaso del a\u00f1o en im\u00e1genes de los eventos y momentos m\u00e1s destacados del Lions Club Palma 2024<\/p>\n<p>Nos gustar\u00eda aprovechar esta oportunidad para dar las gracias a la familia de nuestro proyecto, a los colaboradores, por supuesto a nuestro socio de cooperaci\u00f3n Lidl (direcci\u00f3n y empleados), que hizo posible este proyecto en primer lugar, y a todos los donantes.<\/p>\n<p>Queridos amigos de nuestro proyecto, necesitamos vuestra ayuda urgentemente, por favor, seguid siendo fieles a nosotros para que nuestro proyecto de coraz\u00f3n \u00abComida para todos\u00bb pueda continuar.<\/p>\n<h3>Mis mejores deseos y todo lo mejor para el a\u00f1o 2025<\/h3>\n<ul>\n<li>el <strong>Lions Club Palma de Mallorca <\/strong>con la presidenta Dagmar Daum de Waard<\/li>\n<li>Direcci\u00f3n del proyecto: Wolfgang Kr\u00e4mer<\/li>\n<li>los gestores del proyecto: Claudia Joest y Claudia Schmaler<\/li>\n<\/ul>\n<p><strong>Contacto\/ Comentarios\/ Edici\u00f3n: : <\/strong>Wolfgang Kr\u00e4mer y Claudia Schmaler\u00a0 \u00a0 <a href=\"mailto:wkraemer@lionsclubpalma.com\">wkraemer@lionsclubpalma.com<\/a>\u00a0\u00a0\u00a0\u00a0\u00a0\u00a0\u00a0 <a href=\"mailto:Claudia.schmaler@lionsclubpalma.com\">Claudia.schmaler@lionsclubpalma.com<\/a><\/p>\n<p><strong>Donaciones por transferencia bancaria o PayPal<br \/>\n<\/strong><strong>Lions Club Palma de Mallorca<br \/>\n<\/strong><strong>Comida para todos<br \/>\n<\/strong><strong>IBAN: ES62 2100 4379 6302 0005 0026 Banco: La Caixa<\/strong><\/p>\n<p>Si lo solicita, podemos emitirle recibos de donaci\u00f3n. Necesitamos la siguiente informaci\u00f3n: Nombre, direcci\u00f3n, n\u00famero de identificaci\u00f3n fiscal y oficina tributaria responsable.<\/p>\n\t\t\t\t\t\t\t\t<\/div>\n\t\t\t\t<\/div>\n\t\t\t\t\t<\/div>\n\t\t<\/div>\n\t\t\t\t\t<\/div>\n\t\t<\/section>\n\t\t\t\t<\/div>\n\t\t","protected":false},"excerpt":{"rendered":"<p>Informe anual 2024 Queridos amigos de nuestro proyecto, Un nuevo a\u00f1o ha comenzado y nos gustar\u00eda echar un vistazo al pasado a\u00f1o 2024 con ustedes. Les deseamos a ustedes y [&hellip;]<\/p>\n","protected":false},"author":1,"featured_media":0,"parent":2268,"menu_order":0,"comment_status":"closed","ping_status":"closed","template":"","meta":{"ocean_post_layout":"","ocean_both_sidebars_style":"","ocean_both_sidebars_content_width":0,"ocean_both_sidebars_sidebars_width":0,"ocean_sidebar":"0","ocean_second_sidebar":"0","ocean_disable_margins":"enable","ocean_add_body_class":"","ocean_shortcode_before_top_bar":"","ocean_shortcode_after_top_bar":"","ocean_shortcode_before_header":"","ocean_shortcode_after_header":"","ocean_has_shortcode":"","ocean_shortcode_after_title":"","ocean_shortcode_before_footer_widgets":"","ocean_shortcode_after_footer_widgets":"","ocean_shortcode_before_footer_bottom":"","ocean_shortcode_after_footer_bottom":"","ocean_display_top_bar":"default","ocean_display_header":"default","ocean_header_style":"","ocean_center_header_left_menu":"0","ocean_custom_header_template":"0","ocean_custom_logo":0,"ocean_custom_retina_logo":0,"ocean_custom_logo_max_width":0,"ocean_custom_logo_tablet_max_width":0,"ocean_custom_logo_mobile_max_width":0,"ocean_custom_logo_max_height":0,"ocean_custom_logo_tablet_max_height":0,"ocean_custom_logo_mobile_max_height":0,"ocean_header_custom_menu":"0","ocean_menu_typo_font_family":"0","ocean_menu_typo_font_subset":"","ocean_menu_typo_font_size":0,"ocean_menu_typo_font_size_tablet":0,"ocean_menu_typo_font_size_mobile":0,"ocean_menu_typo_font_size_unit":"px","ocean_menu_typo_font_weight":"","ocean_menu_typo_font_weight_tablet":"","ocean_menu_typo_font_weight_mobile":"","ocean_menu_typo_transform":"","ocean_menu_typo_transform_tablet":"","ocean_menu_typo_transform_mobile":"","ocean_menu_typo_line_height":0,"ocean_menu_typo_line_height_tablet":0,"ocean_menu_typo_line_height_mobile":0,"ocean_menu_typo_line_height_unit":"","ocean_menu_typo_spacing":0,"ocean_menu_typo_spacing_tablet":0,"ocean_menu_typo_spacing_mobile":0,"ocean_menu_typo_spacing_unit":"","ocean_menu_link_color":"","ocean_menu_link_color_hover":"","ocean_menu_link_color_active":"","ocean_menu_link_background":"","ocean_menu_link_hover_background":"","ocean_menu_link_active_background":"","ocean_menu_social_links_bg":"","ocean_menu_social_hover_links_bg":"","ocean_menu_social_links_color":"","ocean_menu_social_hover_links_color":"","ocean_disable_title":"default","ocean_disable_heading":"default","ocean_post_title":"","ocean_post_subheading":"","ocean_post_title_style":"","ocean_post_title_background_color":"","ocean_post_title_background":0,"ocean_post_title_bg_image_position":"","ocean_post_title_bg_image_attachment":"","ocean_post_title_bg_image_repeat":"","ocean_post_title_bg_image_size":"","ocean_post_title_height":0,"ocean_post_title_bg_overlay":0.5,"ocean_post_title_bg_overlay_color":"","ocean_disable_breadcrumbs":"default","ocean_breadcrumbs_color":"","ocean_breadcrumbs_separator_color":"","ocean_breadcrumbs_links_color":"","ocean_breadcrumbs_links_hover_color":"","ocean_display_footer_widgets":"default","ocean_display_footer_bottom":"default","ocean_custom_footer_template":"0","footnotes":""},"class_list":["post-4863","page","type-page","status-publish","hentry","entry"],"_links":{"self":[{"href":"https:\/\/lionsclubpalma.com\/es\/wp-json\/wp\/v2\/pages\/4863","targetHints":{"allow":["GET"]}}],"collection":[{"href":"https:\/\/lionsclubpalma.com\/es\/wp-json\/wp\/v2\/pages"}],"about":[{"href":"https:\/\/lionsclubpalma.com\/es\/wp-json\/wp\/v2\/types\/page"}],"author":[{"embeddable":true,"href":"https:\/\/lionsclubpalma.com\/es\/wp-json\/wp\/v2\/users\/1"}],"replies":[{"embeddable":true,"href":"https:\/\/lionsclubpalma.com\/es\/wp-json\/wp\/v2\/comments?post=4863"}],"version-history":[{"count":1,"href":"https:\/\/lionsclubpalma.com\/es\/wp-json\/wp\/v2\/pages\/4863\/revisions"}],"predecessor-version":[{"id":4864,"href":"https:\/\/lionsclubpalma.com\/es\/wp-json\/wp\/v2\/pages\/4863\/revisions\/4864"}],"up":[{"embeddable":true,"href":"https:\/\/lionsclubpalma.com\/es\/wp-json\/wp\/v2\/pages\/2268"}],"wp:attachment":[{"href":"https:\/\/lionsclubpalma.com\/es\/wp-json\/wp\/v2\/media?parent=4863"}],"curies":[{"name":"wp","href":"https:\/\/api.w.org\/{rel}","templated":true}]}}