{"id":4892,"date":"2025-04-10T08:56:55","date_gmt":"2025-04-10T08:56:55","guid":{"rendered":"https:\/\/lionsclubpalma.com\/comida-para-todos\/informe-de-situacion-1er-trimestre-de-2025\/"},"modified":"2025-04-10T08:58:34","modified_gmt":"2025-04-10T08:58:34","slug":"informe-de-situacion-1er-trimestre-de-2025","status":"publish","type":"page","link":"https:\/\/lionsclubpalma.com\/es\/comida-para-todos\/informe-de-situacion-1er-trimestre-de-2025\/","title":{"rendered":"Informe de situaci\u00f3n 1er trimestre de 2025"},"content":{"rendered":"\t\t<div data-elementor-type=\"wp-page\" data-elementor-id=\"4892\" class=\"elementor elementor-4892 elementor-4868\" data-elementor-post-type=\"page\">\n\t\t\t\t\t\t<section class=\"elementor-section elementor-top-section elementor-element elementor-element-eabf825 elementor-section-boxed elementor-section-height-default elementor-section-height-default\" data-id=\"eabf825\" data-element_type=\"section\" data-e-type=\"section\">\n\t\t\t\t\t\t<div class=\"elementor-container elementor-column-gap-default\">\n\t\t\t\t\t<div class=\"elementor-column elementor-col-100 elementor-top-column elementor-element elementor-element-1f11094\" data-id=\"1f11094\" data-element_type=\"column\" data-e-type=\"column\">\n\t\t\t<div class=\"elementor-widget-wrap elementor-element-populated\">\n\t\t\t\t\t\t<div class=\"elementor-element elementor-element-eeda65c elementor-widget elementor-widget-text-editor\" data-id=\"eeda65c\" data-element_type=\"widget\" data-e-type=\"widget\" data-widget_type=\"text-editor.default\">\n\t\t\t\t<div class=\"elementor-widget-container\">\n\t\t\t\t\t\t\t\t\t<h1>Situationsbericht 1. Quartal 2025<\/h1><p>Queridos amigos de nuestro proyecto,<\/p><p>Nos gustar\u00eda ofrecerles una visi\u00f3n general de c\u00f3mo ha comenzado el a\u00f1o 2025 para nuestro proyecto \u00abComida para todos\u00bb.<\/p><p>LIDL clasific\u00f3 sus art\u00edculos navide\u00f1os y nos entreg\u00f3 grandes cantidades de chocolate, bombones, pan de especias y art\u00edculos \u00abDeLuxe\u00bb para su distribuci\u00f3n. Para nuestros conductores, esto supuso alg\u00fan que otro viaje y trabajo extra, pero las organizaciones de ayuda quedaron encantadas con estos magn\u00edficos art\u00edculos, la mayor\u00eda de los cuales pudieron conservarse hasta finales de a\u00f1o.<\/p><p>Nuestro cami\u00f3n fue de nuevo a revisi\u00f3n y necesitaba neum\u00e1ticos nuevos.<br \/>Adem\u00e1s, se sustituyeron las pegatinas de un cami\u00f3n porque ya no estaban actualizadas y cambiamos nuestro \u00abcami\u00f3n nuevo\u00bb (despu\u00e9s de 5 a\u00f1os pudimos conseguir uno totalmente nuevo) del blanco neutro a nuestro colorido dise\u00f1o para toda la isla con los patrocinadores del proyecto.<\/p><p>Con la reci\u00e9n inaugurada tienda LIDL en Magaluf, ahora tenemos otro punto de contacto para recoger mercanc\u00eda. Ahora nos desplazamos cada d\u00eda a 25 tiendas LIDL para aceptar mercanc\u00edas.<\/p><p>El tema de la pobreza en la vejez es desgraciadamente tambi\u00e9n un tema importante y muy triste en Espa\u00f1a y aqu\u00ed en Mallorca.<br \/>Actualmente ayudamos a algunas personas con la compra de alimentos adicionales. Esto ha sido posible gracias a donantes cuyos donativos orientados a fines concretos deben destinarse espec\u00edficamente a personas mayores necesitadas. Por supuesto, estaremos encantados de tenerlo en cuenta.<br \/>Recibir\u00e1 detalles e informaci\u00f3n sobre otras medidas en los pr\u00f3ximos informes.<\/p><p>En los tres primeros meses del a\u00f1o hemos podido distribuir m\u00e1s de 80 toneladas de mercanc\u00edas, lo que supone m\u00e1s de 12 toneladas m\u00e1s que en el mismo periodo del a\u00f1o pasado. Esto nos hace muy felices a nosotros y, por supuesto, a las organizaciones de ayuda, y esperamos que esta tendencia positiva contin\u00fae.<\/p><p><strong>Viajamos 6 (!) d\u00edas a la semana. <\/strong>Estas son las estad\u00edsticas de <strong>los meses de enero a marzo de 2025<\/strong>:<\/p><p><a href=\"https:\/\/lionsclubpalma.com\/es\/ong-es-2-2\/\" rel=\"attachment wp-att-4871\"><img fetchpriority=\"high\" decoding=\"async\" class=\"alignnone wp-image-4884 size-full\" src=\"https:\/\/lionsclubpalma.com\/wp-content\/uploads\/ONG-ES-1.jpg\" alt=\"\" width=\"936\" height=\"472\" srcset=\"https:\/\/lionsclubpalma.com\/wp-content\/uploads\/ONG-ES-1.jpg 936w, https:\/\/lionsclubpalma.com\/wp-content\/uploads\/ONG-ES-1-300x151.jpg 300w, https:\/\/lionsclubpalma.com\/wp-content\/uploads\/ONG-ES-1-768x387.jpg 768w\" sizes=\"(max-width: 936px) 100vw, 936px\" \/><\/a><\/p><table width=\"624\"><tbody><tr><td width=\"331\">Horas de voluntariado realizadas por nuestros miembros<\/td><td width=\"293\"><strong>720 Horas<\/strong><\/td><\/tr><tr><td width=\"331\">D\u00edas laborables pagados<\/td><td width=\"293\"><strong>112<\/strong><\/td><\/tr><tr><td width=\"331\">Distancia recorrida<\/td><td width=\"293\"><strong>14.708 <\/strong><strong>km<\/strong><\/td><\/tr><tr><td width=\"331\">Costes salario\/gasolina\/alquiler\/ 3 meses<\/td><td width=\"293\"><p><strong>31.945,- <\/strong><strong>EUR<\/strong><strong> +\/- <\/strong><\/p><p>(2 camiones\/ 2 conductores)<\/p><\/td><\/tr><tr><td width=\"331\">Productos frescos cargados Frutas\/hortalizas<\/td><td width=\"293\"><strong>80.646 kg (349.855 kg en 2024)<\/strong><\/td><\/tr><tr><td width=\"331\">Total, de bienes distribuidos<\/td><td width=\"293\"><strong>Aprox. 90.000 kg<\/strong><\/td><\/tr><tr><td width=\"331\">Personas necesitadas de ayuda a las que llegamos<\/td><td width=\"293\"><strong>10.000 <\/strong><strong>+\/- Personen <\/strong><\/td><\/tr><tr><td width=\"331\">Fruta y verdura por persona alcanzada<\/td><td width=\"293\"><strong>2,7 <\/strong><strong>kg<\/strong> al Mes<\/td><\/tr><\/tbody><\/table><p>Corresponde a 40 c\u00e9ntimos por kilo de fruta\/verdura (resultado en 2024: media anual de 34 c\u00e9ntimos)<\/p><p>\u00a0<\/p><h2>Organizaciones de ayuda en Mallorca que reciben suministros y apoyo del Club de Leones de Palma:<\/h2><table><tbody><tr><td width=\"120\"><strong>Lunes<\/strong><\/td><td width=\"120\"><strong>Martes<\/strong><\/td><td width=\"109\"><strong>Miercoles<\/strong><\/td><td width=\"104\"><strong>Jueves<\/strong><\/td><td width=\"95\"><strong>Viernes<\/strong><\/td><td width=\"94\"><strong>Sabado<\/strong><\/td><\/tr><tr><td width=\"120\">Mallorca Sense Fam<\/td><td width=\"120\">Mallorca Sense Fam<\/td><td width=\"109\"><p>SOS<\/p><p>Mamas<\/p><\/td><td width=\"104\">Can Gaza<\/td><td width=\"95\"><p>SOS<\/p><p>Mamas<\/p><\/td><td width=\"94\">Can Gaza<\/td><\/tr><tr><td width=\"120\">Can Gaza<\/td><td width=\"120\">\u00a0Es Refugi<\/td><td width=\"109\">El Tardor<\/td><td width=\"104\">Tu Hada Madrina<\/td><td width=\"95\">El Tardor<\/td><td width=\"94\">El Tardor<\/td><\/tr><tr><td width=\"120\">Zaqueo<\/td><td width=\"120\">Avaso<\/td><td width=\"109\">Tu Hada Madrina<\/td><td width=\"104\">\u00a0<\/td><td width=\"95\">Zaqueo<\/td><td width=\"94\">\u00a0<\/td><\/tr><tr><td width=\"120\">Templarios<\/td><td width=\"120\">\u00a0<\/td><td width=\"109\">Concordia<\/td><td width=\"104\">\u00a0<\/td><td width=\"95\">\u00a0<\/td><td width=\"94\">\u00a0<\/td><\/tr><\/tbody><\/table><ul><li>Tambi\u00e9n cada 15 d\u00edas: ONG Canamut Palma, ONG Noble Solidari Santa Eugenia<\/li><li>Mensualmente: Es Rebost Binissalem<\/li><\/ul><p><strong>\u00bfQu\u00e9 organizaci\u00f3n de ayuda recibe cu\u00e1ntos bienes? \u00bfY de qu\u00e9 depende?<\/strong><\/p><p>Esta organizaci\u00f3n y coordinaci\u00f3n tambi\u00e9n se lleva a cabo en estrecha colaboraci\u00f3n con las organizaciones de ayuda. Los puntos decisivos aqu\u00ed son, por ejemplo, el n\u00famero de personas necesitadas a las que se suministra, los d\u00edas en que se distribuyen los bienes, las instalaciones de refrigeraci\u00f3n disponibles para almacenar los bienes delicados, as\u00ed como el n\u00famero o la disponibilidad de voluntarios que clasifiquen las frutas y verduras entregadas y las preparen para su distribuci\u00f3n.<br \/>He aqu\u00ed un resumen de la distribuci\u00f3n de mercanc\u00edas en los primeros meses de enero a marzo de 2025:<\/p><p><a href=\"https:\/\/lionsclubpalma.com\/es\/ong-es-1-2\/\" rel=\"attachment wp-att-4873\"><img decoding=\"async\" class=\"alignnone wp-image-4886 size-full lazyload\" data-src=\"https:\/\/lionsclubpalma.com\/wp-content\/uploads\/ONG-ES-1-1.jpg\" alt=\"\" width=\"949\" height=\"580\" data-srcset=\"https:\/\/lionsclubpalma.com\/wp-content\/uploads\/ONG-ES-1-1.jpg 949w, https:\/\/lionsclubpalma.com\/wp-content\/uploads\/ONG-ES-1-1-300x183.jpg 300w, https:\/\/lionsclubpalma.com\/wp-content\/uploads\/ONG-ES-1-1-768x469.jpg 768w\" data-sizes=\"(max-width: 949px) 100vw, 949px\" src=\"data:image\/svg+xml;base64,PHN2ZyB3aWR0aD0iMSIgaGVpZ2h0PSIxIiB4bWxucz0iaHR0cDovL3d3dy53My5vcmcvMjAwMC9zdmciPjwvc3ZnPg==\" style=\"--smush-placeholder-width: 949px; --smush-placeholder-aspect-ratio: 949\/580;\" \/><\/a><\/p><p><strong>He aqu\u00ed algunas impresiones de nuestros camiones, que tomamos recientemente frente a la nueva tienda Lidl de Magaluf:<\/strong><\/p><p><a href=\"https:\/\/lionsclubpalma.com\/es\/lkw-es-2\/\" rel=\"attachment wp-att-4875\"><img decoding=\"async\" class=\"alignnone wp-image-4888 size-full lazyload\" data-src=\"https:\/\/lionsclubpalma.com\/wp-content\/uploads\/LKW-ES.jpg\" alt=\"\" width=\"1051\" height=\"370\" data-srcset=\"https:\/\/lionsclubpalma.com\/wp-content\/uploads\/LKW-ES.jpg 1051w, https:\/\/lionsclubpalma.com\/wp-content\/uploads\/LKW-ES-300x106.jpg 300w, https:\/\/lionsclubpalma.com\/wp-content\/uploads\/LKW-ES-1024x360.jpg 1024w, https:\/\/lionsclubpalma.com\/wp-content\/uploads\/LKW-ES-768x270.jpg 768w\" data-sizes=\"(max-width: 1051px) 100vw, 1051px\" src=\"data:image\/svg+xml;base64,PHN2ZyB3aWR0aD0iMSIgaGVpZ2h0PSIxIiB4bWxucz0iaHR0cDovL3d3dy53My5vcmcvMjAwMC9zdmciPjwvc3ZnPg==\" style=\"--smush-placeholder-width: 1051px; --smush-placeholder-aspect-ratio: 1051\/370;\" \/><\/a><\/p><p><a href=\"https:\/\/lionsclubpalma.com\/es\/lkw-es-1-2\/\" rel=\"attachment wp-att-4877\"><img decoding=\"async\" class=\"alignnone wp-image-4890 size-full lazyload\" data-src=\"https:\/\/lionsclubpalma.com\/wp-content\/uploads\/LKW-ES-1.jpg\" alt=\"\" width=\"1087\" height=\"465\" data-srcset=\"https:\/\/lionsclubpalma.com\/wp-content\/uploads\/LKW-ES-1.jpg 1087w, https:\/\/lionsclubpalma.com\/wp-content\/uploads\/LKW-ES-1-300x128.jpg 300w, https:\/\/lionsclubpalma.com\/wp-content\/uploads\/LKW-ES-1-1024x438.jpg 1024w, https:\/\/lionsclubpalma.com\/wp-content\/uploads\/LKW-ES-1-768x329.jpg 768w\" data-sizes=\"(max-width: 1087px) 100vw, 1087px\" src=\"data:image\/svg+xml;base64,PHN2ZyB3aWR0aD0iMSIgaGVpZ2h0PSIxIiB4bWxucz0iaHR0cDovL3d3dy53My5vcmcvMjAwMC9zdmciPjwvc3ZnPg==\" style=\"--smush-placeholder-width: 1087px; --smush-placeholder-aspect-ratio: 1087\/465;\" \/><\/a><\/p><p>Queremos dar las gracias a todos nuestros simpatizantes, patrocinadores, donantes y a nuestro club colaborador de Calvi\u00e0. Necesitamos vuestra ayuda urgentemente, por favor, seguid siendo fieles a nosotros para que nuestro proyecto favorito \u00abComida para todos\u00bb pueda continuar.<\/p><p>Nuestro pr\u00f3ximo informe se publicar\u00e1 en julio de 2025. Mant\u00e9ngase sano y disfrute de la primavera.<\/p><p>Saludos cordiales<\/p><p>&#8211; el <strong>Club de Leones Palma de Mallorca <\/strong>con la presidenta Dagmar Daum de Waard<\/p><p>&#8211; Direcci\u00f3n del proyecto: Wolfgang Kr\u00e4mer<\/p><p>&#8211; las directoras del proyecto Claudia Joest y Claudia Schmaler<\/p><p>Contacto\/ Comentarios\/ Edici\u00f3n<strong>: <\/strong>Wolfgang Kr\u00e4mer y Claudia Schmaler<br \/><a href=\"mailto:wkraemer@lionsclubpalma.com\">wkraemer@lionsclubpalma.com<\/a><br \/><a href=\"mailto:Claudia.schmaler@lionsclubpalma.com\">Claudia.schmaler@lionsclubpalma.com<\/a><\/p><p><strong>Donaciones por transferencia bancaria o PayPal<br \/><\/strong><strong>Lions Club Palma de Mallorca<br \/><\/strong><strong>Comida para todos<br \/><\/strong><strong>IBAN: ES62 2100 4379 6302 0005 0026\u00a0\u00a0\u00a0 Banco: La Caixa <\/strong><\/p>\t\t\t\t\t\t\t\t<\/div>\n\t\t\t\t<\/div>\n\t\t\t\t\t<\/div>\n\t\t<\/div>\n\t\t\t\t\t<\/div>\n\t\t<\/section>\n\t\t\t\t<\/div>\n\t\t","protected":false},"excerpt":{"rendered":"<p>Situationsbericht 1. Quartal 2025 Queridos amigos de nuestro proyecto, Nos gustar\u00eda ofrecerles una visi\u00f3n general de c\u00f3mo ha comenzado el a\u00f1o 2025 para nuestro proyecto \u00abComida para todos\u00bb. LIDL clasific\u00f3 [&hellip;]<\/p>\n","protected":false},"author":1,"featured_media":0,"parent":2268,"menu_order":0,"comment_status":"closed","ping_status":"closed","template":"","meta":{"ocean_post_layout":"","ocean_both_sidebars_style":"","ocean_both_sidebars_content_width":0,"ocean_both_sidebars_sidebars_width":0,"ocean_sidebar":"0","ocean_second_sidebar":"0","ocean_disable_margins":"enable","ocean_add_body_class":"","ocean_shortcode_before_top_bar":"","ocean_shortcode_after_top_bar":"","ocean_shortcode_before_header":"","ocean_shortcode_after_header":"","ocean_has_shortcode":"","ocean_shortcode_after_title":"","ocean_shortcode_before_footer_widgets":"","ocean_shortcode_after_footer_widgets":"","ocean_shortcode_before_footer_bottom":"","ocean_shortcode_after_footer_bottom":"","ocean_display_top_bar":"default","ocean_display_header":"default","ocean_header_style":"","ocean_center_header_left_menu":"0","ocean_custom_header_template":"0","ocean_custom_logo":0,"ocean_custom_retina_logo":0,"ocean_custom_logo_max_width":0,"ocean_custom_logo_tablet_max_width":0,"ocean_custom_logo_mobile_max_width":0,"ocean_custom_logo_max_height":0,"ocean_custom_logo_tablet_max_height":0,"ocean_custom_logo_mobile_max_height":0,"ocean_header_custom_menu":"0","ocean_menu_typo_font_family":"0","ocean_menu_typo_font_subset":"","ocean_menu_typo_font_size":0,"ocean_menu_typo_font_size_tablet":0,"ocean_menu_typo_font_size_mobile":0,"ocean_menu_typo_font_size_unit":"px","ocean_menu_typo_font_weight":"","ocean_menu_typo_font_weight_tablet":"","ocean_menu_typo_font_weight_mobile":"","ocean_menu_typo_transform":"","ocean_menu_typo_transform_tablet":"","ocean_menu_typo_transform_mobile":"","ocean_menu_typo_line_height":0,"ocean_menu_typo_line_height_tablet":0,"ocean_menu_typo_line_height_mobile":0,"ocean_menu_typo_line_height_unit":"","ocean_menu_typo_spacing":0,"ocean_menu_typo_spacing_tablet":0,"ocean_menu_typo_spacing_mobile":0,"ocean_menu_typo_spacing_unit":"","ocean_menu_link_color":"","ocean_menu_link_color_hover":"","ocean_menu_link_color_active":"","ocean_menu_link_background":"","ocean_menu_link_hover_background":"","ocean_menu_link_active_background":"","ocean_menu_social_links_bg":"","ocean_menu_social_hover_links_bg":"","ocean_menu_social_links_color":"","ocean_menu_social_hover_links_color":"","ocean_disable_title":"default","ocean_disable_heading":"default","ocean_post_title":"","ocean_post_subheading":"","ocean_post_title_style":"","ocean_post_title_background_color":"","ocean_post_title_background":0,"ocean_post_title_bg_image_position":"","ocean_post_title_bg_image_attachment":"","ocean_post_title_bg_image_repeat":"","ocean_post_title_bg_image_size":"","ocean_post_title_height":0,"ocean_post_title_bg_overlay":0.5,"ocean_post_title_bg_overlay_color":"","ocean_disable_breadcrumbs":"default","ocean_breadcrumbs_color":"","ocean_breadcrumbs_separator_color":"","ocean_breadcrumbs_links_color":"","ocean_breadcrumbs_links_hover_color":"","ocean_display_footer_widgets":"default","ocean_display_footer_bottom":"default","ocean_custom_footer_template":"0","footnotes":""},"class_list":["post-4892","page","type-page","status-publish","hentry","entry"],"_links":{"self":[{"href":"https:\/\/lionsclubpalma.com\/es\/wp-json\/wp\/v2\/pages\/4892","targetHints":{"allow":["GET"]}}],"collection":[{"href":"https:\/\/lionsclubpalma.com\/es\/wp-json\/wp\/v2\/pages"}],"about":[{"href":"https:\/\/lionsclubpalma.com\/es\/wp-json\/wp\/v2\/types\/page"}],"author":[{"embeddable":true,"href":"https:\/\/lionsclubpalma.com\/es\/wp-json\/wp\/v2\/users\/1"}],"replies":[{"embeddable":true,"href":"https:\/\/lionsclubpalma.com\/es\/wp-json\/wp\/v2\/comments?post=4892"}],"version-history":[{"count":4,"href":"https:\/\/lionsclubpalma.com\/es\/wp-json\/wp\/v2\/pages\/4892\/revisions"}],"predecessor-version":[{"id":4896,"href":"https:\/\/lionsclubpalma.com\/es\/wp-json\/wp\/v2\/pages\/4892\/revisions\/4896"}],"up":[{"embeddable":true,"href":"https:\/\/lionsclubpalma.com\/es\/wp-json\/wp\/v2\/pages\/2268"}],"wp:attachment":[{"href":"https:\/\/lionsclubpalma.com\/es\/wp-json\/wp\/v2\/media?parent=4892"}],"curies":[{"name":"wp","href":"https:\/\/api.w.org\/{rel}","templated":true}]}}