{"id":5267,"date":"2025-10-15T09:14:32","date_gmt":"2025-10-15T09:14:32","guid":{"rendered":"https:\/\/lionsclubpalma.com\/comida-para-todos\/informe-de-situacion-del-3-trimestre-de-2025\/"},"modified":"2025-10-15T09:25:08","modified_gmt":"2025-10-15T09:25:08","slug":"informe-de-situacion-del-3-trimestre-de-2025","status":"publish","type":"page","link":"https:\/\/lionsclubpalma.com\/es\/comida-para-todos\/informe-de-situacion-del-3-trimestre-de-2025\/","title":{"rendered":"Informe de situaci\u00f3n del 3. Trimestre de 2025"},"content":{"rendered":"\t\t<div data-elementor-type=\"wp-page\" data-elementor-id=\"5267\" class=\"elementor elementor-5267 elementor-5246\" data-elementor-post-type=\"page\">\n\t\t\t\t\t\t<section class=\"elementor-section elementor-top-section elementor-element elementor-element-457f226 elementor-section-boxed elementor-section-height-default elementor-section-height-default\" data-id=\"457f226\" data-element_type=\"section\" data-e-type=\"section\">\n\t\t\t\t\t\t<div class=\"elementor-container elementor-column-gap-default\">\n\t\t\t\t\t<div class=\"elementor-column elementor-col-100 elementor-top-column elementor-element elementor-element-8e22922\" data-id=\"8e22922\" data-element_type=\"column\" data-e-type=\"column\">\n\t\t\t<div class=\"elementor-widget-wrap elementor-element-populated\">\n\t\t\t\t\t\t<div class=\"elementor-element elementor-element-fb2c90e elementor-widget elementor-widget-text-editor\" data-id=\"fb2c90e\" data-element_type=\"widget\" data-e-type=\"widget\" data-widget_type=\"text-editor.default\">\n\t\t\t\t<div class=\"elementor-widget-container\">\n\t\t\t\t\t\t\t\t\t<h1>Informe de situaci\u00f3n del 3. Trimestre de 2025<\/h1><p>Queridos amigos de nuestro proyecto:<\/p><p>Los calurosos meses de verano han quedado atr\u00e1s y el oto\u00f1o ya ha comenzado con algunas tormentas. \u00abCrucemos los dedos\u00bb para que sea m\u00e1s tranquilo que el a\u00f1o pasado y que no haya inundaciones ni cosas por el estilo.<\/p><p>Los \u00faltimos tres meses han sido un reto para nuestro proyecto, ya que agosto es siempre es \u00e9poca de vacaciones para nuestros conductores. A pesar de ello, el tercer trimestre de este a\u00f1o ha sido el m\u00e1s exitoso, con casi 100 000 kg de fruta y verdura que hemos podido recoger en los supermercados Lidl.<\/p><p>Hace unas semanas pudimos leer en la revista Mallorca Magazin que la ayuda y el apoyo son cada vez m\u00e1s necesarios en Mallorca hace unas semanas en la revista Mallorca Magazin: en Mallorca, el n\u00famero de personas sin hogar alcanzado un nivel r\u00e9cord hist\u00f3rico. La Cruz Roja ya ha atendido este a\u00f1o a casi a casi 2000 personas y las cifras siguen aumentando, ya que tambi\u00e9n hay personas con ingresos regulares ingresos fijos se ven afectados por la falta de vivienda. Actualmente, una habitaci\u00f3n en Palma cuesta entre 400 y 900 euros.<\/p><p>Una de las organizaciones ben\u00e9ficas a las que suministramos alimentos tres veces por semana tambi\u00e9n se ocupa de las personas que no tienen nada, no reciben ning\u00fan tipo de ayuda y en su mayor\u00eda se encuentran sin hogar. El 11 de septiembre, nuestro equipo de comida para todos Wolfgang Kr\u00e4mer, Dagmar Daum de Waard y Claudia Schmaler en una entrega de nuestro conductor Heri y pudo hacerse una idea in situ y hablar en detalle con la directora de este \u00abcomedero\u00bb, Natalia. Todos quedaron profundamente impresionados por el\u00a0 trabajo que realizan todos los voluntarios de Tardor.<\/p><p>Cada d\u00eda se atiende a entre 300 y 350 personas, tanto con alimentos como con que se distribuyen entre la gente. Tardor siempre busca voluntarios que ayuden en la clasificar, distribuir y preparar los alimentos.<\/p><p>\u00bfQuiere ayudar? P\u00f3ngase en contacto con nosotros (encontrar\u00e1 las direcciones de correo electr\u00f3nico al final de este informe).<\/p><p><strong>Salimo 6 (!) d\u00edas a la semana.<\/strong> Aqu\u00ed est\u00e1n las estadisticas para <strong>los meses de julio a septiembre<\/strong> 2025:<\/p><table width=\"624\"><tbody><tr><td width=\"331\"><p>Horas de voluntariado realizadas por nuestrosmiembros<\/p><\/td><td width=\"293\"><p><strong>830 horas<\/strong><\/p><\/td><\/tr><tr><td width=\"331\"><p>D\u00edas de trabajo remunerados<\/p><\/td><td width=\"293\"><p><strong>132<\/strong><\/p><\/td><\/tr><tr><td width=\"331\"><p>Distancia recorrida<\/p><\/td><td width=\"293\"><p><strong>17.594 km<\/strong><\/p><\/td><\/tr><tr><td width=\"331\"><p>Costes salarios\/combustible\/alquiler\/3 meses<\/p><\/td><td width=\"293\"><p><strong>28.840,- EUR +\/- <\/strong>(2 camiones\/ 2 conductores)<\/p><\/td><\/tr><tr><td width=\"331\"><p>Mercanc\u00eda fresca transportada Fruta\/verdura<\/p><\/td><td width=\"293\"><p><strong>99.379 kg (349.855 kg <\/strong><strong>e<\/strong><strong>n 2024)<\/strong><\/p><\/td><\/tr><tr><td width=\"331\"><p>Total de mercanc\u00eda distribuida<\/p><\/td><td width=\"293\"><p><strong>Aprox. 101.500 kg<\/strong><\/p><\/td><\/tr><tr><td width=\"331\"><p>Personas necesitadas a las que llegamos<\/p><\/td><td width=\"293\"><p><strong>10.000 +\/- Person<\/strong><strong>as<\/strong><\/p><\/td><\/tr><tr><td width=\"331\"><p>Fruta y verdura por persona atendida<\/p><\/td><td width=\"293\"><p><strong>3,3 kg <\/strong>al mes<\/p><\/td><\/tr><\/tbody><\/table><h2>Organizaciones ben\u00e9ficas de Mallorca a las que el Club Lions Palma suministra y apoya:<\/h2><table><tbody><tr><td width=\"120\"><p><strong>Lunes<\/strong><\/p><\/td><td width=\"120\"><p><strong>Martes<\/strong><\/p><\/td><td width=\"109\"><p><strong>Mi\u00e9rcoles<\/strong><\/p><\/td><td width=\"104\"><p><strong>Jueves <\/strong><\/p><\/td><td width=\"95\"><p><strong>Viernes<\/strong><\/p><\/td><td width=\"94\"><p><strong>S\u00e1bado<\/strong><\/p><\/td><\/tr><tr><td width=\"120\"><p>Mallorca Sense Fam<\/p><\/td><td width=\"120\"><p>Mallorca Sense Fam<\/p><\/td><td width=\"109\"><p>Mallorca Sense Fam<\/p><\/td><td width=\"104\"><p>Can Gaza<\/p><\/td><td width=\"95\"><p>Can Gaza<\/p><\/td><td width=\"94\"><p>Can Gaza<\/p><\/td><\/tr><tr><td width=\"120\"><p>Can Gaza<\/p><\/td><td width=\"120\"><p>Avaso<\/p><\/td><td width=\"109\"><p>Tardor<\/p><\/td><td width=\"104\"><p>Tu Hada Madrina<\/p><\/td><td width=\"95\"><p>Tardor<\/p><\/td><td width=\"94\"><p>\u00a0<\/p><\/td><\/tr><tr><td width=\"120\"><p>Zaqueo<\/p><\/td><td width=\"120\"><p>Tardor<\/p><\/td><td width=\"109\"><p>Tu Hada Madrina<\/p><\/td><td width=\"104\"><p>Tardor<\/p><\/td><td width=\"95\"><p>Zaqueo<\/p><\/td><td width=\"94\"><p>\u00a0<\/p><\/td><\/tr><tr><td width=\"120\"><p>Templarios<\/p><\/td><td width=\"120\"><p>\u00a0<\/p><\/td><td width=\"109\"><p>Concordia<\/p><\/td><td width=\"104\"><p>\u00a0<\/p><\/td><td width=\"95\"><p>\u00a0<\/p><\/td><td width=\"94\"><p>\u00a0<\/p><\/td><\/tr><\/tbody><\/table><ul><li>Adem\u00e1s Cada 14 d\u00edas: ONG Canamut Palma, ONG Noble Solidari Santa Eugenia<\/li><\/ul><p>El 14 de septiembre tuvo lugar un evento especial para nuestro club y nuestro proyecto \u00abComida para todos\u00bb. Celebramos el 15.\u00ba aniversario de nuestro proyecto con nuestra familia del proyecto, nuestros fieles donantes y colaboradores en la finca ole\u00edcola \u00abTreurer\u00bb en Algaida.<\/p><p>50 invitados pudieron disfrutar de una interesante visita guiada por la plantaci\u00f3n con informaci\u00f3n sobre la plantaci\u00f3n, el cuidado, la cosecha y, finalmente, el procesamiento de las aceitunas de alta calidad. Una entretenida presentaci\u00f3n a cargo de dos generaciones de la familia \u00abTREURER\u00bb, que incluy\u00f3 una degustaci\u00f3n de aceite de oliva de alta calidad. La familia cuida y mima este magn\u00edfico lugar con gran dedicaci\u00f3n y pasi\u00f3n, y procesa la cosecha con mucho esmero. A continuaci\u00f3n, nos deleitaron con pa amb oli, una tabla de quesos y vinos patrocinados por Macia Batle. Una tarde redonda que reforz\u00f3 los lazos familiares entre donantes\/colaboradores y los voluntarios del Lions Club Palma.<\/p><p><a href=\"https:\/\/lionsclubpalma.com\/es\/bilder-treuer-es\/\" rel=\"attachment wp-att-5270\"><img fetchpriority=\"high\" decoding=\"async\" class=\"alignnone wp-image-5270\" src=\"https:\/\/lionsclubpalma.com\/wp-content\/uploads\/Bilder-Treuer-ES.jpg\" alt=\"\" width=\"799\" height=\"283\" srcset=\"https:\/\/lionsclubpalma.com\/wp-content\/uploads\/Bilder-Treuer-ES.jpg 1984w, https:\/\/lionsclubpalma.com\/wp-content\/uploads\/Bilder-Treuer-ES-300x106.jpg 300w, https:\/\/lionsclubpalma.com\/wp-content\/uploads\/Bilder-Treuer-ES-1024x363.jpg 1024w, https:\/\/lionsclubpalma.com\/wp-content\/uploads\/Bilder-Treuer-ES-768x272.jpg 768w, https:\/\/lionsclubpalma.com\/wp-content\/uploads\/Bilder-Treuer-ES-1536x544.jpg 1536w\" sizes=\"(max-width: 799px) 100vw, 799px\" \/><\/a><\/p><p>Este a\u00f1o tambi\u00e9n estamos organizando una cena de gala ben\u00e9fica y nos encantar\u00eda que asistieras. Este evento volver\u00e1 a celebrarse en el restaurante Yara de Puerto Portals. As\u00ed que apunte ya en su agenda la fecha del 5 de diciembre y permanezca atento a los detalles que iremos revelando pr\u00f3ximamente. Solo adelantamos una cosa: el lema ser\u00e1 \u00abLa magia de las m\u00e1scaras\u00bb.<\/p><p>Queremos expresar nuestro m\u00e1s sincero agradecimiento a todos nuestros patrocinadores y donantes. Necesitamos urgentemente su ayuda, por lo que les rogamos que sigan apoy\u00e1ndonos para que podamos continuar con nuestro proyecto \u00abComida para todos\u00bb, que tanto nos ilusiona.<\/p><p>Nuestro pr\u00f3ximo informe se publicar\u00e1 en enero de 2026 con nuestro informe anual de 2025. Hasta entonces, les deseamos un oto\u00f1o tranquilo y un Adviento apacible y reflexivo.\u00a0<\/p><p>Saludos cordiales<\/p><ul><li>el <strong>Lions Club Palma de Mallorca<\/strong> con la presidenta Sandra Aertken<\/li><li>Direcci\u00f3n del proyecto: Wolfgang Kr\u00e4mer<\/li><li>Los gestores del proyecto: Dagmar Daum de Waard, Claudia Joest und Claudia Schmaler<\/li><\/ul><p>Contacto\/Comentarios\/Redacci\u00f3n: Wolfgang Kr\u00e4mer y Claudia Schmaler\u00a0 \u00a0 \u00a0 \u00a0 \u00a0 \u00a0 \u00a0 \u00a0 \u00a0 \u00a0 <a href=\"mailto:wkraemer@lionsclubpalma.com\">wkraemer@lionsclubpalma.com<\/a>\u00a0\u00a0\u00a0\u00a0\u00a0\u00a0\u00a0 <a href=\"mailto:Claudia.schmaler@lionsclubpalma.com\">Claudia.schmaler@lionsclubpalma.com<\/a><\/p><p><strong>Donaciones mediante transferencia bancaria o PayPal <br \/><\/strong><strong>Lions Club Palma de Mallorca <br \/><\/strong><strong>Comida para todos<br \/><\/strong><strong>IBAN: ES62 2100 4379 6302 0005 0026\u00a0\u00a0\u00a0 Bank: La Caixa <\/strong><\/p><p>Si lo desea, le proporcionaremos un certificado de donaci\u00f3n. Para ello, necesitamos su nombre, direcci\u00f3n, n\u00famero de identificaci\u00f3n fiscal y oficina de Hacienda correspondiente.<\/p>\t\t\t\t\t\t\t\t<\/div>\n\t\t\t\t<\/div>\n\t\t\t\t\t<\/div>\n\t\t<\/div>\n\t\t\t\t\t<\/div>\n\t\t<\/section>\n\t\t\t\t<\/div>\n\t\t","protected":false},"excerpt":{"rendered":"<p>Informe de situaci\u00f3n del 3. Trimestre de 2025 Queridos amigos de nuestro proyecto: Los calurosos meses de verano han quedado atr\u00e1s y el oto\u00f1o ya ha comenzado con algunas tormentas. [&hellip;]<\/p>\n","protected":false},"author":1,"featured_media":0,"parent":2268,"menu_order":0,"comment_status":"closed","ping_status":"closed","template":"","meta":{"ocean_post_layout":"","ocean_both_sidebars_style":"","ocean_both_sidebars_content_width":0,"ocean_both_sidebars_sidebars_width":0,"ocean_sidebar":"0","ocean_second_sidebar":"0","ocean_disable_margins":"enable","ocean_add_body_class":"","ocean_shortcode_before_top_bar":"","ocean_shortcode_after_top_bar":"","ocean_shortcode_before_header":"","ocean_shortcode_after_header":"","ocean_has_shortcode":"","ocean_shortcode_after_title":"","ocean_shortcode_before_footer_widgets":"","ocean_shortcode_after_footer_widgets":"","ocean_shortcode_before_footer_bottom":"","ocean_shortcode_after_footer_bottom":"","ocean_display_top_bar":"default","ocean_display_header":"default","ocean_header_style":"","ocean_center_header_left_menu":"0","ocean_custom_header_template":"0","ocean_custom_logo":0,"ocean_custom_retina_logo":0,"ocean_custom_logo_max_width":0,"ocean_custom_logo_tablet_max_width":0,"ocean_custom_logo_mobile_max_width":0,"ocean_custom_logo_max_height":0,"ocean_custom_logo_tablet_max_height":0,"ocean_custom_logo_mobile_max_height":0,"ocean_header_custom_menu":"0","ocean_menu_typo_font_family":"0","ocean_menu_typo_font_subset":"","ocean_menu_typo_font_size":0,"ocean_menu_typo_font_size_tablet":0,"ocean_menu_typo_font_size_mobile":0,"ocean_menu_typo_font_size_unit":"px","ocean_menu_typo_font_weight":"","ocean_menu_typo_font_weight_tablet":"","ocean_menu_typo_font_weight_mobile":"","ocean_menu_typo_transform":"","ocean_menu_typo_transform_tablet":"","ocean_menu_typo_transform_mobile":"","ocean_menu_typo_line_height":0,"ocean_menu_typo_line_height_tablet":0,"ocean_menu_typo_line_height_mobile":0,"ocean_menu_typo_line_height_unit":"","ocean_menu_typo_spacing":0,"ocean_menu_typo_spacing_tablet":0,"ocean_menu_typo_spacing_mobile":0,"ocean_menu_typo_spacing_unit":"","ocean_menu_link_color":"","ocean_menu_link_color_hover":"","ocean_menu_link_color_active":"","ocean_menu_link_background":"","ocean_menu_link_hover_background":"","ocean_menu_link_active_background":"","ocean_menu_social_links_bg":"","ocean_menu_social_hover_links_bg":"","ocean_menu_social_links_color":"","ocean_menu_social_hover_links_color":"","ocean_disable_title":"default","ocean_disable_heading":"default","ocean_post_title":"","ocean_post_subheading":"","ocean_post_title_style":"","ocean_post_title_background_color":"","ocean_post_title_background":0,"ocean_post_title_bg_image_position":"","ocean_post_title_bg_image_attachment":"","ocean_post_title_bg_image_repeat":"","ocean_post_title_bg_image_size":"","ocean_post_title_height":0,"ocean_post_title_bg_overlay":0.5,"ocean_post_title_bg_overlay_color":"","ocean_disable_breadcrumbs":"default","ocean_breadcrumbs_color":"","ocean_breadcrumbs_separator_color":"","ocean_breadcrumbs_links_color":"","ocean_breadcrumbs_links_hover_color":"","ocean_display_footer_widgets":"default","ocean_display_footer_bottom":"default","ocean_custom_footer_template":"0","footnotes":""},"class_list":["post-5267","page","type-page","status-publish","hentry","entry"],"_links":{"self":[{"href":"https:\/\/lionsclubpalma.com\/es\/wp-json\/wp\/v2\/pages\/5267","targetHints":{"allow":["GET"]}}],"collection":[{"href":"https:\/\/lionsclubpalma.com\/es\/wp-json\/wp\/v2\/pages"}],"about":[{"href":"https:\/\/lionsclubpalma.com\/es\/wp-json\/wp\/v2\/types\/page"}],"author":[{"embeddable":true,"href":"https:\/\/lionsclubpalma.com\/es\/wp-json\/wp\/v2\/users\/1"}],"replies":[{"embeddable":true,"href":"https:\/\/lionsclubpalma.com\/es\/wp-json\/wp\/v2\/comments?post=5267"}],"version-history":[{"count":4,"href":"https:\/\/lionsclubpalma.com\/es\/wp-json\/wp\/v2\/pages\/5267\/revisions"}],"predecessor-version":[{"id":5274,"href":"https:\/\/lionsclubpalma.com\/es\/wp-json\/wp\/v2\/pages\/5267\/revisions\/5274"}],"up":[{"embeddable":true,"href":"https:\/\/lionsclubpalma.com\/es\/wp-json\/wp\/v2\/pages\/2268"}],"wp:attachment":[{"href":"https:\/\/lionsclubpalma.com\/es\/wp-json\/wp\/v2\/media?parent=5267"}],"curies":[{"name":"wp","href":"https:\/\/api.w.org\/{rel}","templated":true}]}}