{"id":6013,"date":"2026-01-15T09:08:04","date_gmt":"2026-01-15T09:08:04","guid":{"rendered":"https:\/\/lionsclubpalma.com\/comida-para-todos\/informe-anual-2025\/"},"modified":"2026-01-15T09:43:42","modified_gmt":"2026-01-15T09:43:42","slug":"informe-anual-2025","status":"publish","type":"page","link":"https:\/\/lionsclubpalma.com\/es\/comida-para-todos\/informe-anual-2025\/","title":{"rendered":"Informe anual 2025"},"content":{"rendered":"\t\t<div data-elementor-type=\"wp-page\" data-elementor-id=\"6013\" class=\"elementor elementor-6013 elementor-5966\" data-elementor-post-type=\"page\">\n\t\t\t\t\t\t<section class=\"elementor-section elementor-top-section elementor-element elementor-element-457f226 elementor-section-boxed elementor-section-height-default elementor-section-height-default\" data-id=\"457f226\" data-element_type=\"section\" data-e-type=\"section\">\n\t\t\t\t\t\t<div class=\"elementor-container elementor-column-gap-default\">\n\t\t\t\t\t<div class=\"elementor-column elementor-col-100 elementor-top-column elementor-element elementor-element-8e22922\" data-id=\"8e22922\" data-element_type=\"column\" data-e-type=\"column\">\n\t\t\t<div class=\"elementor-widget-wrap elementor-element-populated\">\n\t\t\t\t\t\t<div class=\"elementor-element elementor-element-fb2c90e elementor-widget elementor-widget-text-editor\" data-id=\"fb2c90e\" data-element_type=\"widget\" data-e-type=\"widget\" data-widget_type=\"text-editor.default\">\n\t\t\t\t<div class=\"elementor-widget-container\">\n\t\t\t\t\t\t\t\t\t<h1>Informe anual 2025<\/h1><p>Queridos amigos de nuestro proyecto: Ha comenzado un nuevo a\u00f1o y les deseamos a ustedes y a sus familias todo lo mejor, mucha suerte y salud para el a\u00f1o 2026. Echemos juntos un vistazo al a\u00f1o 2025 y a nuestro proyecto Comida para todos.<\/p><p>Si se busca en Google \u00abTurismo en Mallorca 2025\u00bb, se obtiene el siguiente resultado, generado por IA:<\/p><p>\u00abEl turismo en Mallorca en 2025 se caracteriza por cifras r\u00e9cord en el n\u00famero de visitantes, pero tambi\u00e9n por crecientes cr\u00edticas y protestas, con nuevos hoteles de lujo y normas medioambientales m\u00e1s estrictas que aumentan la presi\u00f3n sobre las infraestructuras, mientras que el n\u00famero de turistas alemanes disminuye ligeramente, pero sigue siendo elevado. Se est\u00e1 produciendo un cambio hacia un turismo m\u00e1s sostenible y se presta m\u00e1s atenci\u00f3n a la concienciaci\u00f3n de los visitantes, aunque el turismo de masas sigue siendo dominante\u00bb.<\/p><p>Lo que falta es la perspectiva de la poblaci\u00f3n local, que tambi\u00e9n se enfrenta a un enorme aumento del coste de la vida debido al cambio y a la exclusividad cada vez mayor del turismo.<\/p><p>El alquiler medio por metro cuadrado es de unos 18,50 \u20ac (en 2025), con aumentos significativos.<\/p><p>Por lo tanto, Mallorca es cada vez m\u00e1s cara tanto para los turistas como para los residentes, siendo los alquileres y los servicios b\u00e1sicos los mayores retos.<\/p><p>Ya en 2024 abordamos el tema de la \u00abpobreza en la vejez\u00bb aqu\u00ed en Mallorca y, mediante donaciones espec\u00edficas, ayudamos a algunas personas mayores con la compra de alimentos.<\/p><p>En 2025 ampliamos este compromiso y, junto con otras organizaciones como Herztat, Canamut y SI Mallorca, hemos establecido contacto con personas que no tienen lo suficiente para vivir.<\/p><p>Pero, \u00bfqu\u00e9 significa esto realmente? Apoyamos a personas mayores que ya no pueden trabajar y a las que, tras deducir todos los gastos mensuales, les quedan menos de 200 euros para vivir.<\/p><p>Actualmente solo ayudamos a personas espa\u00f1olas, como por ejemplo a una se\u00f1ora que recibe una pensi\u00f3n de 380 euros y cuyo alquiler cuesta actualmente 190 euros. Ella y otras seis personas mayores reciben de nosotros 100 euros al mes para comprar alimentos, de modo que puedan cubrir sus necesidades b\u00e1sicas.<\/p><p>Tambi\u00e9n nos hemos comprometido a ayudar a familias necesitadas. En el marco de nuestro proyecto<\/p><p>\u00abComida para todos\u00bb, no miramos hacia otro lado cuando nos llegan llamadas de auxilio. Como la de un padre de 70 a\u00f1os cuya hija, separada, madre de una ni\u00f1a de 2 a\u00f1os y embarazada de su segundo hijo, sin coche y sin la pensi\u00f3n alimenticia del padre de sus hijos, ya no puede mantener sola a su peque\u00f1a familia.<\/p><p>Aqu\u00ed prestamos ayuda r\u00e1pida y sin burocracia gracias a las donaciones de particulares comprometidos y, con nuestros conductores Marcos y Heri, hacemos compras espec\u00edficas de alimentos en un supermercado Lidl cercano a los afectados. As\u00ed, el a\u00f1o pasado pudimos ayudar a 12 familias con compras espec\u00edficas.<\/p><p>Por supuesto, las compras se supervisan y se fija de antemano el importe m\u00e1ximo que no puede superar el ticket de caja.<\/p><p>Adem\u00e1s, hemos ayudado a 20 familias con una peque\u00f1a sorpresa navide\u00f1a, financiando bolsas de Navidad.<\/p><p>Estos dos \u00abproyectos especiales\u00bb, la pobreza en la tercera edad y el apoyo a familias necesitadas, requieren un gran esfuerzo por parte de nuestro personal, que nuestros miembros voluntarios dedican adem\u00e1s a nuestro proyecto Comida para todos.<\/p><p>En 2025 volvimos a tener mucho \u00e9xito y, con nuestros dos camiones frigor\u00edficos, recogimos aproximadamente<\/p><p>350 000 kg, principalmente fruta y verdura, en las tiendas Lidl de la isla y los hemos distribuido a las organizaciones humanitarias.<\/p><p><strong>Aqu\u00ed puede obtener una visi\u00f3n general de los productos distribuidos y las organizaciones humanitarias:<\/strong><\/p><p><a href=\"https:\/\/lionsclubpalma.com\/es\/ong-jahresbericht-es\/\" rel=\"attachment wp-att-6016\"><img fetchpriority=\"high\" decoding=\"async\" class=\"alignnone size-full wp-image-6016\" src=\"https:\/\/lionsclubpalma.com\/wp-content\/uploads\/ONG-Jahresbericht-es.jpg\" alt=\"\" width=\"1063\" height=\"459\" srcset=\"https:\/\/lionsclubpalma.com\/wp-content\/uploads\/ONG-Jahresbericht-es.jpg 1063w, https:\/\/lionsclubpalma.com\/wp-content\/uploads\/ONG-Jahresbericht-es-300x130.jpg 300w, https:\/\/lionsclubpalma.com\/wp-content\/uploads\/ONG-Jahresbericht-es-1024x442.jpg 1024w, https:\/\/lionsclubpalma.com\/wp-content\/uploads\/ONG-Jahresbericht-es-768x332.jpg 768w\" sizes=\"(max-width: 1063px) 100vw, 1063px\" \/><\/a><\/p><h2><strong>Conducimos 6 (\u00a1!) d\u00edas a la semana. Aqu\u00ed est\u00e1n las estad\u00edsticas para los meses de enero a diciembre de 2025:<\/strong><\/h2><p><a href=\"https:\/\/lionsclubpalma.com\/es\/tabelle-es\/\" rel=\"attachment wp-att-6018\"><img decoding=\"async\" class=\"alignnone size-full wp-image-6018 lazyload\" data-src=\"https:\/\/lionsclubpalma.com\/wp-content\/uploads\/Tabelle-es.jpg\" alt=\"\" width=\"1084\" height=\"513\" data-srcset=\"https:\/\/lionsclubpalma.com\/wp-content\/uploads\/Tabelle-es.jpg 1084w, https:\/\/lionsclubpalma.com\/wp-content\/uploads\/Tabelle-es-300x142.jpg 300w, https:\/\/lionsclubpalma.com\/wp-content\/uploads\/Tabelle-es-1024x485.jpg 1024w, https:\/\/lionsclubpalma.com\/wp-content\/uploads\/Tabelle-es-768x363.jpg 768w\" data-sizes=\"(max-width: 1084px) 100vw, 1084px\" src=\"data:image\/svg+xml;base64,PHN2ZyB3aWR0aD0iMSIgaGVpZ2h0PSIxIiB4bWxucz0iaHR0cDovL3d3dy53My5vcmcvMjAwMC9zdmciPjwvc3ZnPg==\" style=\"--smush-placeholder-width: 1084px; --smush-placeholder-aspect-ratio: 1084\/513;\" \/><\/a><\/p><p><a href=\"https:\/\/lionsclubpalma.com\/es\/ong-jahresbericht-2-es\/\" rel=\"attachment wp-att-6020\"><img decoding=\"async\" class=\"alignnone size-full wp-image-6020 lazyload\" data-src=\"https:\/\/lionsclubpalma.com\/wp-content\/uploads\/ONG-Jahresbericht-2-es.jpg\" alt=\"\" width=\"1090\" height=\"549\" data-srcset=\"https:\/\/lionsclubpalma.com\/wp-content\/uploads\/ONG-Jahresbericht-2-es.jpg 1090w, https:\/\/lionsclubpalma.com\/wp-content\/uploads\/ONG-Jahresbericht-2-es-300x151.jpg 300w, https:\/\/lionsclubpalma.com\/wp-content\/uploads\/ONG-Jahresbericht-2-es-1024x516.jpg 1024w, https:\/\/lionsclubpalma.com\/wp-content\/uploads\/ONG-Jahresbericht-2-es-768x387.jpg 768w\" data-sizes=\"(max-width: 1090px) 100vw, 1090px\" src=\"data:image\/svg+xml;base64,PHN2ZyB3aWR0aD0iMSIgaGVpZ2h0PSIxIiB4bWxucz0iaHR0cDovL3d3dy53My5vcmcvMjAwMC9zdmciPjwvc3ZnPg==\" style=\"--smush-placeholder-width: 1090px; --smush-placeholder-aspect-ratio: 1090\/549;\" \/><\/a><\/p><h2>\u00bfQu\u00e9 m\u00e1s ha pasado en el Lions Club Palma durante el \u00faltimo a\u00f1o? Aqu\u00ed tienes un peque\u00f1o resumen de nuestros eventos y actividades:<\/h2><p>El 18 de mayo de 2025, LIO Mallorca organiz\u00f3 una gala ben\u00e9fica a favor de nuestro proyecto. M\u00e1s de 200 invitados disfrutaron del espect\u00e1culo \u00abRegreso al futuro\u00bb y de una exquisita cena de gala a cargo de Andreu Genestra y Felip Moreno. Esa noche recaudamos unos 13 000 euros para nuestro proyecto y queremos dar las gracias a todos los donantes y, en especial, a LIO Mallorca.<\/p><p>Dimos la bienvenida al club a dos nuevos miembros: Laura Hanke y Lutz Minkner, nuestro amigo y colaborador del club desde hace muchos a\u00f1os.<\/p><p>En el marco de nuestra reuni\u00f3n de cambio de mandato celebrada el 30 de junio, tambi\u00e9n se despidi\u00f3 como se merec\u00eda a Dagmar Daum de Waard, tras cinco a\u00f1os de presidencia, y se reconoci\u00f3 su enorme contribuci\u00f3n al club y al proyecto.<\/p><p>Por supuesto, seguir\u00e1 fiel al club como expresidenta y tesorera, y en el futuro se dedicar\u00e1 a su proyecto m\u00e1s querido, Comida para todos.<\/p><p>Desde el 1 de julio, la nueva presidenta es Sandra Aertken. Sandra es miembro fundador de nuestro club y ya fue presidenta hace unos a\u00f1os. En los \u00faltimos a\u00f1os ha sido secretaria y asesora jur\u00eddica. Sandra est\u00e1 casada, tiene dos hijos y un bufete de abogados en Palma. Nos alegramos de que haya aceptado el cargo y le deseamos todo lo mejor y mucho \u00e9xito.<\/p><p>Lamentablemente, hemos tenido que despedirnos de un viejo amigo y compa\u00f1ero de viaje.<\/p><p>El 1 de junio falleci\u00f3 Jaume Santandreu a la edad de 86 a\u00f1os. Dirigi\u00f3 el proyecto de su vida, \u00abCan Gaza\u00bb, uno de nuestros primeros puntos de entrega. Le guardaremos un recuerdo imborrable.<\/p><p>El 14 de septiembre tuvo lugar un evento especial para nuestro club y nuestro proyecto \u00abComida Para Todos\u00bb. Celebramos el 15.\u00ba aniversario de nuestro proyecto con nuestra familia del proyecto, nuestros fieles donantes y colaboradores en la finca ole\u00edcola \u00abTreurer\u00bb en Algaida.<\/p><p>Los 50 invitados pudieron disfrutar de una interesante visita guiada por la plantaci\u00f3n, con informaci\u00f3n sobre la plantaci\u00f3n, el cuidado, la cosecha y, finalmente, el procesamiento de las aceitunas de alta calidad. A continuaci\u00f3n, nos deleitaron con pa amb oli, una tabla de quesos y vinos patrocinados por Macia Batle. Una tarde redonda que reforz\u00f3 los lazos familiares entre los donantes\/colaboradores y los voluntarios del Lions Club Palma.<\/p><p>El 5 de diciembre tuvo lugar nuestra cena de gala ben\u00e9fica en el Yara de Puerto Portals. En esta ocasi\u00f3n, bajo el lema \u00abLa magia de las m\u00e1scaras\u00bb, 120 invitados, la mayor\u00eda enmascarados y elegantemente vestidos, celebraron la ocasi\u00f3n.<\/p><p>Por supuesto, todos brindaron por el 15.\u00ba aniversario del proyecto y se compraron muchos boletos y se subastaron cuadros. De este modo, se recaudaron 16 000 euros para nuestro proyecto.<\/p><p>Muchas gracias tambi\u00e9n a los diligentes miembros voluntarios y aspirantes, que participaron activamente y con gran entusiasmo en la planificaci\u00f3n, organizaci\u00f3n y realizaci\u00f3n de estos eventos. Tambi\u00e9n a aquellos que se colocaron en diferentes campos de golf y repartieron pelotas de golf a cambio de donativos. Cada acci\u00f3n es importante y cuenta.<\/p><p>Como es sabido, una imagen vale m\u00e1s que mil palabras, por lo que en la siguiente p\u00e1gina encontrar\u00e1 un peque\u00f1o resumen del a\u00f1o en im\u00e1genes de los eventos y momentos destacados del Lions Club Palma 2025.<\/p><p>Las fotos de los eventos en el LIO y Yara nos las ha facilitado Tom\u00e0s Moya, a quien damos las gracias.<\/p><p>Queremos expresar nuestro m\u00e1s sincero agradecimiento a todos nuestros colaboradores y donantes. Necesitamos urgentemente su ayuda, por lo que les rogamos que sigan apoy\u00e1ndonos para que podamos continuar con nuestro proyecto \u00abComida para todos\u00bb, que tanto nos importa.<\/p><p><strong><em>Un cordial saludo y nuestros mejores deseos para el a\u00f1o 2026<\/em><\/strong><\/p><ul><li>&#8211; El Club Lions Palma de Mallorca con la presidenta Sandra Aertken<br \/>&#8211; Direcci\u00f3n del proyecto de log\u00edstica: Wolfgang Kr\u00e4mer, Direcci\u00f3n del proyecto de personal: Dagmar Daum de Waard<br \/>&#8211; Gerentes del proyecto: Claudia Joest y Claudia Schmaler<\/li><\/ul><p>Contacto\/comentarios\/redacci\u00f3n: Wolfgang Kr\u00e4mer y Claudia Schmaler<br \/>wkraemer@lionsclubpalma.com Claudia.schmaler@lionsclubpalma.com<br \/>Si lo desea, le expediremos un certificado de donaci\u00f3n. Para ello, necesitamos su nombre, direcci\u00f3n, n\u00famero de identificaci\u00f3n fiscal y oficina de Hacienda correspondiente.<\/p><p><em><strong>Donaciones mediante transferencia bancaria o<\/strong><\/em><br \/><em><strong>PayPal Lions Club Palma de Mallorca<\/strong><\/em><br \/><em><strong>Comida para todos<\/strong><\/em><br \/><em><strong>IBAN: ES62 2100 4379 6302 0005 0026 Banco: La Caixa<\/strong><\/em><\/p><p><a href=\"https:\/\/lionsclubpalma.com\/es\/bilder-2025-2-2\/\" rel=\"attachment wp-att-5990\"><img decoding=\"async\" class=\"alignnone size-full wp-image-5990 lazyload\" data-src=\"https:\/\/lionsclubpalma.com\/wp-content\/uploads\/Bilder-2025-1.jpg\" alt=\"\" width=\"1380\" height=\"1294\" data-srcset=\"https:\/\/lionsclubpalma.com\/wp-content\/uploads\/Bilder-2025-1.jpg 1380w, https:\/\/lionsclubpalma.com\/wp-content\/uploads\/Bilder-2025-1-300x281.jpg 300w, https:\/\/lionsclubpalma.com\/wp-content\/uploads\/Bilder-2025-1-1024x960.jpg 1024w, https:\/\/lionsclubpalma.com\/wp-content\/uploads\/Bilder-2025-1-768x720.jpg 768w\" data-sizes=\"(max-width: 1380px) 100vw, 1380px\" src=\"data:image\/svg+xml;base64,PHN2ZyB3aWR0aD0iMSIgaGVpZ2h0PSIxIiB4bWxucz0iaHR0cDovL3d3dy53My5vcmcvMjAwMC9zdmciPjwvc3ZnPg==\" style=\"--smush-placeholder-width: 1380px; --smush-placeholder-aspect-ratio: 1380\/1294;\" \/><\/a><\/p>\t\t\t\t\t\t\t\t<\/div>\n\t\t\t\t<\/div>\n\t\t\t\t\t<\/div>\n\t\t<\/div>\n\t\t\t\t\t<\/div>\n\t\t<\/section>\n\t\t\t\t<\/div>\n\t\t","protected":false},"excerpt":{"rendered":"<p>Informe anual 2025 Queridos amigos de nuestro proyecto: Ha comenzado un nuevo a\u00f1o y les deseamos a ustedes y a sus familias todo lo mejor, mucha suerte y salud para [&hellip;]<\/p>\n","protected":false},"author":1,"featured_media":0,"parent":2268,"menu_order":0,"comment_status":"closed","ping_status":"closed","template":"","meta":{"ocean_post_layout":"","ocean_both_sidebars_style":"","ocean_both_sidebars_content_width":0,"ocean_both_sidebars_sidebars_width":0,"ocean_sidebar":"0","ocean_second_sidebar":"0","ocean_disable_margins":"enable","ocean_add_body_class":"","ocean_shortcode_before_top_bar":"","ocean_shortcode_after_top_bar":"","ocean_shortcode_before_header":"","ocean_shortcode_after_header":"","ocean_has_shortcode":"","ocean_shortcode_after_title":"","ocean_shortcode_before_footer_widgets":"","ocean_shortcode_after_footer_widgets":"","ocean_shortcode_before_footer_bottom":"","ocean_shortcode_after_footer_bottom":"","ocean_display_top_bar":"default","ocean_display_header":"default","ocean_header_style":"","ocean_center_header_left_menu":"0","ocean_custom_header_template":"0","ocean_custom_logo":0,"ocean_custom_retina_logo":0,"ocean_custom_logo_max_width":0,"ocean_custom_logo_tablet_max_width":0,"ocean_custom_logo_mobile_max_width":0,"ocean_custom_logo_max_height":0,"ocean_custom_logo_tablet_max_height":0,"ocean_custom_logo_mobile_max_height":0,"ocean_header_custom_menu":"0","ocean_menu_typo_font_family":"0","ocean_menu_typo_font_subset":"","ocean_menu_typo_font_size":0,"ocean_menu_typo_font_size_tablet":0,"ocean_menu_typo_font_size_mobile":0,"ocean_menu_typo_font_size_unit":"px","ocean_menu_typo_font_weight":"","ocean_menu_typo_font_weight_tablet":"","ocean_menu_typo_font_weight_mobile":"","ocean_menu_typo_transform":"","ocean_menu_typo_transform_tablet":"","ocean_menu_typo_transform_mobile":"","ocean_menu_typo_line_height":0,"ocean_menu_typo_line_height_tablet":0,"ocean_menu_typo_line_height_mobile":0,"ocean_menu_typo_line_height_unit":"","ocean_menu_typo_spacing":0,"ocean_menu_typo_spacing_tablet":0,"ocean_menu_typo_spacing_mobile":0,"ocean_menu_typo_spacing_unit":"","ocean_menu_link_color":"","ocean_menu_link_color_hover":"","ocean_menu_link_color_active":"","ocean_menu_link_background":"","ocean_menu_link_hover_background":"","ocean_menu_link_active_background":"","ocean_menu_social_links_bg":"","ocean_menu_social_hover_links_bg":"","ocean_menu_social_links_color":"","ocean_menu_social_hover_links_color":"","ocean_disable_title":"default","ocean_disable_heading":"default","ocean_post_title":"","ocean_post_subheading":"","ocean_post_title_style":"","ocean_post_title_background_color":"","ocean_post_title_background":0,"ocean_post_title_bg_image_position":"","ocean_post_title_bg_image_attachment":"","ocean_post_title_bg_image_repeat":"","ocean_post_title_bg_image_size":"","ocean_post_title_height":0,"ocean_post_title_bg_overlay":0.5,"ocean_post_title_bg_overlay_color":"","ocean_disable_breadcrumbs":"default","ocean_breadcrumbs_color":"","ocean_breadcrumbs_separator_color":"","ocean_breadcrumbs_links_color":"","ocean_breadcrumbs_links_hover_color":"","ocean_display_footer_widgets":"default","ocean_display_footer_bottom":"default","ocean_custom_footer_template":"0","footnotes":""},"class_list":["post-6013","page","type-page","status-publish","hentry","entry"],"_links":{"self":[{"href":"https:\/\/lionsclubpalma.com\/es\/wp-json\/wp\/v2\/pages\/6013","targetHints":{"allow":["GET"]}}],"collection":[{"href":"https:\/\/lionsclubpalma.com\/es\/wp-json\/wp\/v2\/pages"}],"about":[{"href":"https:\/\/lionsclubpalma.com\/es\/wp-json\/wp\/v2\/types\/page"}],"author":[{"embeddable":true,"href":"https:\/\/lionsclubpalma.com\/es\/wp-json\/wp\/v2\/users\/1"}],"replies":[{"embeddable":true,"href":"https:\/\/lionsclubpalma.com\/es\/wp-json\/wp\/v2\/comments?post=6013"}],"version-history":[{"count":4,"href":"https:\/\/lionsclubpalma.com\/es\/wp-json\/wp\/v2\/pages\/6013\/revisions"}],"predecessor-version":[{"id":6024,"href":"https:\/\/lionsclubpalma.com\/es\/wp-json\/wp\/v2\/pages\/6013\/revisions\/6024"}],"up":[{"embeddable":true,"href":"https:\/\/lionsclubpalma.com\/es\/wp-json\/wp\/v2\/pages\/2268"}],"wp:attachment":[{"href":"https:\/\/lionsclubpalma.com\/es\/wp-json\/wp\/v2\/media?parent=6013"}],"curies":[{"name":"wp","href":"https:\/\/api.w.org\/{rel}","templated":true}]}}