{"id":6084,"date":"2026-04-30T11:38:49","date_gmt":"2026-04-30T11:38:49","guid":{"rendered":"https:\/\/lionsclubpalma.com\/comida-para-todos\/informe-de-situacion-del-primer-trimestre-de-2026\/"},"modified":"2026-04-30T12:02:40","modified_gmt":"2026-04-30T12:02:40","slug":"informe-de-situacion-del-primer-trimestre-de-2026","status":"publish","type":"page","link":"https:\/\/lionsclubpalma.com\/es\/comida-para-todos\/informe-de-situacion-del-primer-trimestre-de-2026\/","title":{"rendered":"Informe de situaci\u00f3n del primer trimestre de 2026"},"content":{"rendered":"\t\t<div data-elementor-type=\"wp-page\" data-elementor-id=\"6084\" class=\"elementor elementor-6084 elementor-6070\" data-elementor-post-type=\"page\">\n\t\t\t\t\t\t<section class=\"elementor-section elementor-top-section elementor-element elementor-element-457f226 elementor-section-boxed elementor-section-height-default elementor-section-height-default\" data-id=\"457f226\" data-element_type=\"section\" data-e-type=\"section\">\n\t\t\t\t\t\t<div class=\"elementor-container elementor-column-gap-default\">\n\t\t\t\t\t<div class=\"elementor-column elementor-col-100 elementor-top-column elementor-element elementor-element-8e22922\" data-id=\"8e22922\" data-element_type=\"column\" data-e-type=\"column\">\n\t\t\t<div class=\"elementor-widget-wrap elementor-element-populated\">\n\t\t\t\t\t\t<div class=\"elementor-element elementor-element-fb2c90e elementor-widget elementor-widget-text-editor\" data-id=\"fb2c90e\" data-element_type=\"widget\" data-e-type=\"widget\" data-widget_type=\"text-editor.default\">\n\t\t\t\t<div class=\"elementor-widget-container\">\n\t\t\t\t\t\t\t\t\t<h1 class=\"TextA\"><span style=\"color: black;\">Informe de situaci\u00f3n del primer trimestre de 2026<\/span><\/h1><p>Queridos amigos de nuestro proyecto:<\/p><p>hoy queremos informarles sobre el inicio del a\u00f1o 2026 de nuestro proyecto \u00abComida para todos\u00bb.<\/p><p>Los meses de enero a marzo transcurrieron con relativa tranquilidad. Lamentablemente, por primera vez en a\u00f1os, Lidl no llev\u00f3 a cabo su campa\u00f1a navide\u00f1a de chocolates. Debido al aumento de los precios, Lidl ha actuado con mucha prudencia y solo hemos podido distribuir muy pocos dulces a las organizaciones de ayuda.<\/p><p>Esto tambi\u00e9n pone de manifiesto el reto adicional al que nos enfrentaremos en el futuro: el fuerte aumento de los precios de las materias primas hace que los alimentos \u2014sobre todo los frescos y saludables, un bien a\u00fan m\u00e1s inasequible.<\/p><p>La guerra en Ucrania hace que grandes zonas de cultivo no sean utilizables a largo plazo. La guerra en Oriente Medio provoca un aumento extremo de los precios de las materias primas y del transporte, lo que contribuye a que los precios de los alimentos se mantengan altos a largo plazo. Actualmente estamos notando una mayor demanda por parte de todas las organizaciones de ayuda y bancos de alimentos.<\/p><p>La cantidad de mercanc\u00eda que distribuimos en el primer trimestre se mantuvo pr\u00e1cticamente al nivel del a\u00f1o anterior. Esperamos poder mantener esta tendencia. Sin embargo, tambi\u00e9n notamos el encarecimiento generalizado, ya que nuestros costes de transporte aumentan debido al incremento de los precios del gas\u00f3leo. \u00a1Esperemos que pronto vuelva a reinar la paz!<\/p><p>Apoyemos juntos a las personas que cada d\u00eda tienen dificultades para mantenerse a s\u00ed mismas y a sus familias. Tambi\u00e9n en este nuevo a\u00f1o nos ocuparemos de \u00abcasos individuales\u00bb, en su mayor\u00eda personas mayores que ya no tienen suficiente dinero para vivir y que no tienen posibilidad de recibir m\u00e1s ayuda de la familia o de las autoridades. Por supuesto, llevamos a cabo una exhaustiva \u00abverificaci\u00f3n de antecedentes\u00bb antes de ayudar de forma totalmente individualizada, por ejemplo, con la compra de alimentos. Este compromiso requiere mucho tiempo a nuestros miembros que participan en esta iniciativa. Pero el esfuerzo y el trabajo merecen la pena, ya que llegamos tambi\u00e9n a personas a las que les resulta imposible acudir a nuestras organizaciones de ayuda para recoger all\u00ed alimentos.<\/p><p>En nuestro informe del tercer trimestre del a\u00f1o pasado hablamos de una de las organizaciones de ayuda a las que suministramos tres veces por semana: Associaci\u00f2 Tardor.<\/p><p>Afortunadamente, se han conseguido nuevas instalaciones en las que, desde finales de marzo, ya se han podido cocinar y distribuir las primeras comidas; sin embargo, se siguen buscando voluntarios que ayuden en la clasificaci\u00f3n, distribuci\u00f3n y preparaci\u00f3n de los alimentos. \u00bfLe gustar\u00eda ayudar?<\/p><p>P\u00f3ngase en contacto con nosotros (encontrar\u00e1 las direcciones de correo electr\u00f3nico al final de este informe).<\/p><p><strong>Realizamos entregas 6 (\u00a1!) d\u00edas a la semana. Aqu\u00ed tiene las estad\u00edsticas correspondientes a los meses de enero a marzo de 2026:<\/strong><\/p><p><a href=\"https:\/\/lionsclubpalma.com\/es\/ong1-2-2\/\" rel=\"attachment wp-att-6073\"><img fetchpriority=\"high\" decoding=\"async\" class=\"alignnone size-full wp-image-6073\" src=\"https:\/\/lionsclubpalma.com\/wp-content\/uploads\/ONG1-1.jpg\" alt=\"\" width=\"1828\" height=\"904\" srcset=\"https:\/\/lionsclubpalma.com\/wp-content\/uploads\/ONG1-1.jpg 1828w, https:\/\/lionsclubpalma.com\/wp-content\/uploads\/ONG1-1-300x148.jpg 300w, https:\/\/lionsclubpalma.com\/wp-content\/uploads\/ONG1-1-1024x506.jpg 1024w, https:\/\/lionsclubpalma.com\/wp-content\/uploads\/ONG1-1-768x380.jpg 768w, https:\/\/lionsclubpalma.com\/wp-content\/uploads\/ONG1-1-1536x760.jpg 1536w\" sizes=\"(max-width: 1828px) 100vw, 1828px\" \/><\/a><\/p><table width=\"624\"><tbody><tr><td width=\"331\"><p>Horas de voluntariado realizadas por<br \/>nuestros miembros<\/p><\/td><td width=\"293\"><p><strong>665<\/strong><strong> Horas<\/strong><\/p><\/td><\/tr><tr><td width=\"331\"><p>D\u00edas de trabajo remunerados<\/p><\/td><td width=\"293\"><p><strong>121<\/strong><\/p><\/td><\/tr><tr><td width=\"331\"><p>Distancia recorrida<\/p><\/td><td width=\"293\"><p><strong>17.583<\/strong><strong> km<\/strong><\/p><\/td><\/tr><tr><td width=\"331\"><p>Costes de salarios\/combustible\/alquiler\/3 meses<\/p><\/td><td width=\"293\"><p><strong>28.942,- EUR +\/- <\/strong>(2 camiones\/2 conductores)<\/p><\/td><\/tr><tr><td width=\"331\"><p>Mercanc\u00eda fresca transportada: fruta\/verdura<\/p><\/td><td width=\"293\"><p><strong>78.706 kg <\/strong><strong>(80 646 kg en el primer<br \/><\/strong><strong>trimestre de 2025)<\/strong><\/p><\/td><\/tr><tr><td width=\"331\"><p>Total de mercanc\u00eda distribuida<\/p><\/td><td width=\"293\"><p><strong>Ca. 85.000 kg<\/strong><\/p><\/td><\/tr><tr><td width=\"331\"><p>Personas necesitadas a las que llegamos<\/p><\/td><td width=\"293\"><p><strong>10.000 +\/- Person<\/strong><strong>as<\/strong><\/p><\/td><\/tr><tr><td width=\"331\"><p>Fruta y verdura por persona atendida<\/p><\/td><td width=\"293\"><p><strong>2,6 kg <\/strong>al mes<\/p><\/td><\/tr><\/tbody><\/table><p>\u00a0<\/p><p>Equivale a 37 c\u00e9ntimos por kilo de fruta\/verdura (resultado de 2025: media anual de 33 c\u00e9ntimos)<\/p><h2 class=\"TextA\"><span style=\"font-size: 12.0pt; color: black;\">Organizaciones ben\u00e9ficas de Mallorca a las que el Lions Club Palma suministra y apoya:<\/span><\/h2><table><tbody><tr><td width=\"120\"><strong>Lunes<\/strong><\/td><td width=\"120\"><strong>Martes<\/strong><\/td><td width=\"109\"><strong>Miercoles<\/strong><\/td><td width=\"104\"><strong>Jueves<\/strong><\/td><td width=\"95\"><strong>Viernes<\/strong><\/td><td width=\"94\"><strong>Sabado<\/strong><\/td><\/tr><tr><td width=\"120\">Mallorca Sense Fam<\/td><td width=\"120\">Mallorca Sense Fam<\/td><td width=\"109\">Mallorca Sense Fam<\/td><td width=\"104\">Can Gaza<\/td><td width=\"95\">Can Gaza<\/td><td width=\"94\">Can Gaza<\/td><\/tr><tr><td width=\"120\">Can Gaza<\/td><td width=\"120\">\u00a0Avaso<\/td><td width=\"109\">Tardor<\/td><td width=\"104\">Tu Hada Madrina<\/td><td width=\"95\">Tardor<\/td><td width=\"94\">\u00a0<\/td><\/tr><tr><td width=\"120\">Zaqueo<\/td><td width=\"120\">Tardor<\/td><td width=\"109\">Tu Hada Madrina<\/td><td width=\"104\">Tardor<\/td><td width=\"95\">Zaqueo<\/td><td width=\"94\">\u00a0<\/td><\/tr><tr><td width=\"120\">Templarios<\/td><td width=\"120\">\u00a0<\/td><td width=\"109\">Concordia<\/td><td width=\"104\">\u00a0<\/td><td width=\"95\">\u00a0<\/td><td width=\"94\">\u00a0<\/td><\/tr><\/tbody><\/table><p>Adem\u00e1s Cada 14 d\u00edas: ONG Canamut Palma, ONG Noble Solidari Santa Eugenia\u00a0\u00a0\u00a0\u00a0\u00a0\u00a0\u00a0\u00a0\u00a0\u00a0\u00a0\u00a0\u00a0\u00a0\u00a0\u00a0\u00a0\u00a0\u00a0\u00a0\u00a0\u00a0\u00a0\u00a0\u00a0\u00a0\u00a0\u00a0\u00a0\u00a0\u00a0\u00a0\u00a0\u00a0\u00a0\u00a0\u00a0\u00a0\u00a0\u00a0\u00a0\u00a0\u00a0\u00a0\u00a0\u00a0 \u00a0\u00a0<\/p><p>Queremos expresar nuestro m\u00e1s sincero agradecimiento a todos nuestros colaboradores y donantes. Necesitamos su ayuda con urgencia, por lo que les pedimos que sigan apoy\u00e1ndonos para que nuestro proyecto \u00abComida para todos\u00bb pueda continuar.<\/p><p>Nuestro pr\u00f3ximo informe se publicar\u00e1 en julio de 2026. Cu\u00eddense mucho y disfruten de la primavera.<\/p><p>Un cordial saludo<\/p><ul><li>&#8211; el <strong>Lions Club Palma de Mallorca <\/strong>con su presidenta Sandra Aertken<\/li><li>&#8211; Responsable de log\u00edstica: Wolfgang Kr\u00e4mer, responsable de personal: Dagmar Daum de Waard<\/li><li>&#8211; Gestoras del proyecto: Claudia Joest y Claudia Schmaler<\/li><\/ul><p>Contacto\/Comentarios\/Redacci\u00f3n: Wolfgang Kr\u00e4mer y Claudia Schmaler\u00a0\u00a0\u00a0\u00a0\u00a0\u00a0\u00a0\u00a0\u00a0\u00a0\u00a0\u00a0\u00a0\u00a0\u00a0\u00a0\u00a0\u00a0\u00a0\u00a0\u00a0\u00a0\u00a0\u00a0\u00a0\u00a0 \u00a0\u00a0<a href=\"mailto:wkraemer@lionsclubpalma.com\">wkraemer@lionsclubpalma.com<\/a>\u00a0\u00a0\u00a0\u00a0\u00a0\u00a0\u00a0 Claudia.schmaler@lionsclubpalma.com<\/p><p><strong>Spenden durch Bank\u00fcberweisung oder PayPal<br \/><\/strong><strong>Lions Club Palma de Mallorca<br \/><\/strong><strong>Comida para todos<br \/><\/strong><strong>IBAN: ES62 2100 4379 6302 0005 0026\u00a0\u00a0\u00a0 Bank: La Caixa <\/strong><\/p><p>Spendenbescheinigungen werden auf Wunsch gerne f\u00fcr Sie erstellt. Wir ben\u00f6tigen daf\u00fcr: Name, Anschrift, Steuernummer und zust\u00e4ndiges Finanzamt.<\/p>\t\t\t\t\t\t\t\t<\/div>\n\t\t\t\t<\/div>\n\t\t\t\t\t<\/div>\n\t\t<\/div>\n\t\t\t\t\t<\/div>\n\t\t<\/section>\n\t\t\t\t<\/div>\n\t\t","protected":false},"excerpt":{"rendered":"<p>Informe de situaci\u00f3n del primer trimestre de 2026 Queridos amigos de nuestro proyecto: hoy queremos informarles sobre el inicio del a\u00f1o 2026 de nuestro proyecto \u00abComida para todos\u00bb. Los meses [&hellip;]<\/p>\n","protected":false},"author":1,"featured_media":0,"parent":2268,"menu_order":0,"comment_status":"closed","ping_status":"closed","template":"","meta":{"ocean_post_layout":"","ocean_both_sidebars_style":"","ocean_both_sidebars_content_width":0,"ocean_both_sidebars_sidebars_width":0,"ocean_sidebar":"0","ocean_second_sidebar":"0","ocean_disable_margins":"enable","ocean_add_body_class":"","ocean_shortcode_before_top_bar":"","ocean_shortcode_after_top_bar":"","ocean_shortcode_before_header":"","ocean_shortcode_after_header":"","ocean_has_shortcode":"","ocean_shortcode_after_title":"","ocean_shortcode_before_footer_widgets":"","ocean_shortcode_after_footer_widgets":"","ocean_shortcode_before_footer_bottom":"","ocean_shortcode_after_footer_bottom":"","ocean_display_top_bar":"default","ocean_display_header":"default","ocean_header_style":"","ocean_center_header_left_menu":"0","ocean_custom_header_template":"0","ocean_custom_logo":0,"ocean_custom_retina_logo":0,"ocean_custom_logo_max_width":0,"ocean_custom_logo_tablet_max_width":0,"ocean_custom_logo_mobile_max_width":0,"ocean_custom_logo_max_height":0,"ocean_custom_logo_tablet_max_height":0,"ocean_custom_logo_mobile_max_height":0,"ocean_header_custom_menu":"0","ocean_menu_typo_font_family":"0","ocean_menu_typo_font_subset":"","ocean_menu_typo_font_size":0,"ocean_menu_typo_font_size_tablet":0,"ocean_menu_typo_font_size_mobile":0,"ocean_menu_typo_font_size_unit":"px","ocean_menu_typo_font_weight":"","ocean_menu_typo_font_weight_tablet":"","ocean_menu_typo_font_weight_mobile":"","ocean_menu_typo_transform":"","ocean_menu_typo_transform_tablet":"","ocean_menu_typo_transform_mobile":"","ocean_menu_typo_line_height":0,"ocean_menu_typo_line_height_tablet":0,"ocean_menu_typo_line_height_mobile":0,"ocean_menu_typo_line_height_unit":"","ocean_menu_typo_spacing":0,"ocean_menu_typo_spacing_tablet":0,"ocean_menu_typo_spacing_mobile":0,"ocean_menu_typo_spacing_unit":"","ocean_menu_link_color":"","ocean_menu_link_color_hover":"","ocean_menu_link_color_active":"","ocean_menu_link_background":"","ocean_menu_link_hover_background":"","ocean_menu_link_active_background":"","ocean_menu_social_links_bg":"","ocean_menu_social_hover_links_bg":"","ocean_menu_social_links_color":"","ocean_menu_social_hover_links_color":"","ocean_disable_title":"default","ocean_disable_heading":"default","ocean_post_title":"","ocean_post_subheading":"","ocean_post_title_style":"","ocean_post_title_background_color":"","ocean_post_title_background":0,"ocean_post_title_bg_image_position":"","ocean_post_title_bg_image_attachment":"","ocean_post_title_bg_image_repeat":"","ocean_post_title_bg_image_size":"","ocean_post_title_height":0,"ocean_post_title_bg_overlay":0.5,"ocean_post_title_bg_overlay_color":"","ocean_disable_breadcrumbs":"default","ocean_breadcrumbs_color":"","ocean_breadcrumbs_separator_color":"","ocean_breadcrumbs_links_color":"","ocean_breadcrumbs_links_hover_color":"","ocean_display_footer_widgets":"default","ocean_display_footer_bottom":"default","ocean_custom_footer_template":"0","footnotes":""},"class_list":["post-6084","page","type-page","status-publish","hentry","entry"],"_links":{"self":[{"href":"https:\/\/lionsclubpalma.com\/es\/wp-json\/wp\/v2\/pages\/6084","targetHints":{"allow":["GET"]}}],"collection":[{"href":"https:\/\/lionsclubpalma.com\/es\/wp-json\/wp\/v2\/pages"}],"about":[{"href":"https:\/\/lionsclubpalma.com\/es\/wp-json\/wp\/v2\/types\/page"}],"author":[{"embeddable":true,"href":"https:\/\/lionsclubpalma.com\/es\/wp-json\/wp\/v2\/users\/1"}],"replies":[{"embeddable":true,"href":"https:\/\/lionsclubpalma.com\/es\/wp-json\/wp\/v2\/comments?post=6084"}],"version-history":[{"count":7,"href":"https:\/\/lionsclubpalma.com\/es\/wp-json\/wp\/v2\/pages\/6084\/revisions"}],"predecessor-version":[{"id":6091,"href":"https:\/\/lionsclubpalma.com\/es\/wp-json\/wp\/v2\/pages\/6084\/revisions\/6091"}],"up":[{"embeddable":true,"href":"https:\/\/lionsclubpalma.com\/es\/wp-json\/wp\/v2\/pages\/2268"}],"wp:attachment":[{"href":"https:\/\/lionsclubpalma.com\/es\/wp-json\/wp\/v2\/media?parent=6084"}],"curies":[{"name":"wp","href":"https:\/\/api.w.org\/{rel}","templated":true}]}}